{"id":1169,"date":"2025-09-23T11:45:21","date_gmt":"2025-09-23T11:45:21","guid":{"rendered":"https:\/\/dih4society.ro\/?page_id=1169"},"modified":"2025-09-25T08:56:23","modified_gmt":"2025-09-25T08:56:23","slug":"servicii-de-formare","status":"publish","type":"page","link":"https:\/\/dih4society.ro\/en\/servicii-de-formare\/","title":{"rendered":"Training Services"},"content":{"rendered":"<div data-elementor-type=\"wp-page\" data-elementor-id=\"1169\" class=\"elementor elementor-1169\" data-elementor-post-type=\"page\">\n\t\t\t\t<div class=\"elementor-element elementor-element-0439392 e-flex e-con-boxed e-con e-parent\" data-id=\"0439392\" data-element_type=\"container\" data-e-type=\"container\" data-settings=\"{&quot;background_background&quot;:&quot;classic&quot;}\">\n\t\t\t\t\t<div class=\"e-con-inner\">\n\t\t<div class=\"elementor-element elementor-element-e3eb46b e-con-full e-flex e-con e-child\" data-id=\"e3eb46b\" data-element_type=\"container\" data-e-type=\"container\">\n\t\t<div class=\"elementor-element elementor-element-745cb92 e-con-full e-flex e-con e-child\" data-id=\"745cb92\" data-element_type=\"container\" data-e-type=\"container\">\n\t\t\t\t<\/div>\n\t\t\t\t<\/div>\n\t\t\t\t\t<\/div>\n\t\t\t\t<\/div>\n\t\t<div class=\"elementor-element elementor-element-882b051 e-flex e-con-boxed e-con e-parent\" data-id=\"882b051\" data-element_type=\"container\" data-e-type=\"container\">\n\t\t\t\t\t<div class=\"e-con-inner\">\n\t\t<div class=\"elementor-element elementor-element-7a31ae0 e-con-full e-flex e-con e-child\" data-id=\"7a31ae0\" data-element_type=\"container\" data-e-type=\"container\">\n\t\t<div class=\"elementor-element elementor-element-291ab28 e-con-full e-flex elementor-invisible e-con e-child\" data-id=\"291ab28\" data-element_type=\"container\" data-e-type=\"container\" data-settings=\"{&quot;animation&quot;:&quot;fadeInUp&quot;}\">\n\t\t<div class=\"elementor-element elementor-element-63aee66 e-con-full e-flex elementor-invisible e-con e-child\" data-id=\"63aee66\" data-element_type=\"container\" data-e-type=\"container\" data-settings=\"{&quot;animation&quot;:&quot;fadeInUp&quot;}\">\n\t\t<div class=\"elementor-element elementor-element-15e756b e-con-full e-flex elementor-invisible e-con e-child\" data-id=\"15e756b\" data-element_type=\"container\" data-e-type=\"container\" data-settings=\"{&quot;animation&quot;:&quot;fadeInUp&quot;}\">\n\t\t\t\t<div class=\"elementor-element elementor-element-1747eac elementor-icon-list--layout-traditional elementor-list-item-link-full_width elementor-widget elementor-widget-icon-list\" data-id=\"1747eac\" data-element_type=\"widget\" data-e-type=\"widget\" data-widget_type=\"icon-list.default\">\n\t\t\t\t\t\t\t<ul class=\"elementor-icon-list-items\">\n\t\t\t\t\t\t\t<li class=\"elementor-icon-list-item\">\n\t\t\t\t\t\t\t\t\t\t\t<span class=\"elementor-icon-list-icon\">\n\t\t\t\t\t\t\t<svg aria-hidden=\"true\" class=\"e-font-icon-svg e-fas-genderless\" viewbox=\"0 0 288 512\" xmlns=\"http:\/\/www.w3.org\/2000\/svg\"><path d=\"M144 176c44.1 0 80 35.9 80 80s-35.9 80-80 80-80-35.9-80-80 35.9-80 80-80m0-64C64.5 112 0 176.5 0 256s64.5 144 144 144 144-64.5 144-144-64.5-144-144-144z\"><\/path><\/svg>\t\t\t\t\t\t<\/span>\n\t\t\t\t\t\t\t\t\t\t<span class=\"elementor-icon-list-text\">Service Names<\/span>\n\t\t\t\t\t\t\t\t\t<\/li>\n\t\t\t\t\t\t<\/ul>\n\t\t\t\t\t\t<\/div>\n\t\t\t\t<\/div>\n\t\t<div class=\"elementor-element elementor-element-0f0bcc1 e-con-full e-flex e-con e-child\" data-id=\"0f0bcc1\" data-element_type=\"container\" data-e-type=\"container\">\n\t\t\t\t<div class=\"elementor-element elementor-element-33353c5 elementor-widget__width-inherit elementor-widget elementor-widget-text-editor\" data-id=\"33353c5\" data-element_type=\"widget\" data-e-type=\"widget\" data-widget_type=\"text-editor.default\">\n\t\t\t\t\t\t\t\t\t<ul><li>Digital Marketing<\/li><li>Cyber Security defender<\/li><li>Cybersecurity for All (Level 1)<\/li><li>Cybersecurity for All (Level 2)<\/li><li>Digital Enterprise Architect<\/li><li>Digital Marketing<\/li><li>Digital transformation manager<\/li><li>RPA (soft-robots process<br \/>automation)<\/li><li>Industrial network security<\/li><li>Smart building security<\/li><li>Smart robotics for Healthcare<\/li><li>Smart robotics for industry (Package A)<\/li><li>Smart robotics for industry (Package B)<\/li><li>Smart robotics for industry (Package C)<\/li><\/ul>\t\t\t\t\t\t\t\t<\/div>\n\t\t\t\t<div class=\"elementor-element elementor-element-c6a8ff3 elementor-widget__width-inherit elementor-widget elementor-widget-text-editor\" data-id=\"c6a8ff3\" data-element_type=\"widget\" data-e-type=\"widget\" data-widget_type=\"text-editor.default\">\n\t\t\t\t\t\t\t\t\t<ul><li>Smart robotics for product-service systems (Package A)<\/li><li>Smart robotics for product-service systems (Package B)<\/li><li>Smart robotics for the public sector<\/li><li>Specialization in cybersecurity for industry<\/li><li>Specialization in cybersecurity for the public secto<\/li><li>Specialization in digitalization for Healthcare<\/li><li>Specialization in digitalization<\/li><li>Specialization in digitalization for the public sector<\/li><\/ul>\t\t\t\t\t\t\t\t<\/div>\n\t\t\t\t<\/div>\n\t\t\t\t<\/div>\n\t\t\t\t<\/div>\n\t\t\t\t<div class=\"elementor-element elementor-element-8effb3e elementor-align-center elementor-mobile-align-center elementor-widget elementor-widget-button\" data-id=\"8effb3e\" data-element_type=\"widget\" data-e-type=\"widget\" data-widget_type=\"button.default\">\n\t\t\t\t\t\t\t\t\t\t<a class=\"elementor-button elementor-button-link elementor-size-sm\" href=\"https:\/\/dih4society.ro\/wp-content\/uploads\/2025\/09\/WP3-SERVICII-DE-FORMARE.docx\" target=\"_blank\">\n\t\t\t\t\t\t<span class=\"elementor-button-content-wrapper\">\n\t\t\t\t\t\t<span class=\"elementor-button-icon\">\n\t\t\t\t<svg aria-hidden=\"true\" class=\"e-font-icon-svg e-fas-arrow-circle-right\" viewbox=\"0 0 512 512\" xmlns=\"http:\/\/www.w3.org\/2000\/svg\"><path d=\"M256 8c137 0 248 111 248 248S393 504 256 504 8 393 8 256 119 8 256 8zm-28.9 143.6l75.5 72.4H120c-13.3 0-24 10.7-24 24v16c0 13.3 10.7 24 24 24h182.6l-75.5 72.4c-9.7 9.3-9.9 24.8-.4 34.3l11 10.9c9.4 9.4 24.6 9.4 33.9 0L404.3 273c9.4-9.4 9.4-24.6 0-33.9L271.6 106.3c-9.4-9.4-24.6-9.4-33.9 0l-11 10.9c-9.5 9.6-9.3 25.1.4 34.4z\"><\/path><\/svg>\t\t\t<\/span>\n\t\t\t\t\t\t\t\t\t<span class=\"elementor-button-text\">Download the full document<\/span>\n\t\t\t\t\t<\/span>\n\t\t\t\t\t<\/a>\n\t\t\t\t\t\t\t\t<\/div>\n\t\t\t\t<\/div>\n\t\t\t\t\t<\/div>\n\t\t\t\t<\/div>\n\t\t\t\t<\/div>","protected":false},"excerpt":{"rendered":"<p>Denumirea Serviciilor Marketing Digital Cyber Security defender Securitate cibernetic\u0103 pentru to\u021bi (nivel 1) Securitate cibernetic\u0103 pentru to\u021bi (nivel 2) Arhitect intreprindere digital\u0103 Marketing Digital Manager transformare digital\u0103 RPA (soft-robots processautomation) Securitatea re\u021belelor industriale Securitate cl\u0103diri inteligente Robotica inteligenta pentru S\u0103n\u0103tate Robotica inteligenta pentru industrie (Pachetul A) Robotica inteligenta pentru industrie (Pachetul B) Robotica inteligenta pentru [&hellip;]<\/p>\n","protected":false},"author":1,"featured_media":0,"parent":0,"menu_order":0,"comment_status":"closed","ping_status":"closed","template":"","meta":{"footnotes":""},"class_list":["post-1169","page","type-page","status-publish","hentry"],"_links":{"self":[{"href":"https:\/\/dih4society.ro\/en\/wp-json\/wp\/v2\/pages\/1169","targetHints":{"allow":["GET"]}}],"collection":[{"href":"https:\/\/dih4society.ro\/en\/wp-json\/wp\/v2\/pages"}],"about":[{"href":"https:\/\/dih4society.ro\/en\/wp-json\/wp\/v2\/types\/page"}],"author":[{"embeddable":true,"href":"https:\/\/dih4society.ro\/en\/wp-json\/wp\/v2\/users\/1"}],"replies":[{"embeddable":true,"href":"https:\/\/dih4society.ro\/en\/wp-json\/wp\/v2\/comments?post=1169"}],"version-history":[{"count":31,"href":"https:\/\/dih4society.ro\/en\/wp-json\/wp\/v2\/pages\/1169\/revisions"}],"predecessor-version":[{"id":1769,"href":"https:\/\/dih4society.ro\/en\/wp-json\/wp\/v2\/pages\/1169\/revisions\/1769"}],"wp:attachment":[{"href":"https:\/\/dih4society.ro\/en\/wp-json\/wp\/v2\/media?parent=1169"}],"curies":[{"name":"wp","href":"https:\/\/api.w.org\/{rel}","templated":true}]}}