{"id":2139,"date":"2026-01-13T13:24:09","date_gmt":"2026-01-13T10:24:09","guid":{"rendered":"https:\/\/dih4society.ro\/?page_id=2139"},"modified":"2026-01-13T13:29:21","modified_gmt":"2026-01-13T10:29:21","slug":"descriere-servicii-apel-2-de-selectie-institutii-publice-din-sectorul-de-sanatate","status":"publish","type":"page","link":"https:\/\/dih4society.ro\/en\/descriere-servicii-apel-2-de-selectie-institutii-publice-din-sectorul-de-sanatate\/","title":{"rendered":"Descriere servicii &#8211; Apel 2 de selec\u021bie Institu\u021bii Publice din sectorul de s\u0103n\u0103tate"},"content":{"rendered":"<div data-elementor-type=\"wp-page\" data-elementor-id=\"2139\" class=\"elementor elementor-2139\" data-elementor-post-type=\"page\">\n\t\t\t\t<div class=\"elementor-element elementor-element-1952a3a e-flex e-con-boxed e-con e-parent\" data-id=\"1952a3a\" data-element_type=\"container\" data-e-type=\"container\" data-settings=\"{&quot;background_background&quot;:&quot;classic&quot;}\">\n\t\t\t\t\t<div class=\"e-con-inner\">\n\t\t<div class=\"elementor-element elementor-element-439cb34 e-con-full e-flex e-con e-child\" data-id=\"439cb34\" data-element_type=\"container\" data-e-type=\"container\">\n\t\t<div class=\"elementor-element elementor-element-11aa809 e-con-full e-flex e-con e-child\" data-id=\"11aa809\" data-element_type=\"container\" data-e-type=\"container\">\n\t\t\t\t<\/div>\n\t\t\t\t<\/div>\n\t\t\t\t\t<\/div>\n\t\t\t\t<\/div>\n\t\t<div class=\"elementor-element elementor-element-fa20d29 e-flex e-con-boxed e-con e-parent\" data-id=\"fa20d29\" data-element_type=\"container\" data-e-type=\"container\">\n\t\t\t\t\t<div class=\"e-con-inner\">\n\t\t<div class=\"elementor-element elementor-element-e240544 e-con-full e-flex elementor-invisible e-con e-child\" data-id=\"e240544\" data-element_type=\"container\" data-e-type=\"container\" data-settings=\"{&quot;animation&quot;:&quot;fadeInUp&quot;}\">\n\t\t\t\t<div class=\"elementor-element elementor-element-65d6237 elementor-widget elementor-widget-text-editor\" data-id=\"65d6237\" data-element_type=\"widget\" data-e-type=\"widget\" data-widget_type=\"text-editor.default\">\n\t\t\t\t\t\t\t\t\t<table width=\"1047\"><tbody><tr><td width=\"26\"><strong>Nr.<\/strong><\/td><td width=\"412\"><strong>Services<\/strong><\/td><td width=\"463\"><strong>Beneficii<\/strong><\/td><td width=\"146\"><strong>Valoare servicii <\/strong>(euro)<\/td><\/tr><tr><td width=\"26\">1<\/td><td width=\"412\">Demararea \u0219i evaluarea parcursului transform\u0103rii digitale<\/td><td width=\"463\">Evaluarea maturit\u0103\u021bii digitale a institu\u021biei, utilizand instrumente si metodologii furnizate de c\u0103tre Comisia European\u0103.<\/td><td width=\"146\">509,11<\/td><\/tr><tr><td width=\"26\">2<\/td><td width=\"412\">Monitorizarea vulnerabilit\u0103\u021bilor de securitate cibernetic\u0103<\/td><td width=\"463\">Vizualizarea tipurilor \u0219i intensit\u0103\u021bilor atacurilor cibernetice \u0219i furnizarea de informa\u021bii pentru planurile viitoare de reducere a vulnerabilit\u0103\u021bilor.<\/td><td width=\"146\">1789,26<\/td><\/tr><tr><td width=\"26\">3<\/td><td width=\"412\">Optimization of the application portfolio<\/td><td width=\"463\">Auditul aplica\u021biilor software utilizate in institu\u021bie, \u00een raport cu procesele organiza\u021bionale.<br \/>Cunoa\u0219terea aplica\u021biilor care trebuie p\u0103strate, \u00eenlocuite sau actualizate\/modernizate; identificarea aplica\u021biilor noi ce trebuie achizi\u021bionate sau dezvoltate; clarificarea investi\u021biilor \u00een proiecte de digitalizare.<\/td><td width=\"146\">3752,54<\/td><\/tr><tr><td width=\"26\">4<\/td><td width=\"412\">Servicii de consultan\u021b\u0103 Pentest<\/td><td width=\"463\">Analiza securit\u0103\u021bii re\u021belei prin simularea unui atacator pentru a identifica lacunele \u00een infrastructur\u0103. Micsorarea riscului de penetrare.<\/td><td width=\"146\">2523,25<\/td><\/tr><tr><td width=\"26\">5<\/td><td width=\"412\">Curs: Securitate Cibernetic\u0103 pentru to\u021bi (nivel 1)<\/td><td width=\"463\">\u00cen\u021belegerea amenin\u021b\u0103rilor cibernetice \u0219i a m\u0103surilor de protec\u021bie de baz\u0103; reducerea vulnerabilit\u0103\u021bilor umane.<\/td><td width=\"146\">490,18<\/td><\/tr><tr><td width=\"26\">6<\/td><td width=\"412\">Curs: Securitate Cibernetic\u0103 pentru to\u021bi (nivel 2)<\/td><td width=\"463\">\u00cen\u021belegerea ecosistemului criminalit\u0103\u021bii informatice \u0219i abordarea acestuia prin politici organiza\u021bionale.<\/td><td width=\"146\">825,68<\/td><\/tr><tr><td width=\"26\">7<\/td><td width=\"412\">Curs: Cyber Security Defender<\/td><td width=\"463\">\u00censu\u0219irea capacit\u0103\u021bii de a ac\u021biona ca \u0219i consultant sau angajat privind ap\u0103rarea organiza\u021biei \u00eempotriva amenin\u021b\u0103rilor cibernetice.<\/td><td width=\"146\">1362,06<\/td><\/tr><tr><td width=\"26\">8<\/td><td width=\"412\">Curs: Securitate cl\u0103diri inteligente<\/td><td width=\"463\">\u00cenv\u0103\u021barea proiect\u0103rii instala\u021biilor pentru sisteme de control \u0219i monitorizare pentru Cl\u0103diri Inteligente \u0219i IoT \u00eentr-un mediu sigur \u0219i securizat.<\/td><td width=\"146\">1043,83<\/td><\/tr><\/tbody><\/table>\t\t\t\t\t\t\t\t<\/div>\n\t\t\t\t<\/div>\n\t\t\t\t\t<\/div>\n\t\t\t\t<\/div>\n\t\t\t\t<\/div>","protected":false},"excerpt":{"rendered":"<p>Nr. Servicii Beneficii Valoare servicii (euro) 1 Demararea \u0219i evaluarea parcursului transform\u0103rii digitale Evaluarea maturit\u0103\u021bii digitale a institu\u021biei, utilizand instrumente si metodologii furnizate de c\u0103tre Comisia European\u0103. 509,11 2 Monitorizarea vulnerabilit\u0103\u021bilor de securitate cibernetic\u0103 Vizualizarea tipurilor \u0219i intensit\u0103\u021bilor atacurilor cibernetice \u0219i furnizarea de informa\u021bii pentru planurile viitoare de reducere a vulnerabilit\u0103\u021bilor. 1789,26 3 Optimizarea portofoliului [&hellip;]<\/p>\n","protected":false},"author":1,"featured_media":0,"parent":0,"menu_order":0,"comment_status":"closed","ping_status":"closed","template":"","meta":{"footnotes":""},"class_list":["post-2139","page","type-page","status-publish","hentry"],"_links":{"self":[{"href":"https:\/\/dih4society.ro\/en\/wp-json\/wp\/v2\/pages\/2139","targetHints":{"allow":["GET"]}}],"collection":[{"href":"https:\/\/dih4society.ro\/en\/wp-json\/wp\/v2\/pages"}],"about":[{"href":"https:\/\/dih4society.ro\/en\/wp-json\/wp\/v2\/types\/page"}],"author":[{"embeddable":true,"href":"https:\/\/dih4society.ro\/en\/wp-json\/wp\/v2\/users\/1"}],"replies":[{"embeddable":true,"href":"https:\/\/dih4society.ro\/en\/wp-json\/wp\/v2\/comments?post=2139"}],"version-history":[{"count":7,"href":"https:\/\/dih4society.ro\/en\/wp-json\/wp\/v2\/pages\/2139\/revisions"}],"predecessor-version":[{"id":2146,"href":"https:\/\/dih4society.ro\/en\/wp-json\/wp\/v2\/pages\/2139\/revisions\/2146"}],"wp:attachment":[{"href":"https:\/\/dih4society.ro\/en\/wp-json\/wp\/v2\/media?parent=2139"}],"curies":[{"name":"wp","href":"https:\/\/api.w.org\/{rel}","templated":true}]}}