{"id":2152,"date":"2026-01-13T13:40:40","date_gmt":"2026-01-13T10:40:40","guid":{"rendered":"https:\/\/dih4society.ro\/?page_id=2152"},"modified":"2026-01-13T13:41:07","modified_gmt":"2026-01-13T10:41:07","slug":"descriere-servicii-apel-5-de-selectie-imm","status":"publish","type":"page","link":"https:\/\/dih4society.ro\/en\/descriere-servicii-apel-5-de-selectie-imm\/","title":{"rendered":"Descriere servicii &#8211; Apel 5 de selec\u021bie IMM"},"content":{"rendered":"\t\t<div data-elementor-type=\"wp-page\" data-elementor-id=\"2152\" class=\"elementor elementor-2152\" data-elementor-post-type=\"page\">\n\t\t\t\t<div class=\"elementor-element elementor-element-8183f92 e-flex e-con-boxed e-con e-parent\" data-id=\"8183f92\" data-element_type=\"container\" data-e-type=\"container\" data-settings=\"{&quot;background_background&quot;:&quot;classic&quot;}\">\n\t\t\t\t\t<div class=\"e-con-inner\">\n\t\t<div class=\"elementor-element elementor-element-2c0a0a9 e-con-full e-flex e-con e-child\" data-id=\"2c0a0a9\" data-element_type=\"container\" data-e-type=\"container\">\n\t\t<div class=\"elementor-element elementor-element-fa20f8a e-con-full e-flex e-con e-child\" data-id=\"fa20f8a\" data-element_type=\"container\" data-e-type=\"container\">\n\t\t\t\t<\/div>\n\t\t\t\t<\/div>\n\t\t\t\t\t<\/div>\n\t\t\t\t<\/div>\n\t\t<div class=\"elementor-element elementor-element-9e8952b e-flex e-con-boxed e-con e-parent\" data-id=\"9e8952b\" data-element_type=\"container\" data-e-type=\"container\">\n\t\t\t\t\t<div class=\"e-con-inner\">\n\t\t<div class=\"elementor-element elementor-element-679354b e-con-full e-flex elementor-invisible e-con e-child\" data-id=\"679354b\" data-element_type=\"container\" data-e-type=\"container\" data-settings=\"{&quot;animation&quot;:&quot;fadeInUp&quot;}\">\n\t\t\t\t<div class=\"elementor-element elementor-element-5b9dbf3 elementor-widget elementor-widget-text-editor\" data-id=\"5b9dbf3\" data-element_type=\"widget\" data-e-type=\"widget\" data-widget_type=\"text-editor.default\">\n\t\t\t\t\t\t\t\t\t<table width=\"985\" data-sheets-root=\"1\" data-sheets-baot=\"1\"><tbody><tr><td width=\"25\"><strong>Nr.<\/strong><\/td><td width=\"391\"><strong>Denumire serviciu<\/strong><\/td><td width=\"421\"><strong>Descriere servicii<\/strong><\/td><td width=\"148\"><strong>Valoare Servicii<\/strong> (euro)<\/td><\/tr><tr><td width=\"25\">1<\/td><td width=\"391\">Demararea \u0219i evaluarea parcursului transform\u0103rii digitale<\/td><td>Evaluarea maturit\u0103\u021bii digitale a companiei, utiliz\u00e2nd instrumente \u0219i metodologii furnizate de c\u0103tre Comisia European\u0103.<\/td><td width=\"148\">509,11<\/td><\/tr><tr><td width=\"25\">2<\/td><td width=\"391\">Monitorizarea vulnerabilit\u0103\u021bilor de securitate cibernetic\u0103<\/td><td>Vizualizarea tipurilor \u0219i intensit\u0103\u021bilor atacurilor cibernetice \u0219i furnizarea de informa\u021bii pentru planurile viitoare de reducere a vulnerabilit\u0103\u021bilor.<\/td><td width=\"148\">1789,26<\/td><\/tr><tr><td width=\"25\">3<\/td><td width=\"391\">Curs: Securitatea Cibernetic\u0103 pentru To\u021bi [nivelul 2]<\/td><td>\u00cen\u021belegerea ecosistemului criminalit\u0103\u021bii informatice \u0219i abordarea acestuia prin politici organiza\u021bionale.<\/td><td width=\"148\">825,68<\/td><\/tr><tr><td width=\"25\">4<\/td><td width=\"391\">Facilitare participare beneficiari la Conferin\u021ba Interna\u021bional\u0103 de Transformare Digital\u0103 DIH4Society<\/td><td>Participarea la o conferinta care are ca scop consolidarea unui ecosistem regional rezilient de transformare digital\u0103 cu efect catalizator la nivel na\u021bional, prin inovare eficient\u0103 \u0219i conexiuni intersectoriale (produc\u021bie, sector public, s\u0103n\u0103tate).<\/td><td width=\"148\">210,9<\/td><\/tr><tr><td width=\"25\">5<\/td><td width=\"391\">Raportarea gestion\u0103rii riscurilor cibernetice<\/td><td>Fundamentarea procesului de Management al Riscului Cibernetic \u00een companie \u0219i dezvoltarea Planului de Management al Riscului Cibernetic.<\/td><td width=\"148\">3752,71<\/td><\/tr><tr><td width=\"25\">6<\/td><td width=\"391\">Curs: Marketing Digital (Workshop)<\/td><td width=\"421\">Instruirea angaja\u021bilor despre beneficiile \u0219i modul practic de derulare a marketingului digital.<br \/>Promovarea brandurilor prin media digital\u0103 (internet, dispozitive mobile, publicitate display). Participan\u021bii \u00eenva\u021b\u0103 s\u0103-\u0219i configureze ecosistemul de canale pentru a atrage vizitatori \u0219i cump\u0103r\u0103tori.<\/td><td width=\"148\">752,2<\/td><\/tr><tr><td width=\"25\">7<\/td><td width=\"391\">Curs: Cyber Security defender<\/td><td>\u00censu\u0219irea capacit\u0103\u021bii de a ac\u021biona ca \u0219i consultant sau angajat privind ap\u0103rarea organiza\u021biei \u00eempotriva amenin\u021b\u0103rilor cibernetice.<\/td><td width=\"148\">1362,06<\/td><\/tr><tr><td width=\"25\">8<\/td><td>Acces la laboratoare \u0219i infrastructura de testare UTCN<\/td><td>Acces la laboratoare.<\/td><td>22397,46<\/td><\/tr><tr><td width=\"25\">9<\/td><td>Acces la laboratoare \u0219i infrastructura de testare UO<\/td><td>Acces la laboratoare.<\/td><td>1836,96<\/td><\/tr><tr><td width=\"25\">10<\/td><td>Parcurs de succes \u00een Inova\u021bia Digital\u0103<\/td><td>Ini\u021bierea, dezvoltarea, implementarea \u0219i exploatarea solu\u021biilor digitale pentru \u00eembun\u0103t\u0103\u021birea proceselor, a performan\u021bei for\u021bei de munc\u0103, a experien\u021bei clien\u021bilor sau introducerea de noi modele de afaceri.<\/td><td>37527,09<\/td><\/tr><tr><td width=\"25\">11<\/td><td>Curs: Manager transformare digitala<\/td><td>Cunoa\u0219terea modului de proiectare a unui plan de transformare digital\u0103 \u0219i implementarea acestuia \u00een practic\u0103.<\/td><td>2627,75<\/td><\/tr><tr><td width=\"25\">12<\/td><td>Arhitectura Digital\u0103 a \u00centreprinderii<\/td><td>Proiectarea Arhitecturii Digitale a \u00centreprinderii pentru a sus\u021bine transformarea digital\u0103 a companiei.<\/td><td>18507,33<\/td><\/tr><tr><td width=\"25\">13<\/td><td>Curs: Arhitect intreprindere digital\u0103<\/td><td>\u00cen\u021belegerea modelelor de afaceri bazate pe digitalizare (servitizare; sistem produs-serviciu) \u0219i unde \u0219i cum robotica inteligent\u0103 poate spori valoarea ad\u0103ugat\u0103 a acestor modele.<\/td><td>2863,2<\/td><\/tr><tr><td width=\"25\">14<\/td><td>Curs: Robotic\u0103 inteligent\u0103 pentru sisteme de produse-servicii [pachet A]<\/td><td>\u00cen\u021belegerea modelelor de afaceri bazate pe digitalizare (servitizare; sistem produs-serviciu) \u0219i unde \u0219i cum robotica inteligent\u0103 poate spori valoarea ad\u0103ugat\u0103 a acestor modele.<\/td><td>6775,23<\/td><\/tr><tr><td width=\"25\">15<\/td><td>Raspuns la incidente cibernetice<\/td><td>Proiectarea unui plan de r\u0103spuns (instrumente \u0219i proceduri) pentru identificarea, eliminarea \u0219i recuperarea dup\u0103 amenin\u021b\u0103ri cibernetice.<\/td><td>12326,87<\/td><\/tr><tr><td width=\"25\">16<\/td><td>Investiga\u021bii de securitate digitala<\/td><td>Serviciu dedicat organiza\u021biilor care au nevoie de dovezi \u00een instan\u021b\u0103. Include: Identificare, Conservare (izolarea datelor pentru a preveni alterarea), Analiz\u0103 (reconstituirea fragmentelor de date), Documentare \u0219i Prezentarea concluziilor.<\/td><td>12359<\/td><\/tr><tr><td width=\"25\">17<\/td><td>Optimizarea portofoliului de aplica\u021bii<\/td><td width=\"421\">Auditul aplica\u021biilor software utilizate \u00een companie, \u00een raport cu procesele organiza\u021bionale.<br \/>Cunoa\u0219terea aplica\u021biilor care trebuie p\u0103strate, \u00eenlocuite sau actualizate\/modernizate; identificarea aplica\u021biilor noi ce trebuie achizi\u021bionate sau dezvoltate; clarificarea investi\u021biilor \u00een proiecte de digitalizare.<\/td><td>3752,54<\/td><\/tr><tr><td width=\"25\">18<\/td><td>Curs: Robotica inteligenta pentru industrie Pachetul A<\/td><td>\u00cen\u021belegerea modului de programare a robo\u021bilor Kuka pentru aplica\u021bii de asamblare, manipulare, conturare \u0219i desenare.<\/td><td>5305,84<\/td><\/tr><tr><td width=\"25\">19<\/td><td>Curs: Specializare \u00een securitate cibernetic\u0103 pentru industrie<\/td><td>Cunoa\u0219terea modului de protejare a re\u021belelor de Tehnologie Opera\u021bional\u0103 \u0219i cum s\u0103 se respecte mandatele de securitate \u0219i reglement\u0103rile de conformitate.<\/td><td>12694,79<\/td><\/tr><tr><td width=\"25\">20<\/td><td>Facilitare participare pentru IMM-uri la sesiuni de brokeraj<\/td><td>Facilitarea accesului la inovarea proceselor, tehnologii digitale \u0219i servicii.<\/td><td>971,36<\/td><\/tr><tr><td width=\"25\">21<\/td><td>Facilitare participare la evenimente de matchmaking \/ B2B DIH4Society<\/td><td>Participarea la evenimente pentru demararea de parteneriate \u0219i crearea de conexiuni de \u00eencredere.<\/td><td>697,21<\/td><\/tr><\/tbody><\/table><p>\u00a0<\/p>\t\t\t\t\t\t\t\t<\/div>\n\t\t\t\t<\/div>\n\t\t\t\t\t<\/div>\n\t\t\t\t<\/div>\n\t\t\t\t<\/div>\n\t\t","protected":false},"excerpt":{"rendered":"<p>Nr. Denumire serviciu Descriere servicii Valoare Servicii (euro) 1 Demararea \u0219i evaluarea parcursului transform\u0103rii digitale Evaluarea maturit\u0103\u021bii digitale a companiei, utiliz\u00e2nd instrumente \u0219i metodologii furnizate de c\u0103tre Comisia European\u0103. 509,11 2 Monitorizarea vulnerabilit\u0103\u021bilor de securitate cibernetic\u0103 Vizualizarea tipurilor \u0219i intensit\u0103\u021bilor atacurilor cibernetice \u0219i furnizarea de informa\u021bii pentru planurile viitoare de reducere a vulnerabilit\u0103\u021bilor. 1789,26 3 [&hellip;]<\/p>\n","protected":false},"author":1,"featured_media":0,"parent":0,"menu_order":0,"comment_status":"closed","ping_status":"closed","template":"","meta":{"footnotes":""},"class_list":["post-2152","page","type-page","status-publish","hentry"],"_links":{"self":[{"href":"https:\/\/dih4society.ro\/en\/wp-json\/wp\/v2\/pages\/2152","targetHints":{"allow":["GET"]}}],"collection":[{"href":"https:\/\/dih4society.ro\/en\/wp-json\/wp\/v2\/pages"}],"about":[{"href":"https:\/\/dih4society.ro\/en\/wp-json\/wp\/v2\/types\/page"}],"author":[{"embeddable":true,"href":"https:\/\/dih4society.ro\/en\/wp-json\/wp\/v2\/users\/1"}],"replies":[{"embeddable":true,"href":"https:\/\/dih4society.ro\/en\/wp-json\/wp\/v2\/comments?post=2152"}],"version-history":[{"count":4,"href":"https:\/\/dih4society.ro\/en\/wp-json\/wp\/v2\/pages\/2152\/revisions"}],"predecessor-version":[{"id":2156,"href":"https:\/\/dih4society.ro\/en\/wp-json\/wp\/v2\/pages\/2152\/revisions\/2156"}],"wp:attachment":[{"href":"https:\/\/dih4society.ro\/en\/wp-json\/wp\/v2\/media?parent=2152"}],"curies":[{"name":"wp","href":"https:\/\/api.w.org\/{rel}","templated":true}]}}