{"id":2417,"date":"2026-03-10T17:10:04","date_gmt":"2026-03-10T14:10:04","guid":{"rendered":"https:\/\/dih4society.ro\/?page_id=2417"},"modified":"2026-03-10T17:13:04","modified_gmt":"2026-03-10T14:13:04","slug":"laboratoare","status":"publish","type":"page","link":"https:\/\/dih4society.ro\/en\/laboratoare\/","title":{"rendered":"Laboratoare"},"content":{"rendered":"<div data-elementor-type=\"wp-page\" data-elementor-id=\"2417\" class=\"elementor elementor-2417\" data-elementor-post-type=\"page\">\n\t\t\t\t<div class=\"elementor-element elementor-element-5c36691 e-flex e-con-boxed e-con e-parent\" data-id=\"5c36691\" data-element_type=\"container\" data-e-type=\"container\" data-settings=\"{&quot;background_background&quot;:&quot;classic&quot;}\">\n\t\t\t\t\t<div class=\"e-con-inner\">\n\t\t<div class=\"elementor-element elementor-element-3f29501 e-con-full e-flex e-con e-child\" data-id=\"3f29501\" data-element_type=\"container\" data-e-type=\"container\">\n\t\t<div class=\"elementor-element elementor-element-bbd02bb e-con-full e-flex e-con e-child\" data-id=\"bbd02bb\" data-element_type=\"container\" data-e-type=\"container\">\n\t\t\t\t<\/div>\n\t\t\t\t<\/div>\n\t\t\t\t\t<\/div>\n\t\t\t\t<\/div>\n\t\t<div class=\"elementor-element elementor-element-77dfd95 e-flex e-con-boxed e-con e-parent\" data-id=\"77dfd95\" data-element_type=\"container\" data-e-type=\"container\">\n\t\t\t\t\t<div class=\"e-con-inner\">\n\t\t\t\t<div class=\"elementor-element elementor-element-0194a11 elementor-posts__hover-none elementor-grid-3 elementor-grid-tablet-2 elementor-grid-mobile-1 elementor-posts--thumbnail-top elementor-card-shadow-yes elementor-widget elementor-widget-posts\" data-id=\"0194a11\" data-element_type=\"widget\" data-e-type=\"widget\" data-settings=\"{&quot;cards_row_gap&quot;:{&quot;unit&quot;:&quot;px&quot;,&quot;size&quot;:30,&quot;sizes&quot;:[]},&quot;pagination_type&quot;:&quot;numbers&quot;,&quot;cards_columns&quot;:&quot;3&quot;,&quot;cards_columns_tablet&quot;:&quot;2&quot;,&quot;cards_columns_mobile&quot;:&quot;1&quot;,&quot;cards_row_gap_laptop&quot;:{&quot;unit&quot;:&quot;px&quot;,&quot;size&quot;:&quot;&quot;,&quot;sizes&quot;:[]},&quot;cards_row_gap_tablet&quot;:{&quot;unit&quot;:&quot;px&quot;,&quot;size&quot;:&quot;&quot;,&quot;sizes&quot;:[]},&quot;cards_row_gap_mobile&quot;:{&quot;unit&quot;:&quot;px&quot;,&quot;size&quot;:&quot;&quot;,&quot;sizes&quot;:[]}}\" data-widget_type=\"posts.cards\">\n\t\t\t\t<div class=\"elementor-widget-container\">\n\t\t\t\t\t\t\t<div class=\"elementor-posts-container elementor-posts elementor-posts--skin-cards elementor-grid\" role=\"list\">\n\t\t\t\t<article class=\"elementor-post elementor-grid-item post-2587 post type-post status-publish format-standard has-post-thumbnail hentry category-laboratoare\" role=\"listitem\">\n\t\t\t<div class=\"elementor-post__card\">\n\t\t\t\t<a class=\"elementor-post__thumbnail__link\" href=\"https:\/\/dih4society.ro\/en\/laboratorul-de-sisteme-de-calcul-dedicate-si-incapsulate\/\" tabindex=\"-1\" ><div class=\"elementor-post__thumbnail\"><img fetchpriority=\"high\" decoding=\"async\" width=\"1384\" height=\"923\" src=\"https:\/\/dih4society.ro\/wp-content\/uploads\/2026\/04\/Laborator-UTCN-Laboratorul-de-Sisteme-de-calcul-dedicate-si-incapsulate.png\" class=\"attachment-full size-full wp-image-2588\" alt=\"\" srcset=\"https:\/\/dih4society.ro\/wp-content\/uploads\/2026\/04\/Laborator-UTCN-Laboratorul-de-Sisteme-de-calcul-dedicate-si-incapsulate.png 1384w, https:\/\/dih4society.ro\/wp-content\/uploads\/2026\/04\/Laborator-UTCN-Laboratorul-de-Sisteme-de-calcul-dedicate-si-incapsulate-300x200.png 300w, https:\/\/dih4society.ro\/wp-content\/uploads\/2026\/04\/Laborator-UTCN-Laboratorul-de-Sisteme-de-calcul-dedicate-si-incapsulate-1024x683.png 1024w, https:\/\/dih4society.ro\/wp-content\/uploads\/2026\/04\/Laborator-UTCN-Laboratorul-de-Sisteme-de-calcul-dedicate-si-incapsulate-768x512.png 768w, https:\/\/dih4society.ro\/wp-content\/uploads\/2026\/04\/Laborator-UTCN-Laboratorul-de-Sisteme-de-calcul-dedicate-si-incapsulate-18x12.png 18w\" sizes=\"(max-width: 1384px) 100vw, 1384px\" \/><\/div><\/a>\n\t\t\t\t<div class=\"elementor-post__text\">\n\t\t\t\t<h3 class=\"elementor-post__title\">\n\t\t\t<a href=\"https:\/\/dih4society.ro\/en\/laboratorul-de-sisteme-de-calcul-dedicate-si-incapsulate\/\" >\n\t\t\t\tLaboratorul de Sisteme de calcul dedicate \u0219i \u00eencapsulate\t\t\t<\/a>\n\t\t<\/h3>\n\t\t\t\t<div class=\"elementor-post__excerpt\">\n\t\t\t<p>\u00a0 Facilit\u0103\u021bi puse la dispozi\u021bie de c\u0103tre Laboratorul de Sisteme de calcul dedicate \u0219i \u00eencapsulate: Sisteme de dezvoltare pentru microcontroloare<\/p>\n\t\t<\/div>\n\t\t\n\t\t<a class=\"elementor-post__read-more\" href=\"https:\/\/dih4society.ro\/en\/laboratorul-de-sisteme-de-calcul-dedicate-si-incapsulate\/\" aria-label=\"Read more about Laboratorul de Sisteme de calcul dedicate \u0219i \u00eencapsulate\" tabindex=\"-1\" >\n\t\t\tRead more \u00bb\t\t<\/a>\n\n\t\t\t\t<\/div>\n\t\t\t\t<div class=\"elementor-post__meta-data\">\n\t\t\t\t\t<span class=\"elementor-post-date\">\n\t\t\t24 April 2026\t\t<\/span>\n\t\t\t\t<\/div>\n\t\t\t\t\t<\/div>\n\t\t<\/article>\n\t\t\t\t<article class=\"elementor-post elementor-grid-item post-2569 post type-post status-publish format-standard has-post-thumbnail hentry category-laboratoare\" role=\"listitem\">\n\t\t\t<div class=\"elementor-post__card\">\n\t\t\t\t<a class=\"elementor-post__thumbnail__link\" href=\"https:\/\/dih4society.ro\/en\/laborator-virtual-de-securitate-cibernetica\/\" tabindex=\"-1\" ><div class=\"elementor-post__thumbnail\"><img decoding=\"async\" width=\"1384\" height=\"923\" src=\"https:\/\/dih4society.ro\/wp-content\/uploads\/2026\/04\/Laborator-UTCN-Laborator-de-securitate-cibernetica-web.png\" class=\"attachment-full size-full wp-image-2580\" alt=\"\" srcset=\"https:\/\/dih4society.ro\/wp-content\/uploads\/2026\/04\/Laborator-UTCN-Laborator-de-securitate-cibernetica-web.png 1384w, https:\/\/dih4society.ro\/wp-content\/uploads\/2026\/04\/Laborator-UTCN-Laborator-de-securitate-cibernetica-web-300x200.png 300w, https:\/\/dih4society.ro\/wp-content\/uploads\/2026\/04\/Laborator-UTCN-Laborator-de-securitate-cibernetica-web-1024x683.png 1024w, https:\/\/dih4society.ro\/wp-content\/uploads\/2026\/04\/Laborator-UTCN-Laborator-de-securitate-cibernetica-web-768x512.png 768w, https:\/\/dih4society.ro\/wp-content\/uploads\/2026\/04\/Laborator-UTCN-Laborator-de-securitate-cibernetica-web-18x12.png 18w\" sizes=\"(max-width: 1384px) 100vw, 1384px\" \/><\/div><\/a>\n\t\t\t\t<div class=\"elementor-post__text\">\n\t\t\t\t<h3 class=\"elementor-post__title\">\n\t\t\t<a href=\"https:\/\/dih4society.ro\/en\/laborator-virtual-de-securitate-cibernetica\/\" >\n\t\t\t\tLaborator virtual de Securitate Cibernetic\u0103\t\t\t<\/a>\n\t\t<\/h3>\n\t\t\t\t<div class=\"elementor-post__excerpt\">\n\t\t\t<p>\u00a0 Facilit\u0103\u021bi puse la dispozi\u021bie prin Laborator virtual de Securitate Cibernetic\u0103: Ma\u0219ini virtuale de \u00eenv\u0103\u021bare \u0219i exersare a tehnicilor de<\/p>\n\t\t<\/div>\n\t\t\n\t\t<a class=\"elementor-post__read-more\" href=\"https:\/\/dih4society.ro\/en\/laborator-virtual-de-securitate-cibernetica\/\" aria-label=\"Read more about Laborator virtual de Securitate Cibernetic\u0103\" tabindex=\"-1\" >\n\t\t\tRead more \u00bb\t\t<\/a>\n\n\t\t\t\t<\/div>\n\t\t\t\t<div class=\"elementor-post__meta-data\">\n\t\t\t\t\t<span class=\"elementor-post-date\">\n\t\t\t24 April 2026\t\t<\/span>\n\t\t\t\t<\/div>\n\t\t\t\t\t<\/div>\n\t\t<\/article>\n\t\t\t\t<article class=\"elementor-post elementor-grid-item post-2560 post type-post status-publish format-standard has-post-thumbnail hentry category-laboratoare\" role=\"listitem\">\n\t\t\t<div class=\"elementor-post__card\">\n\t\t\t\t<a class=\"elementor-post__thumbnail__link\" href=\"https:\/\/dih4society.ro\/en\/laboratorul-de-control-industrial-pneumatic-si-de-control-inteligent-pentru-roboti\/\" tabindex=\"-1\" ><div class=\"elementor-post__thumbnail\"><img decoding=\"async\" width=\"1384\" height=\"923\" src=\"https:\/\/dih4society.ro\/wp-content\/uploads\/2026\/04\/Laborator-UTCN-Laborator-de-control-industrial-pneumatic-1.png\" class=\"attachment-full size-full wp-image-2567\" alt=\"\" srcset=\"https:\/\/dih4society.ro\/wp-content\/uploads\/2026\/04\/Laborator-UTCN-Laborator-de-control-industrial-pneumatic-1.png 1384w, https:\/\/dih4society.ro\/wp-content\/uploads\/2026\/04\/Laborator-UTCN-Laborator-de-control-industrial-pneumatic-1-300x200.png 300w, https:\/\/dih4society.ro\/wp-content\/uploads\/2026\/04\/Laborator-UTCN-Laborator-de-control-industrial-pneumatic-1-1024x683.png 1024w, https:\/\/dih4society.ro\/wp-content\/uploads\/2026\/04\/Laborator-UTCN-Laborator-de-control-industrial-pneumatic-1-768x512.png 768w, https:\/\/dih4society.ro\/wp-content\/uploads\/2026\/04\/Laborator-UTCN-Laborator-de-control-industrial-pneumatic-1-18x12.png 18w\" sizes=\"(max-width: 1384px) 100vw, 1384px\" \/><\/div><\/a>\n\t\t\t\t<div class=\"elementor-post__text\">\n\t\t\t\t<h3 class=\"elementor-post__title\">\n\t\t\t<a href=\"https:\/\/dih4society.ro\/en\/laboratorul-de-control-industrial-pneumatic-si-de-control-inteligent-pentru-roboti\/\" >\n\t\t\t\tLaboratorul de control industrial pneumatic \u0219i de control inteligent pentru robo\u021bi\t\t\t<\/a>\n\t\t<\/h3>\n\t\t\t\t<div class=\"elementor-post__excerpt\">\n\t\t\t<p>\u00a0 Facilit\u0103\u021bi puse la dispozi\u021bie de c\u0103tre Laboratorul de control industrial pneumatic \u0219i de control inteligent pentru robo\u021bi: Echipamente de<\/p>\n\t\t<\/div>\n\t\t\n\t\t<a class=\"elementor-post__read-more\" href=\"https:\/\/dih4society.ro\/en\/laboratorul-de-control-industrial-pneumatic-si-de-control-inteligent-pentru-roboti\/\" aria-label=\"Read more about Laboratorul de control industrial pneumatic \u0219i de control inteligent pentru robo\u021bi\" tabindex=\"-1\" >\n\t\t\tRead more \u00bb\t\t<\/a>\n\n\t\t\t\t<\/div>\n\t\t\t\t<div class=\"elementor-post__meta-data\">\n\t\t\t\t\t<span class=\"elementor-post-date\">\n\t\t\t24 April 2026\t\t<\/span>\n\t\t\t\t<\/div>\n\t\t\t\t\t<\/div>\n\t\t<\/article>\n\t\t\t\t<article class=\"elementor-post elementor-grid-item post-2551 post type-post status-publish format-standard has-post-thumbnail hentry category-laboratoare\" role=\"listitem\">\n\t\t\t<div class=\"elementor-post__card\">\n\t\t\t\t<a class=\"elementor-post__thumbnail__link\" href=\"https:\/\/dih4society.ro\/en\/laborator-icpe-bistrita-2\/\" tabindex=\"-1\" ><div class=\"elementor-post__thumbnail\"><img loading=\"lazy\" decoding=\"async\" width=\"1384\" height=\"923\" src=\"https:\/\/dih4society.ro\/wp-content\/uploads\/2026\/04\/Laborator-UTCN-Laboratorul-de-cercetare-Sisteme-Distribuite.png\" class=\"attachment-full size-full wp-image-2559\" alt=\"\" srcset=\"https:\/\/dih4society.ro\/wp-content\/uploads\/2026\/04\/Laborator-UTCN-Laboratorul-de-cercetare-Sisteme-Distribuite.png 1384w, https:\/\/dih4society.ro\/wp-content\/uploads\/2026\/04\/Laborator-UTCN-Laboratorul-de-cercetare-Sisteme-Distribuite-300x200.png 300w, https:\/\/dih4society.ro\/wp-content\/uploads\/2026\/04\/Laborator-UTCN-Laboratorul-de-cercetare-Sisteme-Distribuite-1024x683.png 1024w, https:\/\/dih4society.ro\/wp-content\/uploads\/2026\/04\/Laborator-UTCN-Laboratorul-de-cercetare-Sisteme-Distribuite-768x512.png 768w, https:\/\/dih4society.ro\/wp-content\/uploads\/2026\/04\/Laborator-UTCN-Laboratorul-de-cercetare-Sisteme-Distribuite-18x12.png 18w\" sizes=\"(max-width: 1384px) 100vw, 1384px\" \/><\/div><\/a>\n\t\t\t\t<div class=\"elementor-post__text\">\n\t\t\t\t<h3 class=\"elementor-post__title\">\n\t\t\t<a href=\"https:\/\/dih4society.ro\/en\/laborator-icpe-bistrita-2\/\" >\n\t\t\t\tLaboratorul de cercetare Sisteme Distribuite\t\t\t<\/a>\n\t\t<\/h3>\n\t\t\t\t<div class=\"elementor-post__excerpt\">\n\t\t\t<p>\u00a0 Facilit\u0103\u021bi puse la dispozi\u021bie prin Laboratorul de cercetare Sisteme Distribuite (Distributed Systems Research Lab \u2013 DSRL): Module disponibile: \u00a0<\/p>\n\t\t<\/div>\n\t\t\n\t\t<a class=\"elementor-post__read-more\" href=\"https:\/\/dih4society.ro\/en\/laborator-icpe-bistrita-2\/\" aria-label=\"Read more about Laboratorul de cercetare Sisteme Distribuite\" tabindex=\"-1\" >\n\t\t\tRead more \u00bb\t\t<\/a>\n\n\t\t\t\t<\/div>\n\t\t\t\t<div class=\"elementor-post__meta-data\">\n\t\t\t\t\t<span class=\"elementor-post-date\">\n\t\t\t24 April 2026\t\t<\/span>\n\t\t\t\t<\/div>\n\t\t\t\t\t<\/div>\n\t\t<\/article>\n\t\t\t\t<article class=\"elementor-post elementor-grid-item post-2464 post type-post status-publish format-standard has-post-thumbnail hentry category-laboratoare\" role=\"listitem\">\n\t\t\t<div class=\"elementor-post__card\">\n\t\t\t\t<a class=\"elementor-post__thumbnail__link\" href=\"https:\/\/dih4society.ro\/en\/laborator-cladiri-inteligente\/\" tabindex=\"-1\" ><div class=\"elementor-post__thumbnail\"><img loading=\"lazy\" decoding=\"async\" width=\"1384\" height=\"923\" src=\"https:\/\/dih4society.ro\/wp-content\/uploads\/2026\/03\/Laborator-UTCN-Cladiri-inteligente.png\" class=\"attachment-full size-full wp-image-2469\" alt=\"\" srcset=\"https:\/\/dih4society.ro\/wp-content\/uploads\/2026\/03\/Laborator-UTCN-Cladiri-inteligente.png 1384w, https:\/\/dih4society.ro\/wp-content\/uploads\/2026\/03\/Laborator-UTCN-Cladiri-inteligente-300x200.png 300w, https:\/\/dih4society.ro\/wp-content\/uploads\/2026\/03\/Laborator-UTCN-Cladiri-inteligente-1024x683.png 1024w, https:\/\/dih4society.ro\/wp-content\/uploads\/2026\/03\/Laborator-UTCN-Cladiri-inteligente-768x512.png 768w, https:\/\/dih4society.ro\/wp-content\/uploads\/2026\/03\/Laborator-UTCN-Cladiri-inteligente-18x12.png 18w\" sizes=\"(max-width: 1384px) 100vw, 1384px\" \/><\/div><\/a>\n\t\t\t\t<div class=\"elementor-post__text\">\n\t\t\t\t<h3 class=\"elementor-post__title\">\n\t\t\t<a href=\"https:\/\/dih4society.ro\/en\/laborator-cladiri-inteligente\/\" >\n\t\t\t\tLaborator Cl\u0103diri Inteligente\t\t\t<\/a>\n\t\t<\/h3>\n\t\t\t\t<div class=\"elementor-post__excerpt\">\n\t\t\t<p>Persoana de contact Dr.Ing. Ioan Valentin Sita E-mail: valentin.sita@aut.utcluj.ro\u00a0 Tel. 0722180133\u00a0 \u00a0 Facilit\u0103\u021bi puse la dispozi\u021bie de c\u0103tre Laborator Cl\u0103diri<\/p>\n\t\t<\/div>\n\t\t\n\t\t<a class=\"elementor-post__read-more\" href=\"https:\/\/dih4society.ro\/en\/laborator-cladiri-inteligente\/\" aria-label=\"Read more about Laborator Cl\u0103diri Inteligente\" tabindex=\"-1\" >\n\t\t\tRead more \u00bb\t\t<\/a>\n\n\t\t\t\t<\/div>\n\t\t\t\t<div class=\"elementor-post__meta-data\">\n\t\t\t\t\t<span class=\"elementor-post-date\">\n\t\t\t11 March 2026\t\t<\/span>\n\t\t\t\t<\/div>\n\t\t\t\t\t<\/div>\n\t\t<\/article>\n\t\t\t\t<article class=\"elementor-post elementor-grid-item post-2407 post type-post status-publish format-standard has-post-thumbnail hentry category-laboratoare\" role=\"listitem\">\n\t\t\t<div class=\"elementor-post__card\">\n\t\t\t\t<a class=\"elementor-post__thumbnail__link\" href=\"https:\/\/dih4society.ro\/en\/laborator-icpe-bistrita\/\" tabindex=\"-1\" ><div class=\"elementor-post__thumbnail\"><img loading=\"lazy\" decoding=\"async\" width=\"1384\" height=\"923\" src=\"https:\/\/dih4society.ro\/wp-content\/uploads\/2026\/03\/Laborator-ICPE-Bistrita.png\" class=\"attachment-full size-full wp-image-2408\" alt=\"\" srcset=\"https:\/\/dih4society.ro\/wp-content\/uploads\/2026\/03\/Laborator-ICPE-Bistrita.png 1384w, https:\/\/dih4society.ro\/wp-content\/uploads\/2026\/03\/Laborator-ICPE-Bistrita-300x200.png 300w, https:\/\/dih4society.ro\/wp-content\/uploads\/2026\/03\/Laborator-ICPE-Bistrita-1024x683.png 1024w, https:\/\/dih4society.ro\/wp-content\/uploads\/2026\/03\/Laborator-ICPE-Bistrita-768x512.png 768w, https:\/\/dih4society.ro\/wp-content\/uploads\/2026\/03\/Laborator-ICPE-Bistrita-18x12.png 18w\" sizes=\"(max-width: 1384px) 100vw, 1384px\" \/><\/div><\/a>\n\t\t\t\t<div class=\"elementor-post__text\">\n\t\t\t\t<h3 class=\"elementor-post__title\">\n\t\t\t<a href=\"https:\/\/dih4society.ro\/en\/laborator-icpe-bistrita\/\" >\n\t\t\t\tLaborator ICPE Bistri\u021ba\t\t\t<\/a>\n\t\t<\/h3>\n\t\t\t\t<div class=\"elementor-post__excerpt\">\n\t\t\t<p>ICPE Bistrita ofer\u0103 solu\u021bii \u201cla cheie\u201d, incluz\u00e2nd: studii de caz, studii de fezabilitate, proiectare tehnologic\u0103 \u015fi constructiv\u0103 a sta\u0163iilor de<\/p>\n\t\t<\/div>\n\t\t\n\t\t<a class=\"elementor-post__read-more\" href=\"https:\/\/dih4society.ro\/en\/laborator-icpe-bistrita\/\" aria-label=\"Read more about Laborator ICPE Bistri\u021ba\" tabindex=\"-1\" >\n\t\t\tRead more \u00bb\t\t<\/a>\n\n\t\t\t\t<\/div>\n\t\t\t\t<div class=\"elementor-post__meta-data\">\n\t\t\t\t\t<span class=\"elementor-post-date\">\n\t\t\t4 March 2026\t\t<\/span>\n\t\t\t\t<\/div>\n\t\t\t\t\t<\/div>\n\t\t<\/article>\n\t\t\t\t<article class=\"elementor-post elementor-grid-item post-2397 post type-post status-publish format-standard has-post-thumbnail hentry category-laboratoare\" role=\"listitem\">\n\t\t\t<div class=\"elementor-post__card\">\n\t\t\t\t<a class=\"elementor-post__thumbnail__link\" href=\"https:\/\/dih4society.ro\/en\/laborator-productica\/\" tabindex=\"-1\" ><div class=\"elementor-post__thumbnail\"><img loading=\"lazy\" decoding=\"async\" width=\"1384\" height=\"923\" src=\"https:\/\/dih4society.ro\/wp-content\/uploads\/2026\/03\/Laborator-Productica.png\" class=\"attachment-full size-full wp-image-2404\" alt=\"\" srcset=\"https:\/\/dih4society.ro\/wp-content\/uploads\/2026\/03\/Laborator-Productica.png 1384w, https:\/\/dih4society.ro\/wp-content\/uploads\/2026\/03\/Laborator-Productica-300x200.png 300w, https:\/\/dih4society.ro\/wp-content\/uploads\/2026\/03\/Laborator-Productica-1024x683.png 1024w, https:\/\/dih4society.ro\/wp-content\/uploads\/2026\/03\/Laborator-Productica-768x512.png 768w, https:\/\/dih4society.ro\/wp-content\/uploads\/2026\/03\/Laborator-Productica-18x12.png 18w\" sizes=\"(max-width: 1384px) 100vw, 1384px\" \/><\/div><\/a>\n\t\t\t\t<div class=\"elementor-post__text\">\n\t\t\t\t<h3 class=\"elementor-post__title\">\n\t\t\t<a href=\"https:\/\/dih4society.ro\/en\/laborator-productica\/\" >\n\t\t\t\tLaborator Productica\t\t\t<\/a>\n\t\t<\/h3>\n\t\t\t\t<div class=\"elementor-post__excerpt\">\n\t\t\t<p>Servicii: Dot\u0103ri laborator:<\/p>\n\t\t<\/div>\n\t\t\n\t\t<a class=\"elementor-post__read-more\" href=\"https:\/\/dih4society.ro\/en\/laborator-productica\/\" aria-label=\"Read more about Laborator Productica\" tabindex=\"-1\" >\n\t\t\tRead more \u00bb\t\t<\/a>\n\n\t\t\t\t<\/div>\n\t\t\t\t<div class=\"elementor-post__meta-data\">\n\t\t\t\t\t<span class=\"elementor-post-date\">\n\t\t\t4 March 2026\t\t<\/span>\n\t\t\t\t<\/div>\n\t\t\t\t\t<\/div>\n\t\t<\/article>\n\t\t\t\t<article class=\"elementor-post elementor-grid-item post-2388 post type-post status-publish format-standard has-post-thumbnail hentry category-laboratoare\" role=\"listitem\">\n\t\t\t<div class=\"elementor-post__card\">\n\t\t\t\t<a class=\"elementor-post__thumbnail__link\" href=\"https:\/\/dih4society.ro\/en\/laborator-intelbuild\/\" tabindex=\"-1\" ><div class=\"elementor-post__thumbnail\"><img loading=\"lazy\" decoding=\"async\" width=\"1384\" height=\"923\" src=\"https:\/\/dih4society.ro\/wp-content\/uploads\/2026\/03\/Laborator-Intelbuild.png\" class=\"attachment-full size-full wp-image-2394\" alt=\"\" srcset=\"https:\/\/dih4society.ro\/wp-content\/uploads\/2026\/03\/Laborator-Intelbuild.png 1384w, https:\/\/dih4society.ro\/wp-content\/uploads\/2026\/03\/Laborator-Intelbuild-300x200.png 300w, https:\/\/dih4society.ro\/wp-content\/uploads\/2026\/03\/Laborator-Intelbuild-1024x683.png 1024w, https:\/\/dih4society.ro\/wp-content\/uploads\/2026\/03\/Laborator-Intelbuild-768x512.png 768w, https:\/\/dih4society.ro\/wp-content\/uploads\/2026\/03\/Laborator-Intelbuild-18x12.png 18w\" sizes=\"(max-width: 1384px) 100vw, 1384px\" \/><\/div><\/a>\n\t\t\t\t<div class=\"elementor-post__text\">\n\t\t\t\t<h3 class=\"elementor-post__title\">\n\t\t\t<a href=\"https:\/\/dih4society.ro\/en\/laborator-intelbuild\/\" >\n\t\t\t\tLaborator Intelbuild\t\t\t<\/a>\n\t\t<\/h3>\n\t\t\t\t<div class=\"elementor-post__excerpt\">\n\t\t\t<p>Servicii: Dot\u0103ri laborator:<\/p>\n\t\t<\/div>\n\t\t\n\t\t<a class=\"elementor-post__read-more\" href=\"https:\/\/dih4society.ro\/en\/laborator-intelbuild\/\" aria-label=\"Read more about Laborator Intelbuild\" tabindex=\"-1\" >\n\t\t\tRead more \u00bb\t\t<\/a>\n\n\t\t\t\t<\/div>\n\t\t\t\t<div class=\"elementor-post__meta-data\">\n\t\t\t\t\t<span class=\"elementor-post-date\">\n\t\t\t4 March 2026\t\t<\/span>\n\t\t\t\t<\/div>\n\t\t\t\t\t<\/div>\n\t\t<\/article>\n\t\t\t\t<article class=\"elementor-post elementor-grid-item post-2370 post type-post status-publish format-standard has-post-thumbnail hentry category-laboratoare\" role=\"listitem\">\n\t\t\t<div class=\"elementor-post__card\">\n\t\t\t\t<a class=\"elementor-post__thumbnail__link\" href=\"https:\/\/dih4society.ro\/en\/laborator-inovare\/\" tabindex=\"-1\" ><div class=\"elementor-post__thumbnail\"><img loading=\"lazy\" decoding=\"async\" width=\"1384\" height=\"923\" src=\"https:\/\/dih4society.ro\/wp-content\/uploads\/2026\/03\/Laborator-Inovare-Oradea.png\" class=\"attachment-full size-full wp-image-2372\" alt=\"\" srcset=\"https:\/\/dih4society.ro\/wp-content\/uploads\/2026\/03\/Laborator-Inovare-Oradea.png 1384w, https:\/\/dih4society.ro\/wp-content\/uploads\/2026\/03\/Laborator-Inovare-Oradea-300x200.png 300w, https:\/\/dih4society.ro\/wp-content\/uploads\/2026\/03\/Laborator-Inovare-Oradea-1024x683.png 1024w, https:\/\/dih4society.ro\/wp-content\/uploads\/2026\/03\/Laborator-Inovare-Oradea-768x512.png 768w, https:\/\/dih4society.ro\/wp-content\/uploads\/2026\/03\/Laborator-Inovare-Oradea-18x12.png 18w\" sizes=\"(max-width: 1384px) 100vw, 1384px\" \/><\/div><\/a>\n\t\t\t\t<div class=\"elementor-post__text\">\n\t\t\t\t<h3 class=\"elementor-post__title\">\n\t\t\t<a href=\"https:\/\/dih4society.ro\/en\/laborator-inovare\/\" >\n\t\t\t\tLaborator Inovare\t\t\t<\/a>\n\t\t<\/h3>\n\t\t\t\t<div class=\"elementor-post__excerpt\">\n\t\t\t<p>Servicii: Dot\u0103ri laborator:<\/p>\n\t\t<\/div>\n\t\t\n\t\t<a class=\"elementor-post__read-more\" href=\"https:\/\/dih4society.ro\/en\/laborator-inovare\/\" aria-label=\"Read more about Laborator Inovare\" tabindex=\"-1\" >\n\t\t\tRead more \u00bb\t\t<\/a>\n\n\t\t\t\t<\/div>\n\t\t\t\t<div class=\"elementor-post__meta-data\">\n\t\t\t\t\t<span class=\"elementor-post-date\">\n\t\t\t4 March 2026\t\t<\/span>\n\t\t\t\t<\/div>\n\t\t\t\t\t<\/div>\n\t\t<\/article>\n\t\t\t\t<\/div>\n\t\t\n\t\t\t\t\t\t<\/div>\n\t\t\t\t<\/div>\n\t\t\t\t<div class=\"elementor-element elementor-element-d040017 elementor-posts__hover-none elementor-hidden-desktop elementor-hidden-tablet elementor-hidden-mobile elementor-grid-3 elementor-grid-tablet-2 elementor-grid-mobile-1 elementor-posts--thumbnail-top elementor-card-shadow-yes elementor-widget elementor-widget-archive-posts\" data-id=\"d040017\" data-element_type=\"widget\" data-e-type=\"widget\" data-settings=\"{&quot;archive_cards_row_gap&quot;:{&quot;unit&quot;:&quot;px&quot;,&quot;size&quot;:30,&quot;sizes&quot;:[]},&quot;archive_cards_columns&quot;:&quot;3&quot;,&quot;archive_cards_columns_tablet&quot;:&quot;2&quot;,&quot;archive_cards_columns_mobile&quot;:&quot;1&quot;,&quot;archive_cards_row_gap_laptop&quot;:{&quot;unit&quot;:&quot;px&quot;,&quot;size&quot;:&quot;&quot;,&quot;sizes&quot;:[]},&quot;archive_cards_row_gap_tablet&quot;:{&quot;unit&quot;:&quot;px&quot;,&quot;size&quot;:&quot;&quot;,&quot;sizes&quot;:[]},&quot;archive_cards_row_gap_mobile&quot;:{&quot;unit&quot;:&quot;px&quot;,&quot;size&quot;:&quot;&quot;,&quot;sizes&quot;:[]},&quot;pagination_type&quot;:&quot;numbers&quot;}\" data-widget_type=\"archive-posts.archive_cards\">\n\t\t\t\t\t\t\t<div class=\"elementor-posts-container elementor-posts elementor-posts--skin-cards elementor-grid\" role=\"list\">\n\t\t\t\t\t\t<div class=\"elementor-posts-nothing-found\">\n\t\t\t\t\tSe pare c\u0103 nu putem g\u0103si ceea ce c\u0103uta\u021bi.\t\t\t\t<\/div>\n\t\t\t\t\t<\/div>\n\t\t\n\t\t\t\t\t\t<\/div>\n\t\t\t\t\t<\/div>\n\t\t\t\t<\/div>\n\t\t\t\t<\/div>","protected":false},"excerpt":{"rendered":"","protected":false},"author":1,"featured_media":1919,"parent":0,"menu_order":0,"comment_status":"closed","ping_status":"closed","template":"","meta":{"footnotes":""},"class_list":["post-2417","page","type-page","status-publish","has-post-thumbnail","hentry"],"_links":{"self":[{"href":"https:\/\/dih4society.ro\/en\/wp-json\/wp\/v2\/pages\/2417","targetHints":{"allow":["GET"]}}],"collection":[{"href":"https:\/\/dih4society.ro\/en\/wp-json\/wp\/v2\/pages"}],"about":[{"href":"https:\/\/dih4society.ro\/en\/wp-json\/wp\/v2\/types\/page"}],"author":[{"embeddable":true,"href":"https:\/\/dih4society.ro\/en\/wp-json\/wp\/v2\/users\/1"}],"replies":[{"embeddable":true,"href":"https:\/\/dih4society.ro\/en\/wp-json\/wp\/v2\/comments?post=2417"}],"version-history":[{"count":4,"href":"https:\/\/dih4society.ro\/en\/wp-json\/wp\/v2\/pages\/2417\/revisions"}],"predecessor-version":[{"id":2421,"href":"https:\/\/dih4society.ro\/en\/wp-json\/wp\/v2\/pages\/2417\/revisions\/2421"}],"wp:featuredmedia":[{"embeddable":true,"href":"https:\/\/dih4society.ro\/en\/wp-json\/wp\/v2\/media\/1919"}],"wp:attachment":[{"href":"https:\/\/dih4society.ro\/en\/wp-json\/wp\/v2\/media?parent=2417"}],"curies":[{"name":"wp","href":"https:\/\/api.w.org\/{rel}","templated":true}]}}