{"id":402,"date":"2025-09-16T13:27:24","date_gmt":"2025-09-16T13:27:24","guid":{"rendered":"https:\/\/dih4society.ro\/?page_id=402"},"modified":"2025-10-02T09:17:00","modified_gmt":"2025-10-02T09:17:00","slug":"despre-noi","status":"publish","type":"page","link":"https:\/\/dih4society.ro\/en\/despre-noi\/","title":{"rendered":"Our Team"},"content":{"rendered":"<div data-elementor-type=\"wp-page\" data-elementor-id=\"402\" class=\"elementor elementor-402\" data-elementor-post-type=\"page\">\n\t\t\t\t<div class=\"elementor-element elementor-element-af946e6 e-flex e-con-boxed e-con e-parent\" data-id=\"af946e6\" data-element_type=\"container\" data-e-type=\"container\" data-settings=\"{&quot;background_background&quot;:&quot;classic&quot;}\">\n\t\t\t\t\t<div class=\"e-con-inner\">\n\t\t<div class=\"elementor-element elementor-element-eb4f1dd e-con-full e-flex e-con e-child\" data-id=\"eb4f1dd\" data-element_type=\"container\" data-e-type=\"container\">\n\t\t<div class=\"elementor-element elementor-element-7d6c747 e-con-full e-flex e-con e-child\" data-id=\"7d6c747\" data-element_type=\"container\" data-e-type=\"container\">\n\t\t\t\t<\/div>\n\t\t\t\t<\/div>\n\t\t\t\t\t<\/div>\n\t\t\t\t<\/div>\n\t\t<div class=\"elementor-element elementor-element-5a7dd7b e-flex e-con-boxed e-con e-parent\" data-id=\"5a7dd7b\" data-element_type=\"container\" data-e-type=\"container\">\n\t\t\t\t\t<div class=\"e-con-inner\">\n\t\t<div class=\"elementor-element elementor-element-2d76309 e-con-full e-flex elementor-invisible e-con e-child\" data-id=\"2d76309\" data-element_type=\"container\" data-e-type=\"container\" data-settings=\"{&quot;animation&quot;:&quot;fadeInUp&quot;}\">\n\t\t\t\t<div class=\"elementor-element elementor-element-6671b5b elementor-widget elementor-widget-heading\" data-id=\"6671b5b\" data-element_type=\"widget\" data-e-type=\"widget\" data-widget_type=\"heading.default\">\n\t\t\t\t\t<h4 class=\"elementor-heading-title elementor-size-default\">Pioneers in Digital Transformation<\/h4>\t\t\t\t<\/div>\n\t\t\t\t<div class=\"elementor-element elementor-element-4af8d48 elementor-widget elementor-widget-text-editor\" data-id=\"4af8d48\" data-element_type=\"widget\" data-e-type=\"widget\" data-widget_type=\"text-editor.default\">\n\t\t\t\t\t\t\t\t\t<p>DIH4Society is the driving force behind building a smarter, safer, and more sustainable society.<\/p><p data-start=\"344\" data-end=\"638\">The Digital Innovation Hub for a Smarter, Safer, and More Sustainable Society (DIH4Society) is a key driver of digital transformation and innovation, based in the North-West Region of Romania. Established in 2015, it is officially recognized by the European Commission as a fully operational hub.<\/p><p data-start=\"640\" data-end=\"788\">Services worth nearly \u20ac4 million will be provided in the North-West Region during the 2024\u20132025 period, free of charge for eligible beneficiaries.<\/p><p data-start=\"790\" data-end=\"926\">DIH4Society has been selected by the European Commission as an officially recognized hub of the European Digital Innovation Hubs network (edihnetwork.eu).<\/p><p data-start=\"928\" data-end=\"1218\">A total public funding of nearly \u20ac4 million has been secured through a direct grant from the European Commission under the Digital Europe Programme (grant no. 101083952 \u2014 DIH4Society), complemented by co-financing from the Romanian government through POCIDIF (DIH4Society Project SMIS 161824 \u2013 POCIDIF\/1147\/2\/1\/Action 2.4 EDIH).<\/p><p data-start=\"1220\" data-end=\"1459\">This provides SMEs, public authorities, and healthcare organizations with the opportunity to receive <strong data-start=\"1334\" data-end=\"1345\">for free<\/strong> specialized services to support innovation and digital transformation (eligibility criteria apply).<\/p><p data-start=\"1461\" data-end=\"1579\">For detailed information about other programs co-financed by the European Union, please visit fonduri-ue.ro.<\/p>\t\t\t\t\t\t\t\t<\/div>\n\t\t\t\t<div class=\"elementor-element elementor-element-208d9cc elementor-widget elementor-widget-heading\" data-id=\"208d9cc\" data-element_type=\"widget\" data-e-type=\"widget\" data-widget_type=\"heading.default\">\n\t\t\t\t\t<h4 class=\"elementor-heading-title elementor-size-default\">Our services for you<\/h4>\t\t\t\t<\/div>\n\t\t\t\t<div class=\"elementor-element elementor-element-05cdc8c elementor-widget elementor-widget-text-editor\" data-id=\"05cdc8c\" data-element_type=\"widget\" data-e-type=\"widget\" data-widget_type=\"text-editor.default\">\n\t\t\t\t\t\t\t\t\t<ul><li data-start=\"5091\" data-end=\"5242\"><p data-start=\"5093\" data-end=\"5242\" class=\"translation-block\">We provide <strong data-start=\"5102\" data-end=\"5137\"> the latest digital services<\/strong> \u2013 100% free for free for our eligible beneficiaries - through grants of almost <strong data-start=\"5221\" data-end=\"5239\">4 million EUR<\/strong>.<\/p><\/li><li data-start=\"5243\" data-end=\"5377\"><p data-start=\"5245\" data-end=\"5377\">We facilitate access for SMEs, public authorities, and healthcare organizations to tailored innovation and digitalization solutions.<\/p><\/li><li data-start=\"5378\" data-end=\"5465\"><p data-start=\"5380\" data-end=\"5465\">Made possible through the Digital Europe grant and national co-financing via POCIDIF.<\/p><\/li><\/ul>\t\t\t\t\t\t\t\t<\/div>\n\t\t\t\t<\/div>\n\t\t<div class=\"elementor-element elementor-element-62e5764 e-con-full e-flex e-con e-child\" data-id=\"62e5764\" data-element_type=\"container\" data-e-type=\"container\">\n\t\t<div class=\"elementor-element elementor-element-0e6815d e-con-full e-flex elementor-invisible e-con e-child\" data-id=\"0e6815d\" data-element_type=\"container\" data-e-type=\"container\" data-settings=\"{&quot;animation&quot;:&quot;fadeInLeft&quot;}\">\n\t\t\t\t<div class=\"elementor-element elementor-element-647573c elementor-widget elementor-widget-image\" data-id=\"647573c\" data-element_type=\"widget\" data-e-type=\"widget\" data-widget_type=\"image.default\">\n\t\t\t\t\t\t\t\t\t\t\t\t\t\t\t<img fetchpriority=\"high\" decoding=\"async\" width=\"1407\" height=\"735\" src=\"https:\/\/dih4society.ro\/wp-content\/uploads\/2025\/09\/DIH4Society_ecosystem_website.webp\" class=\"attachment-full size-full wp-image-506\" alt=\"\" srcset=\"https:\/\/dih4society.ro\/wp-content\/uploads\/2025\/09\/DIH4Society_ecosystem_website.webp 1407w, https:\/\/dih4society.ro\/wp-content\/uploads\/2025\/09\/DIH4Society_ecosystem_website-300x157.webp 300w, https:\/\/dih4society.ro\/wp-content\/uploads\/2025\/09\/DIH4Society_ecosystem_website-1024x535.webp 1024w, https:\/\/dih4society.ro\/wp-content\/uploads\/2025\/09\/DIH4Society_ecosystem_website-768x401.webp 768w, https:\/\/dih4society.ro\/wp-content\/uploads\/2025\/09\/DIH4Society_ecosystem_website-18x9.webp 18w\" sizes=\"(max-width: 1407px) 100vw, 1407px\" \/>\t\t\t\t\t\t\t\t\t\t\t\t\t\t\t<\/div>\n\t\t\t\t<\/div>\n\t\t<div class=\"elementor-element elementor-element-a7dda31 e-con-full e-flex elementor-invisible e-con e-child\" data-id=\"a7dda31\" data-element_type=\"container\" data-e-type=\"container\" data-settings=\"{&quot;animation&quot;:&quot;fadeInRight&quot;}\">\n\t\t\t\t<div class=\"elementor-element elementor-element-49c14b9 elementor-widget elementor-widget-text-editor\" data-id=\"49c14b9\" data-element_type=\"widget\" data-e-type=\"widget\" data-widget_type=\"text-editor.default\">\n\t\t\t\t\t\t\t\t\t<p data-start=\"5516\" data-end=\"5778\">We work closely with our consortium partners \u2013 Cluj IT Cluster, Technical University of Cluj-Napoca, University of Oradea, and the Bistri\u021ba-N\u0103s\u0103ud Chamber of Commerce \u2013 along with over 50 organizations from the technology, education, finance, administration, and research sectors.<\/p><p data-start=\"5780\" data-end=\"5987\">We have a local presence in Cluj-Napoca and in major cities across the North-West Transylvania Region, and we collaborate across several counties nationwide \u2013 ensuring that our solutions are accessible wherever you are.<\/p>\t\t\t\t\t\t\t\t<\/div>\n\t\t\t\t<\/div>\n\t\t\t\t<\/div>\n\t\t<div class=\"elementor-element elementor-element-414b3a8 e-con-full e-flex e-con e-child\" data-id=\"414b3a8\" data-element_type=\"container\" data-e-type=\"container\">\n\t\t<div class=\"elementor-element elementor-element-be8300d e-con-full e-flex elementor-invisible e-con e-child\" data-id=\"be8300d\" data-element_type=\"container\" data-e-type=\"container\" data-settings=\"{&quot;animation&quot;:&quot;fadeInLeft&quot;}\">\n\t\t\t\t<div class=\"elementor-element elementor-element-cb6f320 elementor-widget elementor-widget-heading\" data-id=\"cb6f320\" data-element_type=\"widget\" data-e-type=\"widget\" data-widget_type=\"heading.default\">\n\t\t\t\t\t<h4 class=\"elementor-heading-title elementor-size-default\">Active European Participation<\/h4>\t\t\t\t<\/div>\n\t\t\t\t<div class=\"elementor-element elementor-element-6da9684 elementor-widget elementor-widget-text-editor\" data-id=\"6da9684\" data-element_type=\"widget\" data-e-type=\"widget\" data-widget_type=\"text-editor.default\">\n\t\t\t\t\t\t\t\t\t<p data-start=\"6026\" data-end=\"6263\">We actively participate in EU-level digital policies and projects \u2013 having established collaborations with 26 digital hubs across Europe, and serving as co-founders of international thematic corridors such as <em data-start=\"6218\" data-end=\"6231\">SmartHEALTH<\/em>, <em data-start=\"6233\" data-end=\"6256\">North-South Logistics<\/em> etc.<\/p><p data-start=\"6265\" data-end=\"6407\">We are part of prestigious networks such as the European Digital SME Alliance, CyberSec4Europe, and other initiatives that are shaping the digital future.<\/p>\t\t\t\t\t\t\t\t<\/div>\n\t\t\t\t<\/div>\n\t\t<div class=\"elementor-element elementor-element-59f80be e-con-full e-flex elementor-invisible e-con e-child\" data-id=\"59f80be\" data-element_type=\"container\" data-e-type=\"container\" data-settings=\"{&quot;animation&quot;:&quot;fadeInRight&quot;}\">\n\t\t\t\t<div class=\"elementor-element elementor-element-16c631d elementor-widget elementor-widget-image\" data-id=\"16c631d\" data-element_type=\"widget\" data-e-type=\"widget\" data-widget_type=\"image.default\">\n\t\t\t\t\t\t\t\t\t\t\t\t\t\t\t<img decoding=\"async\" width=\"2560\" height=\"1675\" src=\"https:\/\/dih4society.ro\/wp-content\/uploads\/2025\/09\/Romania_2-scaled.webp\" class=\"attachment-full size-full wp-image-507\" alt=\"\" srcset=\"https:\/\/dih4society.ro\/wp-content\/uploads\/2025\/09\/Romania_2-scaled.webp 2560w, https:\/\/dih4society.ro\/wp-content\/uploads\/2025\/09\/Romania_2-300x196.webp 300w, https:\/\/dih4society.ro\/wp-content\/uploads\/2025\/09\/Romania_2-1024x670.webp 1024w, https:\/\/dih4society.ro\/wp-content\/uploads\/2025\/09\/Romania_2-768x503.webp 768w, https:\/\/dih4society.ro\/wp-content\/uploads\/2025\/09\/Romania_2-1536x1005.webp 1536w, https:\/\/dih4society.ro\/wp-content\/uploads\/2025\/09\/Romania_2-2048x1340.webp 2048w, https:\/\/dih4society.ro\/wp-content\/uploads\/2025\/09\/Romania_2-18x12.webp 18w\" sizes=\"(max-width: 2560px) 100vw, 2560px\" \/>\t\t\t\t\t\t\t\t\t\t\t\t\t\t\t<\/div>\n\t\t\t\t<\/div>\n\t\t\t\t<\/div>\n\t\t<div class=\"elementor-element elementor-element-4b7a4ba e-con-full e-flex elementor-invisible e-con e-child\" data-id=\"4b7a4ba\" data-element_type=\"container\" data-e-type=\"container\" data-settings=\"{&quot;animation&quot;:&quot;fadeInUp&quot;}\">\n\t\t\t\t<div class=\"elementor-element elementor-element-e693c75 elementor-widget elementor-widget-heading\" data-id=\"e693c75\" data-element_type=\"widget\" data-e-type=\"widget\" data-widget_type=\"heading.default\">\n\t\t\t\t\t<h4 class=\"elementor-heading-title elementor-size-default\">An expert team, guided by a clear vision<\/h4>\t\t\t\t<\/div>\n\t\t\t\t<div class=\"elementor-element elementor-element-851d199 elementor-widget elementor-widget-text-editor\" data-id=\"851d199\" data-element_type=\"widget\" data-e-type=\"widget\" data-widget_type=\"text-editor.default\">\n\t\t\t\t\t\t\t\t\t<p data-start=\"3375\" data-end=\"3621\">The coordination of the DIH is led by Prof. Dr. Stelian Brad (PhD in Engineering\/Robotics and Economics; over 22 years of extensive experience in the software industry; professor at the Technical University of Cluj-Napoca).<\/p><p data-start=\"3623\" data-end=\"4052\">Executive management is overseen by Andrei Kelemen (Head of Operations and Internationalization; also serving as CEO of Cluj IT Cluster). Our strategic vision is shaped by an Advisory Board composed of internationally recognized innovation experts, led by Florin Paun (EIC Jury Member, technology transfer expert with over 20 years of experience in the aerospace industry). Members of the Strategic Advisory Board (SAB) include:<\/p><ul data-start=\"4054\" data-end=\"4447\"><li data-start=\"4054\" data-end=\"4203\"><p data-start=\"4056\" data-end=\"4203\">Dr. Dominique Foray, \u00c9cole Polytechnique F\u00e9d\u00e9rale de Lausanne \u2013 author of the Smart Specialisation theory, which underpins all RIS3 strategies across the European Union;<\/p><\/li><li data-start=\"4204\" data-end=\"4335\"><p data-start=\"4206\" data-end=\"4335\">Tanya Suarez, CEO of IoT Tribe \u2013 entrepreneur and manager of venture fund networks with offices in London, Madrid, and Singapore;<\/p><\/li><li data-start=\"4336\" data-end=\"4447\"><p data-start=\"4338\" data-end=\"4447\">Margareta Mucibabici (Che\u0219aru), Public Affairs Manager at UiPath \u2013 a global leader in Robotic Process Automation.<\/p><\/li><\/ul><p data-start=\"4449\" data-end=\"4674\">The governance structure is composed of representatives from the four leading partners (Cluj IT Cluster \u2013 coordinating partner, Technical University of Cluj-Napoca, University of Oradea, and Bistri\u021ba-N\u0103s\u0103ud Chamber of Commerce).<\/p>\t\t\t\t\t\t\t\t<\/div>\n\t\t\t\t<div class=\"elementor-element elementor-element-cd6dfc4 elementor-align-center elementor-mobile-align-center elementor-widget elementor-widget-button\" data-id=\"cd6dfc4\" data-element_type=\"widget\" data-e-type=\"widget\" data-widget_type=\"button.default\">\n\t\t\t\t\t\t\t\t\t\t<a class=\"elementor-button elementor-button-link elementor-size-sm\" href=\"https:\/\/dih4society.ro\/en\/despre-echipa\/\">\n\t\t\t\t\t\t<span class=\"elementor-button-content-wrapper\">\n\t\t\t\t\t\t<span class=\"elementor-button-icon\">\n\t\t\t\t<svg aria-hidden=\"true\" class=\"e-font-icon-svg e-fas-arrow-circle-right\" viewbox=\"0 0 512 512\" xmlns=\"http:\/\/www.w3.org\/2000\/svg\"><path d=\"M256 8c137 0 248 111 248 248S393 504 256 504 8 393 8 256 119 8 256 8zm-28.9 143.6l75.5 72.4H120c-13.3 0-24 10.7-24 24v16c0 13.3 10.7 24 24 24h182.6l-75.5 72.4c-9.7 9.3-9.9 24.8-.4 34.3l11 10.9c9.4 9.4 24.6 9.4 33.9 0L404.3 273c9.4-9.4 9.4-24.6 0-33.9L271.6 106.3c-9.4-9.4-24.6-9.4-33.9 0l-11 10.9c-9.5 9.6-9.3 25.1.4 34.4z\"><\/path><\/svg>\t\t\t<\/span>\n\t\t\t\t\t\t\t\t\t<span class=\"elementor-button-text\">Our Team<\/span>\n\t\t\t\t\t<\/span>\n\t\t\t\t\t<\/a>\n\t\t\t\t\t\t\t\t<\/div>\n\t\t\t\t<\/div>\n\t\t\t\t\t<\/div>\n\t\t\t\t<\/div>\n\t\t\t\t<\/div>","protected":false},"excerpt":{"rendered":"<p>Pionieri \u00een transformarea digital\u0103 DIH4Society este motorul pe care se construie\u0219te o societate mai inteligent\u0103, mai sigur\u0103 \u0219i mai sustenabil\u0103. Digital Innovation Hub pentru o societate mai inteligent\u0103, mai sigur\u0103 \u0219i mai durabil\u0103 (DIH4Society) este un ini\u021biator al transform\u0103rii digitale \u0219i al inov\u0103rii, situat \u00een Regiunea de Nord-Vest a Rom\u00e2niei, \u00eenfiin\u021bat \u00een 2015 \u0219i recunoscut [&hellip;]<\/p>\n","protected":false},"author":1,"featured_media":1915,"parent":0,"menu_order":0,"comment_status":"closed","ping_status":"closed","template":"","meta":{"footnotes":""},"class_list":["post-402","page","type-page","status-publish","has-post-thumbnail","hentry"],"_links":{"self":[{"href":"https:\/\/dih4society.ro\/en\/wp-json\/wp\/v2\/pages\/402","targetHints":{"allow":["GET"]}}],"collection":[{"href":"https:\/\/dih4society.ro\/en\/wp-json\/wp\/v2\/pages"}],"about":[{"href":"https:\/\/dih4society.ro\/en\/wp-json\/wp\/v2\/types\/page"}],"author":[{"embeddable":true,"href":"https:\/\/dih4society.ro\/en\/wp-json\/wp\/v2\/users\/1"}],"replies":[{"embeddable":true,"href":"https:\/\/dih4society.ro\/en\/wp-json\/wp\/v2\/comments?post=402"}],"version-history":[{"count":40,"href":"https:\/\/dih4society.ro\/en\/wp-json\/wp\/v2\/pages\/402\/revisions"}],"predecessor-version":[{"id":1754,"href":"https:\/\/dih4society.ro\/en\/wp-json\/wp\/v2\/pages\/402\/revisions\/1754"}],"wp:featuredmedia":[{"embeddable":true,"href":"https:\/\/dih4society.ro\/en\/wp-json\/wp\/v2\/media\/1915"}],"wp:attachment":[{"href":"https:\/\/dih4society.ro\/en\/wp-json\/wp\/v2\/media?parent=402"}],"curies":[{"name":"wp","href":"https:\/\/api.w.org\/{rel}","templated":true}]}}