{"id":707,"date":"2025-09-19T11:09:27","date_gmt":"2025-09-19T11:09:27","guid":{"rendered":"https:\/\/dih4society.ro\/?page_id=707"},"modified":"2025-09-19T11:12:09","modified_gmt":"2025-09-19T11:12:09","slug":"descriere-servicii-apel-2-imm","status":"publish","type":"page","link":"https:\/\/dih4society.ro\/en\/descriere-servicii-apel-2-imm\/","title":{"rendered":"Descriere servicii Apel 2 IMM"},"content":{"rendered":"\t\t<div data-elementor-type=\"wp-page\" data-elementor-id=\"707\" class=\"elementor elementor-707\" data-elementor-post-type=\"page\">\n\t\t\t\t<div class=\"elementor-element elementor-element-dfa75a9 e-flex e-con-boxed e-con e-parent\" data-id=\"dfa75a9\" data-element_type=\"container\" data-e-type=\"container\" data-settings=\"{&quot;background_background&quot;:&quot;classic&quot;}\">\n\t\t\t\t\t<div class=\"e-con-inner\">\n\t\t<div class=\"elementor-element elementor-element-5ca8b95 e-con-full e-flex e-con e-child\" data-id=\"5ca8b95\" data-element_type=\"container\" data-e-type=\"container\">\n\t\t<div class=\"elementor-element elementor-element-2a254f5 e-con-full e-flex e-con e-child\" data-id=\"2a254f5\" data-element_type=\"container\" data-e-type=\"container\">\n\t\t\t\t<\/div>\n\t\t\t\t<\/div>\n\t\t\t\t\t<\/div>\n\t\t\t\t<\/div>\n\t\t<div class=\"elementor-element elementor-element-27bb198 e-flex e-con-boxed e-con e-parent\" data-id=\"27bb198\" data-element_type=\"container\" data-e-type=\"container\">\n\t\t\t\t\t<div class=\"e-con-inner\">\n\t\t\t\t<div class=\"elementor-element elementor-element-4c06f76 elementor-widget elementor-widget-image\" data-id=\"4c06f76\" data-element_type=\"widget\" data-e-type=\"widget\" data-widget_type=\"image.default\">\n\t\t\t\t\t\t\t\t\t\t\t\t\t\t\t<img fetchpriority=\"high\" decoding=\"async\" width=\"2560\" height=\"171\" src=\"https:\/\/dih4society.ro\/wp-content\/uploads\/2025\/09\/eDIH4Society_funding_H-1000-px-scaled-1.webp\" class=\"attachment-full size-full wp-image-659\" alt=\"\" srcset=\"https:\/\/dih4society.ro\/wp-content\/uploads\/2025\/09\/eDIH4Society_funding_H-1000-px-scaled-1.webp 2560w, https:\/\/dih4society.ro\/wp-content\/uploads\/2025\/09\/eDIH4Society_funding_H-1000-px-scaled-1-300x20.webp 300w, https:\/\/dih4society.ro\/wp-content\/uploads\/2025\/09\/eDIH4Society_funding_H-1000-px-scaled-1-1024x68.webp 1024w, https:\/\/dih4society.ro\/wp-content\/uploads\/2025\/09\/eDIH4Society_funding_H-1000-px-scaled-1-768x51.webp 768w, https:\/\/dih4society.ro\/wp-content\/uploads\/2025\/09\/eDIH4Society_funding_H-1000-px-scaled-1-1536x103.webp 1536w, https:\/\/dih4society.ro\/wp-content\/uploads\/2025\/09\/eDIH4Society_funding_H-1000-px-scaled-1-2048x137.webp 2048w, https:\/\/dih4society.ro\/wp-content\/uploads\/2025\/09\/eDIH4Society_funding_H-1000-px-scaled-1-18x1.webp 18w\" sizes=\"(max-width: 2560px) 100vw, 2560px\" \/>\t\t\t\t\t\t\t\t\t\t\t\t\t\t\t<\/div>\n\t\t<div class=\"elementor-element elementor-element-0e94b4c e-con-full e-flex elementor-invisible e-con e-child\" data-id=\"0e94b4c\" data-element_type=\"container\" data-e-type=\"container\" data-settings=\"{&quot;animation&quot;:&quot;fadeInUp&quot;}\">\n\t\t\t\t<div class=\"elementor-element elementor-element-8597b8a elementor-widget elementor-widget-text-editor\" data-id=\"8597b8a\" data-element_type=\"widget\" data-e-type=\"widget\" data-widget_type=\"text-editor.default\">\n\t\t\t\t\t\t\t\t\t<table width=\"1307\"><tbody><tr><td width=\"10\"><strong>Nr.<\/strong><\/td><td width=\"4250\"><strong>Servicii<\/strong><\/td><td width=\"6660\"><strong>Beneficii<\/strong><\/td><td width=\"137\"><strong>Valoare servicii (euro)<\/strong><\/td><\/tr><tr><td width=\"3\">1<\/td><td width=\"425\">Demararea \u0219i evaluarea parcursului transform\u0103rii digitale<\/td><td width=\"666\"><span data-sheets-root=\"1\">Cre\u0219terea competitivit\u0103\u021bii afacerii, sporirea veniturilor, \u00eembun\u0103t\u0103\u021birea eficien\u021bei pornind de la valuarea maturit\u0103\u021bii digitale utilizand instrumente si metodologii furnizate de catre Comisia Europeana urmat\u0103 de elaborarea unui plan care va con\u021bine activit\u0103\u021bi de ghidare privind transformarea digital\u0103;<\/span><\/td><td width=\"137\">509,11<\/td><\/tr><tr><td width=\"79\">2<\/td><td width=\"425\">Monitorizarea vulnerabilit\u0103\u021bilor de securitate cibernetic\u0103<\/td><td width=\"666\">Vizualizarea tipurilor \u0219i intensit\u0103\u021bilor atacurilor cibernetice \u0219i furnizarea de informa\u021bii pentru planurile viitoare de reducere a vulnerabilit\u0103\u021bilor;<\/td><td width=\"137\"><span data-sheets-root=\"1\">1,789.26<\/span><\/td><\/tr><tr><td width=\"79\">3<\/td><td width=\"425\"><em><strong>Serviciu Indisponibil<\/strong><\/em><del><br \/>Testarea \u00een cadrul unui spa\u021biu cibernetic simulat<\/del><\/td><td width=\"666\"><del>\u00cen\u021belegerea vulnerabilit\u0103\u021bilor \u00een cazul atacurilor cibernetice, at\u00e2t din punct de vedere al infrastructurii, c\u00e2t \u0219i al factorului uman;<\/del><\/td><td width=\"137\"><del>2458,92<\/del><\/td><\/tr><tr><td width=\"79\">4<\/td><td width=\"425\"><em><strong>Serviciu Indisponibil<\/strong><\/em><del><br \/>Raportarea gestion\u0103rii riscurilor cibernetice<\/del><\/td><td width=\"666\"><del>Fundamentarea procesului de gestionare a riscurilor de securitate cibernetic\u0103 \u00een organiza\u021bie \u0219i dezvoltarea planului de gestionare a riscurilor de securitate cibernetic\u0103;<\/del><\/td><td width=\"137\"><del>3752,71<\/del><\/td><\/tr><tr><td width=\"79\">5<\/td><td width=\"425\"><em><strong>Serviciu Indisponibil<\/strong><\/em><del><br \/>Servicii de consultanta Pentest<\/del><\/td><td width=\"666\">Identificarea \u0219i eliminarea lacunele de securitate \u00een infrastructura IT;<\/td><td width=\"137\">2523,25<\/td><\/tr><tr><td width=\"79\">6<\/td><td width=\"425\">Configurare testare lansare- iesire<\/td><td width=\"666\">\u00cembun\u0103t\u0103\u021birea capacit\u0103\u021bilor de protec\u021bie ale re\u021belelor \u00eempotriva diverselor exploata\u021bii;<\/td><td width=\"137\">581,89<\/td><\/tr><tr><td width=\"79\">7<\/td><td width=\"425\">Acces la laboratoare \u0219i infrastructura de testare CJIT<\/td><td width=\"666\">Acces la laboratoare demo \u0219i de experimentare, care fac parte din ecosistemul DIH4Society sau din re\u021beaua EDIH;<\/td><td width=\"137\">2588,29<\/td><\/tr><tr><td width=\"79\">8<\/td><td width=\"425\">Acces la laboratoare \u0219i infrastructura de testare CCIBN<\/td><td width=\"666\">Acces la laboratoare demo \u0219i de experimentare, care fac parte din ecosistemul DIH4Society sau din re\u021beaua EDIH;<\/td><td width=\"137\">2588,29<\/td><\/tr><tr><td width=\"79\">9<\/td><td width=\"425\">Acces la laboratoare \u0219i infrastructura de testare UTCN<\/td><td width=\"666\">Acces la laboratoare demo \u0219i de experimentare, care fac parte din ecosistemul DIH4Society sau din re\u021beaua EDIH;<\/td><td width=\"137\">22397,46<\/td><\/tr><tr><td width=\"79\">10<\/td><td width=\"425\">Acces la laboratoare \u0219i infrastructura de testare UO<\/td><td width=\"666\">Acces la laboratoare demo \u0219i de experimentare, care fac parte din ecosistemul DIH4Society sau din re\u021beaua EDIH;<\/td><td width=\"137\">1836,96<\/td><\/tr><tr><td width=\"79\">11<\/td><td width=\"425\"><em><strong>Serviciu Indisponibil<\/strong><\/em><del><br \/>Evaluarea securit\u0103\u021bii sistemelor de control industrial<\/del><\/td><td width=\"666\"><del>Indicarea vulnerabilit\u0103\u021biilor \u0219i riscurilor \u00eempotriva atacurilor cibernetice \u0219i ac\u021biunile ce trebuie \u00eentreprinse pentru a minimiza aceste riscuri;<\/del><\/td><td width=\"137\"><del>7441,16<\/del><\/td><\/tr><tr><td width=\"79\">12<\/td><td width=\"425\">Modelarea proceselor pentru Automatizarea Proceselor Robotice (RPA)<\/td><td width=\"666\">\u00censu\u0219irea conceptelor cheie ale Automatizarea Proceselor Robotice (RPA), a unui instrument pentru implementare pe Windows, crearea de robo\u021bi RPA, aplica\u021biile RPA \u0219i liniile directoare cheie pentru implementarea RPA<\/td><td width=\"137\">11788,99<\/td><\/tr><tr><td width=\"79\">13<\/td><td width=\"425\">Robotic\u0103 social\u0103 \u2013 func\u021bii \u0219i proiectare arhitectura de proces<\/td><td width=\"666\">Investi\u021bii pentru digitalizare \u00een ceea ce prive\u0219te tehnologiile inteligente<\/td><td width=\"137\">3720,42<\/td><\/tr><tr><td width=\"79\">14<\/td><td width=\"425\"><em><strong>Serviciu Indisponibil<\/strong><\/em><del><br \/>Selec\u021bie \u0219i asisten\u021b\u0103 contractual\u0103 pentru robotica<\/del><\/td><td width=\"666\"><del>Planificarea unei investi\u021bii eficiente privind digitalizarea<\/del><\/td><td width=\"137\"><del>2523,33<\/del><\/td><\/tr><tr><td width=\"79\">15<\/td><td width=\"425\"><em><strong>Serviciu Indisponibil<\/strong><\/em><del><br \/>Evaluarea securit\u0103\u021bii tehnologice<\/del><\/td><td width=\"666\"><del>\u00cen\u021belegerea punctelor slabe de securitate \u0219i ob\u021binerea recomand\u0103rilor pentru \u00eembun\u0103t\u0103\u021bire;<\/del><\/td><td width=\"137\"><del>1293,8<\/del><\/td><\/tr><tr><td width=\"79\">16<\/td><td width=\"425\"><em><strong>Serviciu Indisponibil<\/strong><\/em><del><br \/>Informa\u021bii despre amprenta digital\u0103<\/del><\/td><td width=\"666\"><del>\u00cen\u021belegerea vulnerabilit\u0103\u021bilor \u0219i optimizarea politicilor de securitate cibernetic\u0103;<\/del><\/td><td width=\"137\"><del>2523,18<\/del><\/td><\/tr><tr><td width=\"79\">17<\/td><td width=\"425\"><em><strong>Serviciu Indisponibil<\/strong><\/em><del><br \/>Analiza datelor cu privire la amenin\u021b\u0103ri avansate persistente<\/del><\/td><td width=\"666\"><del>\u00cembun\u0103t\u0103\u021birea infrastructurii tehnice \u00eempotriva atacurilor cibernetice, clarificarea investi\u021biilor \u00een proiecte de digitalizare<\/del><\/td><td width=\"137\"><del>2523,18<\/del><\/td><\/tr><tr><td width=\"79\">18<\/td><td width=\"425\">Curs: Securitatea Cibernetic\u0103 pentru To\u021bi [nivelul 1]<\/td><td width=\"666\">\u00cen\u021belegerea ecosistemului infrac\u021bional cibernetic \u0219i abordarea unor politici organiza\u021bionale adecvate;<\/td><td width=\"137\">490,18<\/td><\/tr><tr><td width=\"79\">19<\/td><td width=\"425\">Curs: Securitatea Cibernetic\u0103 pentru To\u021bi [nivelul 2]<\/td><td width=\"666\">\u00cen\u021belegerea ecosistemului infrac\u021bional cibernetic \u0219i abordarea unor politici organiza\u021bionale adecvate;<\/td><td width=\"137\">825,68<\/td><\/tr><tr><td width=\"79\">20<\/td><td width=\"425\">Curs: Cyber Security defender<\/td><td width=\"666\">\u00censu\u0219irea capacit\u0103\u021bii de a ac\u021biona ca \u0219i consultant sau angajat privind ap\u0103rarea organiza\u021biei \u00eempotriva amenin\u021b\u0103rilor cibernetice;<\/td><td width=\"137\">1362,06<\/td><\/tr><tr><td width=\"79\">21<\/td><td width=\"425\">Curs: Securitatea re\u021belelor industriale<\/td><td width=\"666\">\u00cenv\u0103\u021barea gestion\u0103rii subiectelor cheie de securitate cibernetic\u0103 \u00een situa\u021bii industriale cotidiene.<\/td><td width=\"137\">1183,76<\/td><\/tr><tr><td width=\"79\">22<\/td><td width=\"425\">Curs: Marketing Digital (Workshop)<\/td><td width=\"666\">Ob\u021binerea de informa\u021bii despre func\u021bionalitatea mediul digital \u0219i configurarea propriul ecosistem de canale \u0219i cea mai eficient\u0103 strategie pentru a atrage c\u00e2t mai mul\u021bi vizitatori \u0219i cump\u0103r\u0103tori pe pagina web;<\/td><td width=\"137\">752,2<\/td><\/tr><tr><td width=\"79\">23<\/td><td width=\"425\">Curs: Marketing Digital (Curs)<\/td><td width=\"666\">Ob\u021binerea de informa\u021bii despre func\u021bionalitatea mediul digital \u0219i configurarea propriul ecosistem de canale \u0219i cea mai eficient\u0103 strategie pentru a atrage c\u00e2t mai mul\u021bi vizitatori \u0219i cump\u0103r\u0103tori pe pagina web;<\/td><td width=\"137\">699,59<\/td><\/tr><tr><td width=\"79\">24<\/td><td width=\"425\">Curs: RPA (soft-robots process automation)<\/td><td width=\"666\">\u00censu\u0219irea conceptelor cheie ale Automatizarea Proceselor Robotice (RPA), a unui instrument pentru implementare pe Windows, crearea de robo\u021bi RPA, aplica\u021biile RPA \u0219i liniile directoare cheie pentru implementarea RPA<\/td><td width=\"137\">2077,88<\/td><\/tr><tr><td width=\"79\">25<\/td><td width=\"425\">Curs: Manager transformare digitala<\/td><td width=\"666\">Cunoa\u0219terea modului de proiectare a unui plan de transformare digital\u0103 \u0219i implementarea acestuia \u00een practic\u0103<\/td><td width=\"137\">2627,75<\/td><\/tr><tr><td width=\"79\">26<\/td><td width=\"425\">Curs: Arhitect intreprindere digital\u0103<\/td><td width=\"666\">Capacitatea de a folosi standardele deschise TOGAF \u0219i ArchiMate pentru a proiecta arhitectura \u00eentreprinderii (EA) \u0219i de a o pune \u00een practic\u0103<\/td><td width=\"137\">2863,2<\/td><\/tr><tr><td width=\"79\">27<\/td><td width=\"425\">Curs: Robotic\u0103 inteligent\u0103 pentru sisteme de produse-servicii [pachet A]<\/td><td width=\"666\">\u00cen\u021belegerea modelelor de afaceri conduse digital (servitizare; sistem de produs-serviciu) \u0219i unde \u0219i cum robotic\u0103 inteligent\u0103 poate \u00eembun\u0103t\u0103\u021bi valoarea ad\u0103ugat\u0103 a acestor modele de afaceri inovatoare;<\/td><td width=\"137\">6775,23<\/td><\/tr><tr><td width=\"79\">28<\/td><td width=\"425\">Curs: Securitate cl\u0103diri inteligente<\/td><td width=\"666\">\u00a0<\/td><td width=\"137\">1043,83<\/td><\/tr><tr><td width=\"79\">29<\/td><td width=\"425\">Curs: Robotica inteligenta pentru industrie Pachetul A<\/td><td width=\"666\">\u00cen\u021belegerea modului de programare a robo\u021bilor Kuka pentru aplica\u021bii de asamblare, manipulare, conturare \u0219i desen, utiliz\u00e2nd sisteme de viziune cu AI, aplica\u021bii client-server, conectivitate cloud, colectarea datelor de la senzori \u0219i analiza datelor cu ML pentru monitorizarea proceselor \u0219i \u00eentre\u021binerea preventiv\u0103;<\/td><td width=\"137\">5305,84<\/td><\/tr><tr><td width=\"79\">30<\/td><td width=\"425\">Curs: Robotica inteligenta pentru industrie Pachetul B<\/td><td width=\"666\">\u00cen\u021belegerea modului de programare a robo\u021bilor ABB pentru aplica\u021bii de asamblare, manipulare, sudur\u0103, conturare \u0219i desen, utiliz\u00e2nd sisteme de viziune cu AI, aplica\u021bii client-server, conectivitate cloud, colectarea datelor de la senzori \u0219i analiza datelor cu ML pentru monitorizarea proceselor \u0219i \u00eentre\u021binerea preventiv\u0103;<\/td><td width=\"137\">6473,15<\/td><\/tr><tr><td width=\"79\">31<\/td><td width=\"425\">Curs: Robotica inteligenta pentru industrie Pachetul C<\/td><td width=\"666\">\u00cen\u021belegerea modului de programare a robo\u021bilor Motoman, UR \u0219i Fanuc pentru aplica\u021bii de asamblare, manipulare, conturare \u0219i desen, utiliz\u00e2nd sisteme de viziune cu AI, aplica\u021bii client-server, conectivitate cloud, colectarea datelor de la senzori \u0219i analiza datelor cu ML pentru monitorizarea proceselor \u0219i \u00eentre\u021binerea preventiv\u0103<\/td><td width=\"137\">7755,05<\/td><\/tr><tr><td width=\"79\">32<\/td><td width=\"425\">Curs: Robotic\u0103 inteligent\u0103 pentru sisteme de produse-servicii [pachet B]<\/td><td width=\"666\">Cunoa\u0219terea modului de protejare a re\u021belelor de Tehnologie Opera\u021bional\u0103 (OT), inclusiv a sistemelor SCADA, PLC-uri, DCS, IED, HMI-uri \u0219i cum s\u0103 se conformeze mandatelor de securitate \u0219i reglement\u0103rilor de conformitate precum NIST, NERC CIP \u0219i NIS;<\/td><td width=\"137\">7061,73<\/td><\/tr><tr><td width=\"79\">33<\/td><td width=\"425\">Curs: Specializare \u00een securitate cibernetic\u0103 pentru industrie<\/td><td width=\"666\">Cunoa\u0219terea modului de protejare a re\u021belelor de Tehnologie Opera\u021bional\u0103 (OT), inclusiv a sistemelor SCADA, PLC-uri, DCS, IED, HMI-uri \u0219i cum s\u0103 se conformeze mandatelor de securitate \u0219i reglement\u0103rilor de conformitate precum NIST, NERC CIP \u0219i NIS;<\/td><td width=\"137\">12694,79<\/td><\/tr><tr><td width=\"79\">34<\/td><td width=\"425\">Curs: Specializare in digitalizare pentru industrie<\/td><td width=\"666\">\u00cen\u021belegerea arhitectuii, tehnologiilor \u0219i implementarea fabricilor inteligente; Acces la bune practici si exemple de succes privind transformarea digital\u0103<\/td><td width=\"137\">4125,8<\/td><\/tr><tr><td width=\"79\">35<\/td><td width=\"425\">Facilitare participare beneficiari Conferin\u021ba Interna\u021bional\u0103 Inova\u021bia \u00een Produc\u021bie DIH4Society<\/td><td width=\"666\">Acces la bune practici si exemple de succes privind transformarea digital\u0103, precum \u0219i integrarea \u00een lan\u021bul de valoare \u0219i networking-ul pentru inova\u021bie<\/td><td width=\"137\">169,84<\/td><\/tr><tr><td width=\"79\">36<\/td><td width=\"425\">Consultanta sprijin pentru investi\u021bii \u2013 Startups<\/td><td width=\"666\">Documenta\u021bie de \u00eenalt\u0103 calitate, preg\u0103tit\u0103 pentru negociere, pentru solicitarea de finan\u021bare<\/td><td width=\"137\">62554,8<\/td><\/tr><tr><td width=\"79\">37<\/td><td width=\"425\"><em><strong>Serviciu Indisponibil<\/strong><\/em><del><br \/>Consultanta sprijin pentru investi\u021bii \u2013 IMM-uri \u2013 nivel de baz\u0103<\/del><\/td><td width=\"666\"><del>Asisten\u021b\u0103 \u00een elaborarea planului de afaceri \u0219i a bugetului. Asisten\u021b\u0103 \u00een elaborarea prezent\u0103rii<\/del><\/td><td width=\"137\"><del>2132,31<\/del><\/td><\/tr><tr><td width=\"79\">38<\/td><td width=\"425\">Consultanta sprijin pentru investi\u021bii \u2013 IMM-uri \u2013 nivel avansat<\/td><td width=\"666\">Asisten\u021b\u0103 \u00een elaborarea planului de afaceri \u0219i a bugetului. Asisten\u021b\u0103 \u00een elaborarea prezent\u0103rii<\/td><td width=\"137\">4337,89<\/td><\/tr><tr><td width=\"79\">39<\/td><td width=\"425\">Facilitare participare beneficiari la Conferin\u021ba Interna\u021bional\u0103 de Transformare Digital\u0103 DIH4Society<\/td><td width=\"666\">Acces la bune practici si exemple de succes privind transformarea digital\u0103<\/td><td width=\"137\">210,9<\/td><\/tr><tr><td width=\"79\">40<\/td><td width=\"425\">Facilitare participare pentru IMM-uri la sesiuni de brokeraj CJIT<\/td><td width=\"666\">Acces la solu\u021bii de transformare digital\u0103, personalizate pe baza nevoilor \u0219i\/sau cerin\u021belor pre-evaluate<\/td><td width=\"137\">971,36<\/td><\/tr><tr><td width=\"79\">41<\/td><td width=\"425\">Facilitare participare pentru IMM-uri la sesiuni de brokeraj CCIBN<\/td><td width=\"666\">Acces la solu\u021bii de transformare digital\u0103, personalizate pe baza nevoilor \u0219i\/sau cerin\u021belor pre-evaluate<\/td><td width=\"137\">283,83<\/td><\/tr><tr><td width=\"79\">42<\/td><td width=\"425\">Facilitare participare la evenimente de matchmaking \/ B2B DIH4Society CJIT<\/td><td width=\"666\">Explorarea re\u021belei \u0219i a ecosistemului legat de transformarea digital\u0103, interconectarea cu alte p\u0103r\u021bi interesate, con\u0219tientizare;<\/td><td width=\"137\">697,21<\/td><\/tr><tr><td width=\"79\">43<\/td><td width=\"425\">Facilitare participare la evenimente de matchmaking \/ B2B DIH4Society CCIBN<\/td><td width=\"666\">Explorarea re\u021belei \u0219i a ecosistemului legat de transformarea digital\u0103, interconectarea cu alte p\u0103r\u021bi interesate, con\u0219tientizare;<\/td><td width=\"137\">435,68<\/td><\/tr><\/tbody><\/table>\t\t\t\t\t\t\t\t<\/div>\n\t\t\t\t<\/div>\n\t\t\t\t\t<\/div>\n\t\t\t\t<\/div>\n\t\t\t\t<\/div>\n\t\t","protected":false},"excerpt":{"rendered":"<p>Nr. Servicii Beneficii Valoare servicii (euro) 1 Demararea \u0219i evaluarea parcursului transform\u0103rii digitale Cre\u0219terea competitivit\u0103\u021bii afacerii, sporirea veniturilor, \u00eembun\u0103t\u0103\u021birea eficien\u021bei pornind de la valuarea maturit\u0103\u021bii digitale utilizand instrumente si metodologii furnizate de catre Comisia Europeana urmat\u0103 de elaborarea unui plan care va con\u021bine activit\u0103\u021bi de ghidare privind transformarea digital\u0103; 509,11 2 Monitorizarea vulnerabilit\u0103\u021bilor de securitate [&hellip;]<\/p>\n","protected":false},"author":1,"featured_media":0,"parent":0,"menu_order":0,"comment_status":"closed","ping_status":"closed","template":"","meta":{"footnotes":""},"class_list":["post-707","page","type-page","status-publish","hentry"],"_links":{"self":[{"href":"https:\/\/dih4society.ro\/en\/wp-json\/wp\/v2\/pages\/707","targetHints":{"allow":["GET"]}}],"collection":[{"href":"https:\/\/dih4society.ro\/en\/wp-json\/wp\/v2\/pages"}],"about":[{"href":"https:\/\/dih4society.ro\/en\/wp-json\/wp\/v2\/types\/page"}],"author":[{"embeddable":true,"href":"https:\/\/dih4society.ro\/en\/wp-json\/wp\/v2\/users\/1"}],"replies":[{"embeddable":true,"href":"https:\/\/dih4society.ro\/en\/wp-json\/wp\/v2\/comments?post=707"}],"version-history":[{"count":4,"href":"https:\/\/dih4society.ro\/en\/wp-json\/wp\/v2\/pages\/707\/revisions"}],"predecessor-version":[{"id":711,"href":"https:\/\/dih4society.ro\/en\/wp-json\/wp\/v2\/pages\/707\/revisions\/711"}],"wp:attachment":[{"href":"https:\/\/dih4society.ro\/en\/wp-json\/wp\/v2\/media?parent=707"}],"curies":[{"name":"wp","href":"https:\/\/api.w.org\/{rel}","templated":true}]}}