{"id":761,"date":"2025-09-22T11:26:58","date_gmt":"2025-09-22T11:26:58","guid":{"rendered":"https:\/\/dih4society.ro\/?page_id=761"},"modified":"2025-09-22T11:29:37","modified_gmt":"2025-09-22T11:29:37","slug":"descriere-servicii-apel-3-de-selectie-imm-bihor","status":"publish","type":"page","link":"https:\/\/dih4society.ro\/en\/descriere-servicii-apel-3-de-selectie-imm-bihor\/","title":{"rendered":"Descriere servicii &#8211; Apel 3 de selec\u021bie IMM \u2013 BIHOR"},"content":{"rendered":"\t\t<div data-elementor-type=\"wp-page\" data-elementor-id=\"761\" class=\"elementor elementor-761\" data-elementor-post-type=\"page\">\n\t\t\t\t<div class=\"elementor-element elementor-element-e28c186 e-flex e-con-boxed e-con e-parent\" data-id=\"e28c186\" data-element_type=\"container\" data-e-type=\"container\" data-settings=\"{&quot;background_background&quot;:&quot;classic&quot;}\">\n\t\t\t\t\t<div class=\"e-con-inner\">\n\t\t<div class=\"elementor-element elementor-element-0d65dee e-con-full e-flex e-con e-child\" data-id=\"0d65dee\" data-element_type=\"container\" data-e-type=\"container\">\n\t\t<div class=\"elementor-element elementor-element-1363b3f e-con-full e-flex e-con e-child\" data-id=\"1363b3f\" data-element_type=\"container\" data-e-type=\"container\">\n\t\t\t\t<\/div>\n\t\t\t\t<\/div>\n\t\t\t\t\t<\/div>\n\t\t\t\t<\/div>\n\t\t<div class=\"elementor-element elementor-element-61b269e e-flex e-con-boxed e-con e-parent\" data-id=\"61b269e\" data-element_type=\"container\" data-e-type=\"container\">\n\t\t\t\t\t<div class=\"e-con-inner\">\n\t\t\t\t<div class=\"elementor-element elementor-element-76907f0 elementor-widget elementor-widget-image\" data-id=\"76907f0\" data-element_type=\"widget\" data-e-type=\"widget\" data-widget_type=\"image.default\">\n\t\t\t\t\t\t\t\t\t\t\t\t\t\t\t<img fetchpriority=\"high\" decoding=\"async\" width=\"2560\" height=\"171\" src=\"https:\/\/dih4society.ro\/wp-content\/uploads\/2025\/09\/eDIH4Society_funding_H-1000-px-scaled-1.webp\" class=\"attachment-full size-full wp-image-659\" alt=\"\" srcset=\"https:\/\/dih4society.ro\/wp-content\/uploads\/2025\/09\/eDIH4Society_funding_H-1000-px-scaled-1.webp 2560w, https:\/\/dih4society.ro\/wp-content\/uploads\/2025\/09\/eDIH4Society_funding_H-1000-px-scaled-1-300x20.webp 300w, https:\/\/dih4society.ro\/wp-content\/uploads\/2025\/09\/eDIH4Society_funding_H-1000-px-scaled-1-1024x68.webp 1024w, https:\/\/dih4society.ro\/wp-content\/uploads\/2025\/09\/eDIH4Society_funding_H-1000-px-scaled-1-768x51.webp 768w, https:\/\/dih4society.ro\/wp-content\/uploads\/2025\/09\/eDIH4Society_funding_H-1000-px-scaled-1-1536x103.webp 1536w, https:\/\/dih4society.ro\/wp-content\/uploads\/2025\/09\/eDIH4Society_funding_H-1000-px-scaled-1-2048x137.webp 2048w, https:\/\/dih4society.ro\/wp-content\/uploads\/2025\/09\/eDIH4Society_funding_H-1000-px-scaled-1-18x1.webp 18w\" sizes=\"(max-width: 2560px) 100vw, 2560px\" \/>\t\t\t\t\t\t\t\t\t\t\t\t\t\t\t<\/div>\n\t\t<div class=\"elementor-element elementor-element-8dc4b53 e-con-full e-flex elementor-invisible e-con e-child\" data-id=\"8dc4b53\" data-element_type=\"container\" data-e-type=\"container\" data-settings=\"{&quot;animation&quot;:&quot;fadeInUp&quot;}\">\n\t\t\t\t<div class=\"elementor-element elementor-element-9d107ac elementor-widget elementor-widget-text-editor\" data-id=\"9d107ac\" data-element_type=\"widget\" data-e-type=\"widget\" data-widget_type=\"text-editor.default\">\n\t\t\t\t\t\t\t\t\t<table><tbody><tr><td><strong>Nr.<\/strong><\/td><td><strong>Servicii<\/strong><\/td><td><strong>Beneficii<\/strong><\/td><td><strong>Valoare servicii (euro)<\/strong><\/td><\/tr><tr><td>1<\/td><td><strong><em>Demararea \u0219i evaluarea parcursului transform\u0103rii digitale<\/em><\/strong><\/td><td>Cre\u0219terea competitivit\u0103\u021bii afacerii, sporirea veniturilor, \u00eembun\u0103t\u0103\u021birea eficien\u021bei pornind de la valuarea maturit\u0103\u021bii digitale utilizand instrumente si metodologii furnizate de catre Comisia Europeana urmat\u0103 de elaborarea unui plan care va con\u021bine activit\u0103\u021bi de ghidare privind transformarea digital\u0103;<\/td><td>509,11<\/td><\/tr><tr><td>2<\/td><td><strong><em>Acces la laboratoare \u0219i infrastructura de testare UO \u2013 Laborator Inovare<\/em><\/strong><\/td><td>Dintre solu\u0163iile oferite amintim: Achizi\u021bia datelor utiliz\u00e2nd senzori pe fibr\u0103 optic\u0103; Automatiz\u0103ri industriale, cu ac\u021bion\u0103ri electrice \u0219i comand\u0103 prin PLC, Arduino \u0219i Raspberry Pi; Diagnoza defectelor sistemelor robotizate utiliz\u00e2nd m\u0103surarea vibra\u021biilor \u0219i termografia \u00een infraro\u0219u etc.<\/td><td>1836,96<\/td><\/tr><tr><td>3<\/td><td><strong><em>Acces la laboratoare \u0219i infrastructura de testare UO \u2013 Laborator Productica<\/em><\/strong><\/td><td>Dintre solu\u0163iile oferite amintim: programarea robo\u021bilor ABB, Kuka, Fanuc; programare CNC 3 \u0219i 4 axe; rogramare CNC 5 axe; achizi\u021bia datelor;\u00a0 automatiz\u0103ri industriale, programare PLC, microcontroler.<\/td><td>1836,96<\/td><\/tr><tr><td>4<\/td><td><strong><em>Acces la laboratoare \u0219i infrastructura de testare UO \u2013 Laborator Intelbuild<\/em><\/strong><\/td><td>Dintre solu\u0163iile oferite amintim: Hidraulic\u0103 industrial\u0103 \u0219i mobil\u0103; Pneumatic\u0103 industrial\u0103; Comanda \u0219i programarea robo\u021bilor mobili. automatiz\u0103ri industriale, programare PLC, microcontroler.<\/td><td>1836,96<\/td><\/tr><tr><td>5<\/td><td>Monitorizarea vulnerabilit\u0103\u021bilor de securitate cibernetic\u0103<\/td><td>Vizualizarea tipurilor \u0219i intensit\u0103\u021bilor atacurilor cibernetice \u0219i furnizarea de informa\u021bii pentru planurile viitoare de reducere a vulnerabilit\u0103\u021bilor;<\/td><td>1,789.26<\/td><\/tr><tr><td>6<\/td><td>Configurare testare lansare- iesire<\/td><td>\u00cembun\u0103t\u0103\u021birea capacit\u0103\u021bilor de protec\u021bie ale re\u021belelor \u00eempotriva diverselor exploata\u021bii;<\/td><td>581,89<\/td><\/tr><tr><td>7<\/td><td>Acces la laboratoare \u0219i infrastructura de testare CJIT<\/td><td>Acces la laboratoare demo \u0219i de experimentare, care fac parte din ecosistemul DIH4Society sau din re\u021beaua EDIH;<\/td><td>2588,29<\/td><\/tr><tr><td>8<\/td><td>Acces la laboratoare \u0219i infrastructura de testare CCIBN<\/td><td>Acces la laboratoare demo \u0219i de experimentare, care fac parte din ecosistemul DIH4Society sau din re\u021beaua EDIH;<\/td><td>2588,29<\/td><\/tr><tr><td>9<\/td><td>Acces la laboratoare \u0219i infrastructura de testare UTCN<\/td><td>Acces la laboratoare demo \u0219i de experimentare, care fac parte din ecosistemul DIH4Society sau din re\u021beaua EDIH;<\/td><td>22397,46<\/td><\/tr><tr><td>10<\/td><td>Modelarea proceselor pentru Automatizarea Proceselor Robotice (RPA)<\/td><td>\u00censu\u0219irea conceptelor cheie ale Automatizarea Proceselor Robotice (RPA), a unui instrument pentru implementare pe Windows, crearea de robo\u021bi RPA, aplica\u021biile RPA \u0219i liniile directoare cheie pentru implementarea RPA<\/td><td>11788,99<\/td><\/tr><tr><td>11<\/td><td>Robotic\u0103 social\u0103 \u2013 func\u021bii \u0219i proiectare arhitectura de proces<\/td><td>Investi\u021bii pentru digitalizare \u00een ceea ce prive\u0219te tehnologiile inteligente<\/td><td>3720,42<\/td><\/tr><tr><td>12<\/td><td>Curs: Securitatea Cibernetic\u0103 pentru To\u021bi [nivelul 1]<\/td><td>\u00cen\u021belegerea ecosistemului infrac\u021bional cibernetic \u0219i abordarea unor politici organiza\u021bionale adecvate;<\/td><td>490,18<\/td><\/tr><tr><td>13<\/td><td>Curs: Securitatea Cibernetic\u0103 pentru To\u021bi [nivelul 2]<\/td><td>\u00cen\u021belegerea ecosistemului infrac\u021bional cibernetic \u0219i abordarea unor politici organiza\u021bionale adecvate;<\/td><td>825,68<\/td><\/tr><tr><td>14<\/td><td>Curs: Cyber Security defender<\/td><td>\u00censu\u0219irea capacit\u0103\u021bii de a ac\u021biona ca \u0219i consultant sau angajat privind ap\u0103rarea organiza\u021biei \u00eempotriva amenin\u021b\u0103rilor cibernetice;<\/td><td>1362,06<\/td><\/tr><tr><td>15<\/td><td>Curs: Securitatea re\u021belelor industriale<\/td><td>\u00cenv\u0103\u021barea gestion\u0103rii subiectelor cheie de securitate cibernetic\u0103 \u00een situa\u021bii industriale cotidiene.<\/td><td>1183,76<\/td><\/tr><tr><td>16<\/td><td>Curs: Marketing Digital (Workshop)<\/td><td>Ob\u021binerea de informa\u021bii despre func\u021bionalitatea mediul digital \u0219i configurarea propriul ecosistem de canale \u0219i cea mai eficient\u0103 strategie pentru a atrage c\u00e2t mai mul\u021bi vizitatori \u0219i cump\u0103r\u0103tori pe pagina web;<\/td><td>752,2<\/td><\/tr><tr><td>17<\/td><td>Curs: Marketing Digital (Curs)<\/td><td>Ob\u021binerea de informa\u021bii despre func\u021bionalitatea mediul digital \u0219i configurarea propriul ecosistem de canale \u0219i cea mai eficient\u0103 strategie pentru a atrage c\u00e2t mai mul\u021bi vizitatori \u0219i cump\u0103r\u0103tori pe pagina web;<\/td><td>699,59<\/td><\/tr><tr><td>18<\/td><td>Curs: RPA (soft-robots process automation)<\/td><td>\u00censu\u0219irea conceptelor cheie ale Automatizarea Proceselor Robotice (RPA), a unui instrument pentru implementare pe Windows, crearea de robo\u021bi RPA, aplica\u021biile RPA \u0219i liniile directoare cheie pentru implementarea RPA<\/td><td>2077,88<\/td><\/tr><tr><td>19<\/td><td>Curs: Manager transformare digitala<\/td><td>Cunoa\u0219terea modului de proiectare a unui plan de transformare digital\u0103 \u0219i implementarea acestuia \u00een practic\u0103<\/td><td>2627,75<\/td><\/tr><tr><td>20<\/td><td>Curs: Arhitect intreprindere digital\u0103<\/td><td>Capacitatea de a folosi standardele deschise TOGAF \u0219i ArchiMate pentru a proiecta arhitectura \u00eentreprinderii (EA) \u0219i de a o pune \u00een practic\u0103<\/td><td>2863,2<\/td><\/tr><tr><td>21<\/td><td>Curs: Robotic\u0103 inteligent\u0103 pentru sisteme de produse-servicii [pachet A]<\/td><td>\u00cen\u021belegerea modelelor de afaceri conduse digital (servitizare; sistem de produs-serviciu) \u0219i unde \u0219i cum robotic\u0103 inteligent\u0103 poate \u00eembun\u0103t\u0103\u021bi valoarea ad\u0103ugat\u0103 a acestor modele de afaceri inovatoare;<\/td><td>6775,23<\/td><\/tr><tr><td>22<\/td><td>Curs: Securitate cl\u0103diri inteligente<\/td><td>\u00a0<\/td><td>1043,83<\/td><\/tr><tr><td>23<\/td><td>Curs: Robotica inteligenta pentru industrie Pachetul A<\/td><td>\u00cen\u021belegerea modului de programare a robo\u021bilor Kuka pentru aplica\u021bii de asamblare, manipulare, conturare \u0219i desen, utiliz\u00e2nd sisteme de viziune cu AI, aplica\u021bii client-server, conectivitate cloud, colectarea datelor de la senzori \u0219i analiza datelor cu ML pentru monitorizarea proceselor \u0219i \u00eentre\u021binerea preventiv\u0103;<\/td><td>5305,84<\/td><\/tr><tr><td>24<\/td><td>Curs: Robotica inteligenta pentru industrie Pachetul B<\/td><td>\u00cen\u021belegerea modului de programare a robo\u021bilor ABB pentru aplica\u021bii de asamblare, manipulare, sudur\u0103, conturare \u0219i desen, utiliz\u00e2nd sisteme de viziune cu AI, aplica\u021bii client-server, conectivitate cloud, colectarea datelor de la senzori \u0219i analiza datelor cu ML pentru monitorizarea proceselor \u0219i \u00eentre\u021binerea preventiv\u0103;<\/td><td>6473,15<\/td><\/tr><tr><td>25<\/td><td>Curs: Robotica inteligenta pentru industrie Pachetul C<\/td><td>\u00cen\u021belegerea modului de programare a robo\u021bilor Motoman, UR \u0219i Fanuc pentru aplica\u021bii de asamblare, manipulare, conturare \u0219i desen, utiliz\u00e2nd sisteme de viziune cu AI, aplica\u021bii client-server, conectivitate cloud, colectarea datelor de la senzori \u0219i analiza datelor cu ML pentru monitorizarea proceselor \u0219i \u00eentre\u021binerea preventiv\u0103<\/td><td>7755,05<\/td><\/tr><tr><td>26<\/td><td>Curs: Robotic\u0103 inteligent\u0103 pentru sisteme de produse-servicii [pachet B]<\/td><td>Cunoa\u0219terea modului de protejare a re\u021belelor de Tehnologie Opera\u021bional\u0103 (OT), inclusiv a sistemelor SCADA, PLC-uri, DCS, IED, HMI-uri \u0219i cum s\u0103 se conformeze mandatelor de securitate \u0219i reglement\u0103rilor de conformitate precum NIST, NERC CIP \u0219i NIS;<\/td><td>7061,73<\/td><\/tr><tr><td>27<\/td><td>Curs: Specializare \u00een securitate cibernetic\u0103 pentru industrie<\/td><td>Cunoa\u0219terea modului de protejare a re\u021belelor de Tehnologie Opera\u021bional\u0103 (OT), inclusiv a sistemelor SCADA, PLC-uri, DCS, IED, HMI-uri \u0219i cum s\u0103 se conformeze mandatelor de securitate \u0219i reglement\u0103rilor de conformitate precum NIST, NERC CIP \u0219i NIS;<\/td><td>12694,79<\/td><\/tr><tr><td>28<\/td><td>Curs: Specializare in digitalizare pentru industrie<\/td><td>\u00cen\u021belegerea arhitectuii, tehnologiilor \u0219i implementarea fabricilor inteligente; Acces la bune practici si exemple de succes privind transformarea digital\u0103<\/td><td>4125,8<\/td><\/tr><tr><td>29<\/td><td>Facilitare participare beneficiari Conferin\u021ba Interna\u021bional\u0103 Inova\u021bia \u00een Produc\u021bie DIH4Society<\/td><td>Acces la bune practici si exemple de succes privind transformarea digital\u0103, precum \u0219i integrarea \u00een lan\u021bul de valoare \u0219i networking-ul pentru inova\u021bie<\/td><td>169,84<\/td><\/tr><tr><td>30<\/td><td>Consultanta sprijin pentru investi\u021bii \u2013 Startups<\/td><td>Documenta\u021bie de \u00eenalt\u0103 calitate, preg\u0103tit\u0103 pentru negociere, pentru solicitarea de finan\u021bare<\/td><td>62554,8<\/td><\/tr><tr><td>31<\/td><td>Consultanta sprijin pentru investi\u021bii \u2013 IMM-uri \u2013 nivel avansat<\/td><td>Asisten\u021b\u0103 \u00een elaborarea planului de afaceri \u0219i a bugetului. Asisten\u021b\u0103 \u00een elaborarea prezent\u0103rii<\/td><td>4337,89<\/td><\/tr><tr><td>32<\/td><td>Facilitare participare beneficiari la Conferin\u021ba Interna\u021bional\u0103 de Transformare Digital\u0103 DIH4Society<\/td><td>Acces la bune practici si exemple de succes privind transformarea digital\u0103<\/td><td>210,9<\/td><\/tr><tr><td>33<\/td><td>Facilitare participare pentru IMM-uri la sesiuni de brokeraj CJIT<\/td><td>Acces la solu\u021bii de transformare digital\u0103, personalizate pe baza nevoilor \u0219i\/sau cerin\u021belor pre-evaluate<\/td><td>971,36<\/td><\/tr><tr><td>34<\/td><td>Facilitare participare pentru IMM-uri la sesiuni de brokeraj CCIBN<\/td><td>Acces la solu\u021bii de transformare digital\u0103, personalizate pe baza nevoilor \u0219i\/sau cerin\u021belor pre-evaluate<\/td><td>283,83<\/td><\/tr><tr><td>35<\/td><td>Facilitare participare la evenimente de matchmaking \/ B2B DIH4Society CJIT<\/td><td>Explorarea re\u021belei \u0219i a ecosistemului legat de transformarea digital\u0103, interconectarea cu alte p\u0103r\u021bi interesate, con\u0219tientizare;<\/td><td>697,21<\/td><\/tr><tr><td>36<\/td><td>Facilitare participare la evenimente de matchmaking \/ B2B DIH4Society CCIBN<\/td><td>Explorarea re\u021belei \u0219i a ecosistemului legat de transformarea digital\u0103, interconectarea cu alte p\u0103r\u021bi interesate, con\u0219tientizare;<\/td><td>435,68<\/td><\/tr><\/tbody><\/table>\t\t\t\t\t\t\t\t<\/div>\n\t\t\t\t<\/div>\n\t\t\t\t\t<\/div>\n\t\t\t\t<\/div>\n\t\t\t\t<\/div>\n\t\t","protected":false},"excerpt":{"rendered":"<p>Nr. Servicii Beneficii Valoare servicii (euro) 1 Demararea \u0219i evaluarea parcursului transform\u0103rii digitale Cre\u0219terea competitivit\u0103\u021bii afacerii, sporirea veniturilor, \u00eembun\u0103t\u0103\u021birea eficien\u021bei pornind de la valuarea maturit\u0103\u021bii digitale utilizand instrumente si metodologii furnizate de catre Comisia Europeana urmat\u0103 de elaborarea unui plan care va con\u021bine activit\u0103\u021bi de ghidare privind transformarea digital\u0103; 509,11 2 Acces la laboratoare \u0219i [&hellip;]<\/p>\n","protected":false},"author":1,"featured_media":0,"parent":0,"menu_order":0,"comment_status":"closed","ping_status":"closed","template":"","meta":{"footnotes":""},"class_list":["post-761","page","type-page","status-publish","hentry"],"_links":{"self":[{"href":"https:\/\/dih4society.ro\/en\/wp-json\/wp\/v2\/pages\/761","targetHints":{"allow":["GET"]}}],"collection":[{"href":"https:\/\/dih4society.ro\/en\/wp-json\/wp\/v2\/pages"}],"about":[{"href":"https:\/\/dih4society.ro\/en\/wp-json\/wp\/v2\/types\/page"}],"author":[{"embeddable":true,"href":"https:\/\/dih4society.ro\/en\/wp-json\/wp\/v2\/users\/1"}],"replies":[{"embeddable":true,"href":"https:\/\/dih4society.ro\/en\/wp-json\/wp\/v2\/comments?post=761"}],"version-history":[{"count":4,"href":"https:\/\/dih4society.ro\/en\/wp-json\/wp\/v2\/pages\/761\/revisions"}],"predecessor-version":[{"id":765,"href":"https:\/\/dih4society.ro\/en\/wp-json\/wp\/v2\/pages\/761\/revisions\/765"}],"wp:attachment":[{"href":"https:\/\/dih4society.ro\/en\/wp-json\/wp\/v2\/media?parent=761"}],"curies":[{"name":"wp","href":"https:\/\/api.w.org\/{rel}","templated":true}]}}