{"id":795,"date":"2025-09-22T11:53:30","date_gmt":"2025-09-22T11:53:30","guid":{"rendered":"https:\/\/dih4society.ro\/?page_id=795"},"modified":"2025-11-26T10:08:24","modified_gmt":"2025-11-26T07:08:24","slug":"apel-2-de-selectie-institutii-publice","status":"publish","type":"page","link":"https:\/\/dih4society.ro\/en\/apel-2-de-selectie-institutii-publice\/","title":{"rendered":"Public Institutions Call for Selection 2"},"content":{"rendered":"<div data-elementor-type=\"wp-page\" data-elementor-id=\"795\" class=\"elementor elementor-795\" data-elementor-post-type=\"page\">\n\t\t\t\t<div class=\"elementor-element elementor-element-07209f6 e-flex e-con-boxed e-con e-parent\" data-id=\"07209f6\" data-element_type=\"container\" data-e-type=\"container\" data-settings=\"{&quot;background_background&quot;:&quot;classic&quot;}\">\n\t\t\t\t\t<div class=\"e-con-inner\">\n\t\t<div class=\"elementor-element elementor-element-5e0fafb e-con-full e-flex e-con e-child\" data-id=\"5e0fafb\" data-element_type=\"container\" data-e-type=\"container\">\n\t\t<div class=\"elementor-element elementor-element-0177d6b e-con-full e-flex e-con e-child\" data-id=\"0177d6b\" data-element_type=\"container\" data-e-type=\"container\">\n\t\t\t\t<\/div>\n\t\t\t\t<\/div>\n\t\t\t\t\t<\/div>\n\t\t\t\t<\/div>\n\t\t<div class=\"elementor-element elementor-element-d846f6d e-flex e-con-boxed e-con e-parent\" data-id=\"d846f6d\" data-element_type=\"container\" data-e-type=\"container\">\n\t\t\t\t\t<div class=\"e-con-inner\">\n\t\t<div class=\"elementor-element elementor-element-c45f0f1 e-con-full e-flex elementor-invisible e-con e-child\" data-id=\"c45f0f1\" data-element_type=\"container\" data-e-type=\"container\" data-settings=\"{&quot;animation&quot;:&quot;fadeInUp&quot;}\">\n\t\t\t\t<div class=\"elementor-element elementor-element-cec54b3 elementor-widget elementor-widget-text-editor\" data-id=\"cec54b3\" data-element_type=\"widget\" data-e-type=\"widget\" data-widget_type=\"text-editor.default\">\n\t\t\t\t\t\t\t\t\t<p>DIH4Society lanseaz\u0103 un apel de selec\u021bie pentru Institu\u021biile Publice Locale (IPL) din Rom\u00e2nia, oferind acces gratuit la servicii de digitalizare, finan\u021bate prin Programul Europa Digital\u0103 \u0219i POCIDIF. Scopul proiectului este de a sprijini transformarea digital\u0103 \u0219i securitatea cibernetic\u0103 a institu\u021biilor publice, cu beneficii variate: de la evaluarea maturit\u0103\u021bii digitale \u0219i arhitectura digital\u0103, la testarea vulnerabilit\u0103\u021bilor de securitate \u0219i implementarea roboticii inteligente.<\/p>\t\t\t\t\t\t\t\t<\/div>\n\t\t\t\t<\/div>\n\t\t<div class=\"elementor-element elementor-element-984c4f2 e-con-full e-flex elementor-invisible e-con e-child\" data-id=\"984c4f2\" data-element_type=\"container\" data-e-type=\"container\" data-settings=\"{&quot;animation&quot;:&quot;fadeInUp&quot;}\">\n\t\t<div class=\"elementor-element elementor-element-1bfe309 e-con-full e-flex e-con e-child\" data-id=\"1bfe309\" data-element_type=\"container\" data-e-type=\"container\">\n\t\t\t\t<div class=\"elementor-element elementor-element-634db1c elementor-align-center elementor-mobile-align-center elementor-widget elementor-widget-button\" data-id=\"634db1c\" data-element_type=\"widget\" data-e-type=\"widget\" data-widget_type=\"button.default\">\n\t\t\t\t\t\t\t\t\t\t<a class=\"elementor-button elementor-button-link elementor-size-sm\" href=\"https:\/\/dih4society.ro\/wp-content\/uploads\/2025\/11\/Ghid_Apel_2_Beneficiari_IP_DIH4Society-V3.zip\">\n\t\t\t\t\t\t<span class=\"elementor-button-content-wrapper\">\n\t\t\t\t\t\t\t\t\t<span class=\"elementor-button-text\">Download the full guide<\/span>\n\t\t\t\t\t<\/span>\n\t\t\t\t\t<\/a>\n\t\t\t\t\t\t\t\t<\/div>\n\t\t\t\t<\/div>\n\t\t<div class=\"elementor-element elementor-element-8cda5de e-con-full e-flex e-con e-child\" data-id=\"8cda5de\" data-element_type=\"container\" data-e-type=\"container\">\n\t\t\t\t<div class=\"elementor-element elementor-element-42cd0f5 elementor-align-center elementor-mobile-align-center elementor-widget elementor-widget-button\" data-id=\"42cd0f5\" data-element_type=\"widget\" data-e-type=\"widget\" data-widget_type=\"button.default\">\n\t\t\t\t\t\t\t\t\t\t<a class=\"elementor-button elementor-button-link elementor-size-sm\" href=\"https:\/\/dih4society.ro\/en\/descriere-servicii-apel-2-de-selectie-institutii-publice\/\">\n\t\t\t\t\t\t<span class=\"elementor-button-content-wrapper\">\n\t\t\t\t\t\t\t\t\t<span class=\"elementor-button-text\">Vezi descriere servicii<\/span>\n\t\t\t\t\t<\/span>\n\t\t\t\t\t<\/a>\n\t\t\t\t\t\t\t\t<\/div>\n\t\t\t\t<\/div>\n\t\t<div class=\"elementor-element elementor-element-f222ca7 e-con-full e-flex e-con e-child\" data-id=\"f222ca7\" data-element_type=\"container\" data-e-type=\"container\">\n\t\t\t\t<div class=\"elementor-element elementor-element-359c750 elementor-align-center elementor-mobile-align-center elementor-widget elementor-widget-button\" data-id=\"359c750\" data-element_type=\"widget\" data-e-type=\"widget\" data-widget_type=\"button.default\">\n\t\t\t\t\t\t\t\t\t\t<a class=\"elementor-button elementor-button-link elementor-size-sm\" href=\"https:\/\/dih4society.ro\/en\/formular-apel-2-de-selectie-institutii-publice\/\">\n\t\t\t\t\t\t<span class=\"elementor-button-content-wrapper\">\n\t\t\t\t\t\t\t\t\t<span class=\"elementor-button-text\">Formular de aplicare<\/span>\n\t\t\t\t\t<\/span>\n\t\t\t\t\t<\/a>\n\t\t\t\t\t\t\t\t<\/div>\n\t\t\t\t<\/div>\n\t\t\t\t<\/div>\n\t\t<div class=\"elementor-element elementor-element-0ed3ad9 e-con-full e-flex elementor-invisible e-con e-child\" data-id=\"0ed3ad9\" data-element_type=\"container\" data-e-type=\"container\" data-settings=\"{&quot;animation&quot;:&quot;fadeInUp&quot;}\">\n\t\t\t\t<div class=\"elementor-element elementor-element-c15a612 elementor-widget elementor-widget-text-editor\" data-id=\"c15a612\" data-element_type=\"widget\" data-e-type=\"widget\" data-widget_type=\"text-editor.default\">\n\t\t\t\t\t\t\t\t\t<p><em>Apelul de selec\u021bie pentru Institu\u021bii publice a fost modificat \u00een data de 31.10.2025 prin Corrigendum 3<\/em><\/p><p><em>Apelul de selec\u021bie pentru Institu\u021bii publice a fost modificat \u00een data de 29.08.2025 prin Corrigendum 2<\/em><\/p><p><em>Apelul de selec\u021bie pentru Institu\u021bii publice a fost modificat \u00een data de 30.05.2025 prin Corrigendum 1<\/em><\/p>\t\t\t\t\t\t\t\t<\/div>\n\t\t<div class=\"elementor-element elementor-element-8c3ea95 e-con-full e-flex e-con e-child\" data-id=\"8c3ea95\" data-element_type=\"container\" data-e-type=\"container\">\n\t\t\t\t<div class=\"elementor-element elementor-element-59af66c elementor-widget elementor-widget-heading\" data-id=\"59af66c\" data-element_type=\"widget\" data-e-type=\"widget\" data-widget_type=\"heading.default\">\n\t\t\t\t\t<h4 class=\"elementor-heading-title elementor-size-default\">Detalii \u0219i Criterii de Eligibilitate<\/h4>\t\t\t\t<\/div>\n\t\t<div class=\"elementor-element elementor-element-0621f6d e-con-full e-flex elementor-invisible e-con e-child\" data-id=\"0621f6d\" data-element_type=\"container\" data-e-type=\"container\" data-settings=\"{&quot;animation&quot;:&quot;fadeInUp&quot;}\">\n\t\t\t\t<div class=\"elementor-element elementor-element-e95838c elementor-widget elementor-widget-text-editor\" data-id=\"e95838c\" data-element_type=\"widget\" data-e-type=\"widget\" data-widget_type=\"text-editor.default\">\n\t\t\t\t\t\t\t\t\t<p>Pentru a beneficia de aceste servicii, institu\u021biile trebuie s\u0103 aib\u0103 sediul \u00een Rom\u00e2nia \u0219i s\u0103\u00a0se \u00eencadreze \u00een defini\u021bia unei autorit\u0103\u021bi publice, adic\u0103 orice organ de stat sau al unit\u0103\u0163ilor administrativ-teritoriale care ac\u0163ioneaz\u0103 \u00een regim de putere public\u0103 pentru satisfacerea unui interes public.\u00a0Valoarea serviciilor solicitate trebuie s\u0103 se \u00eencadreze \u00eentre 3.500 \u0219i 35.000 euro.<\/p>\t\t\t\t\t\t\t\t<\/div>\n\t\t\t\t<\/div>\n\t\t\t\t<\/div>\n\t\t\t\t<\/div>\n\t\t\t\t\t<\/div>\n\t\t\t\t<\/div>\n\t\t<div class=\"elementor-element elementor-element-316ad84 e-flex e-con-boxed elementor-invisible e-con e-child\" data-id=\"316ad84\" data-element_type=\"container\" data-e-type=\"container\" data-settings=\"{&quot;animation&quot;:&quot;fadeInUp&quot;}\">\n\t\t\t\t\t<div class=\"e-con-inner\">\n\t\t<div class=\"elementor-element elementor-element-73e081d e-con-full e-flex e-con e-child\" data-id=\"73e081d\" data-element_type=\"container\" data-e-type=\"container\">\n\t\t\t\t<div class=\"elementor-element elementor-element-e2dc434 elementor-widget elementor-widget-heading\" data-id=\"e2dc434\" data-element_type=\"widget\" data-e-type=\"widget\" data-widget_type=\"heading.default\">\n\t\t\t\t\t<h4 class=\"elementor-heading-title elementor-size-default\">Criterii de Selec\u021bie<\/h4>\t\t\t\t<\/div>\n\t\t<div class=\"elementor-element elementor-element-0af97c1 e-con-full e-flex elementor-invisible e-con e-child\" data-id=\"0af97c1\" data-element_type=\"container\" data-e-type=\"container\" data-settings=\"{&quot;animation&quot;:&quot;fadeInUp&quot;}\">\n\t\t\t\t<div class=\"elementor-element elementor-element-fa10b50 elementor-widget elementor-widget-text-editor\" data-id=\"fa10b50\" data-element_type=\"widget\" data-e-type=\"widget\" data-widget_type=\"text-editor.default\">\n\t\t\t\t\t\t\t\t\t<p>Selec\u021bia va fi bazat\u0103 pe impactul regional, num\u0103rul de beneficiari deservi\u021bi, angajamentul de investi\u021bie \u00een digitalizare \u0219i o discu\u021bie\/interviu de evaluare. Detalii privind criterii \u0219i punctaje se reg\u0103sesc \u00een\u00a0<b>Ghidul Solicitantului<\/b>.<\/p>\t\t\t\t\t\t\t\t<\/div>\n\t\t\t\t<\/div>\n\t\t\t\t<\/div>\n\t\t\t\t\t<\/div>\n\t\t\t\t<\/div>\n\t\t<div class=\"elementor-element elementor-element-2009bdf e-flex e-con-boxed e-con e-parent\" data-id=\"2009bdf\" data-element_type=\"container\" data-e-type=\"container\">\n\t\t\t\t\t<div class=\"e-con-inner\">\n\t\t<div class=\"elementor-element elementor-element-2395e76 e-con-full e-flex e-con e-child\" data-id=\"2395e76\" data-element_type=\"container\" data-e-type=\"container\">\n\t\t\t\t<div class=\"elementor-element elementor-element-ef49cbf elementor-widget elementor-widget-heading\" data-id=\"ef49cbf\" data-element_type=\"widget\" data-e-type=\"widget\" data-widget_type=\"heading.default\">\n\t\t\t\t\t<h4 class=\"elementor-heading-title elementor-size-default\">Pa\u0219ii pentru \u00censcriere<\/h4>\t\t\t\t<\/div>\n\t\t<div class=\"elementor-element elementor-element-8034ad9 e-con-full e-flex elementor-invisible e-con e-child\" data-id=\"8034ad9\" data-element_type=\"container\" data-e-type=\"container\" data-settings=\"{&quot;animation&quot;:&quot;fadeInUp&quot;}\">\n\t\t\t\t<div class=\"elementor-element elementor-element-442bbbc elementor-widget elementor-widget-text-editor\" data-id=\"442bbbc\" data-element_type=\"widget\" data-e-type=\"widget\" data-widget_type=\"text-editor.default\">\n\t\t\t\t\t\t\t\t\t<ul><li>Consulta\u021bi\u00a0<strong>Lista Serviciilor Disponibile<\/strong>\u00a0pentru a identifica solu\u021biile potrivite.<\/li><li>Completa\u021bi\u00a0<strong>Formularul de \u00censcriere<\/strong>.<\/li><li>Urma\u021bi procesul de evaluare \u0219i interviu.<\/li><li>Primi\u021bi un deviz personalizat al serviciilor.<\/li><li>Semna\u021bi contractul pentru a \u00eencepe colaborarea.<\/li><\/ul>\t\t\t\t\t\t\t\t<\/div>\n\t\t\t\t<\/div>\n\t\t\t\t<\/div>\n\t\t\t\t\t<\/div>\n\t\t\t\t<\/div>\n\t\t<div class=\"elementor-element elementor-element-e68031a e-flex e-con-boxed elementor-invisible e-con e-child\" data-id=\"e68031a\" data-element_type=\"container\" data-e-type=\"container\" data-settings=\"{&quot;animation&quot;:&quot;fadeInUp&quot;}\">\n\t\t\t\t\t<div class=\"e-con-inner\">\n\t\t<div class=\"elementor-element elementor-element-2040790 e-con-full e-flex e-con e-child\" data-id=\"2040790\" data-element_type=\"container\" data-e-type=\"container\">\n\t\t\t\t<div class=\"elementor-element elementor-element-d97cd1f elementor-widget elementor-widget-heading\" data-id=\"d97cd1f\" data-element_type=\"widget\" data-e-type=\"widget\" data-widget_type=\"heading.default\">\n\t\t\t\t\t<h4 class=\"elementor-heading-title elementor-size-default\">Calendarul apelului<\/h4>\t\t\t\t<\/div>\n\t\t<div class=\"elementor-element elementor-element-cb7e621 e-con-full e-flex elementor-invisible e-con e-child\" data-id=\"cb7e621\" data-element_type=\"container\" data-e-type=\"container\" data-settings=\"{&quot;animation&quot;:&quot;fadeInUp&quot;}\">\n\t\t\t\t<div class=\"elementor-element elementor-element-148c25f elementor-widget elementor-widget-text-editor\" data-id=\"148c25f\" data-element_type=\"widget\" data-e-type=\"widget\" data-widget_type=\"text-editor.default\">\n\t\t\t\t\t\t\t\t\t<p>Data deschiderii apelului:\u00a0<strong>10 martie<\/strong><strong>\u00a02024<\/strong><\/p><p><strong>Perioada de \u00eenscriere<\/strong>: 10 martie 2025 \u2013 15 decembrie 2025. Consor\u021biul DIH4Society \u00ee\u0219i rezerv\u0103 dreptul de a \u00eenchide apelul \u00eenainte de termen \u00een cazul \u00een care bugetul este epuizat sau \u00een cazul modific\u0103rii serviciilor oferite.<\/p>\t\t\t\t\t\t\t\t<\/div>\n\t\t\t\t<\/div>\n\t\t\t\t<\/div>\n\t\t\t\t\t<\/div>\n\t\t\t\t<\/div>\n\t\t<div class=\"elementor-element elementor-element-a8d68a6 e-flex e-con-boxed elementor-invisible e-con e-child\" data-id=\"a8d68a6\" data-element_type=\"container\" data-e-type=\"container\" data-settings=\"{&quot;animation&quot;:&quot;fadeInUp&quot;}\">\n\t\t\t\t\t<div class=\"e-con-inner\">\n\t\t\t\t<div class=\"elementor-element elementor-element-b40ae7e elementor-widget elementor-widget-heading\" data-id=\"b40ae7e\" data-element_type=\"widget\" data-e-type=\"widget\" data-widget_type=\"heading.default\">\n\t\t\t\t\t<h4 class=\"elementor-heading-title elementor-size-default\">Documente aferente apelului<\/h4>\t\t\t\t<\/div>\n\t\t\t\t<div class=\"elementor-element elementor-element-61a2a2f elementor-widget elementor-widget-text-editor\" data-id=\"61a2a2f\" data-element_type=\"widget\" data-e-type=\"widget\" data-widget_type=\"text-editor.default\">\n\t\t\t\t\t\t\t\t\t<ul><li>Ghid Aplicant<\/li><li>Anexa 1 \u2013\u00a0Declara\u021bie<\/li><li>Anexa 2 \u2013\u00a0Informare GDPR<\/li><li>Anexa 3 \u2013 Model Deviz<\/li><li>Anexa 4 \u2013\u00a0Model de contract de acordare servicii gratuite<\/li><\/ul>\t\t\t\t\t\t\t\t<\/div>\n\t\t\t\t\t<\/div>\n\t\t\t\t<\/div>\n\t\t<div class=\"elementor-element elementor-element-3a77e12 e-flex e-con-boxed elementor-invisible e-con e-child\" data-id=\"3a77e12\" data-element_type=\"container\" data-e-type=\"container\" data-settings=\"{&quot;animation&quot;:&quot;fadeInUp&quot;}\">\n\t\t\t\t\t<div class=\"e-con-inner\">\n\t\t<div class=\"elementor-element elementor-element-1e05c1d e-con-full e-flex e-con e-child\" data-id=\"1e05c1d\" data-element_type=\"container\" data-e-type=\"container\">\n\t\t\t\t<div class=\"elementor-element elementor-element-1ae5f47 elementor-align-center elementor-mobile-align-center elementor-widget elementor-widget-button\" data-id=\"1ae5f47\" data-element_type=\"widget\" data-e-type=\"widget\" data-widget_type=\"button.default\">\n\t\t\t\t\t\t\t\t\t\t<a class=\"elementor-button elementor-button-link elementor-size-sm\" href=\"https:\/\/dih4society.ro\/wp-content\/uploads\/2025\/11\/Ghid_Apel_2_Beneficiari_IP_DIH4Society-V3.zip\" target=\"_blank\">\n\t\t\t\t\t\t<span class=\"elementor-button-content-wrapper\">\n\t\t\t\t\t\t\t\t\t<span class=\"elementor-button-text\">Download the full guide<\/span>\n\t\t\t\t\t<\/span>\n\t\t\t\t\t<\/a>\n\t\t\t\t\t\t\t\t<\/div>\n\t\t\t\t<div class=\"elementor-element elementor-element-616812c elementor-align-center elementor-mobile-align-center elementor-widget elementor-widget-button\" data-id=\"616812c\" data-element_type=\"widget\" data-e-type=\"widget\" data-widget_type=\"button.default\">\n\t\t\t\t\t\t\t\t\t\t<a class=\"elementor-button elementor-button-link elementor-size-sm\" href=\"https:\/\/dih4society.ro\/en\/formular-apel-2-de-selectie-institutii-publice\/\">\n\t\t\t\t\t\t<span class=\"elementor-button-content-wrapper\">\n\t\t\t\t\t\t\t\t\t<span class=\"elementor-button-text\">Formular de aplicare<\/span>\n\t\t\t\t\t<\/span>\n\t\t\t\t\t<\/a>\n\t\t\t\t\t\t\t\t<\/div>\n\t\t\t\t<div class=\"elementor-element elementor-element-230ce0b elementor-align-center elementor-mobile-align-center elementor-widget elementor-widget-button\" data-id=\"230ce0b\" data-element_type=\"widget\" data-e-type=\"widget\" data-widget_type=\"button.default\">\n\t\t\t\t\t\t\t\t\t\t<a class=\"elementor-button elementor-button-link elementor-size-sm\" href=\"https:\/\/dih4society.ro\/en\/descriere-servicii-apel-2-de-selectie-institutii-publice\/\">\n\t\t\t\t\t\t<span class=\"elementor-button-content-wrapper\">\n\t\t\t\t\t\t\t\t\t<span class=\"elementor-button-text\">Descrierea detaliat\u0103 a serviciilor<\/span>\n\t\t\t\t\t<\/span>\n\t\t\t\t\t<\/a>\n\t\t\t\t\t\t\t\t<\/div>\n\t\t\t\t<\/div>\n\t\t\t\t\t<\/div>\n\t\t\t\t<\/div>\n\t\t\t\t<\/div>","protected":false},"excerpt":{"rendered":"<p>DIH4Society lanseaz\u0103 un apel de selec\u021bie pentru Institu\u021biile Publice Locale (IPL) din Rom\u00e2nia, oferind acces gratuit la servicii de digitalizare, finan\u021bate prin Programul Europa Digital\u0103 \u0219i POCIDIF. Scopul proiectului este de a sprijini transformarea digital\u0103 \u0219i securitatea cibernetic\u0103 a institu\u021biilor publice, cu beneficii variate: de la evaluarea maturit\u0103\u021bii digitale \u0219i arhitectura digital\u0103, la testarea vulnerabilit\u0103\u021bilor [&hellip;]<\/p>\n","protected":false},"author":1,"featured_media":0,"parent":0,"menu_order":0,"comment_status":"closed","ping_status":"closed","template":"","meta":{"footnotes":""},"class_list":["post-795","page","type-page","status-publish","hentry"],"_links":{"self":[{"href":"https:\/\/dih4society.ro\/en\/wp-json\/wp\/v2\/pages\/795","targetHints":{"allow":["GET"]}}],"collection":[{"href":"https:\/\/dih4society.ro\/en\/wp-json\/wp\/v2\/pages"}],"about":[{"href":"https:\/\/dih4society.ro\/en\/wp-json\/wp\/v2\/types\/page"}],"author":[{"embeddable":true,"href":"https:\/\/dih4society.ro\/en\/wp-json\/wp\/v2\/users\/1"}],"replies":[{"embeddable":true,"href":"https:\/\/dih4society.ro\/en\/wp-json\/wp\/v2\/comments?post=795"}],"version-history":[{"count":40,"href":"https:\/\/dih4society.ro\/en\/wp-json\/wp\/v2\/pages\/795\/revisions"}],"predecessor-version":[{"id":2115,"href":"https:\/\/dih4society.ro\/en\/wp-json\/wp\/v2\/pages\/795\/revisions\/2115"}],"wp:attachment":[{"href":"https:\/\/dih4society.ro\/en\/wp-json\/wp\/v2\/media?parent=795"}],"curies":[{"name":"wp","href":"https:\/\/api.w.org\/{rel}","templated":true}]}}