{"id":822,"date":"2025-09-22T12:24:03","date_gmt":"2025-09-22T12:24:03","guid":{"rendered":"https:\/\/dih4society.ro\/?page_id=822"},"modified":"2025-11-26T10:07:42","modified_gmt":"2025-11-26T07:07:42","slug":"apel-de-selectie-institutii-publice-din-sectorul-de-sanatate","status":"publish","type":"page","link":"https:\/\/dih4society.ro\/en\/apel-de-selectie-institutii-publice-din-sectorul-de-sanatate\/","title":{"rendered":"Call for Selection - Public Institutions from the Health Sector"},"content":{"rendered":"<div data-elementor-type=\"wp-page\" data-elementor-id=\"822\" class=\"elementor elementor-822\" data-elementor-post-type=\"page\">\n\t\t\t\t<div class=\"elementor-element elementor-element-3b85dc5 e-flex e-con-boxed e-con e-parent\" data-id=\"3b85dc5\" data-element_type=\"container\" data-e-type=\"container\" data-settings=\"{&quot;background_background&quot;:&quot;classic&quot;}\">\n\t\t\t\t\t<div class=\"e-con-inner\">\n\t\t<div class=\"elementor-element elementor-element-93d5054 e-con-full e-flex e-con e-child\" data-id=\"93d5054\" data-element_type=\"container\" data-e-type=\"container\">\n\t\t<div class=\"elementor-element elementor-element-0cdf1f4 e-con-full e-flex e-con e-child\" data-id=\"0cdf1f4\" data-element_type=\"container\" data-e-type=\"container\">\n\t\t\t\t<\/div>\n\t\t\t\t<\/div>\n\t\t\t\t\t<\/div>\n\t\t\t\t<\/div>\n\t\t<div class=\"elementor-element elementor-element-b65707e e-flex e-con-boxed e-con e-parent\" data-id=\"b65707e\" data-element_type=\"container\" data-e-type=\"container\">\n\t\t\t\t\t<div class=\"e-con-inner\">\n\t\t<div class=\"elementor-element elementor-element-16a7db5 e-con-full e-flex elementor-invisible e-con e-child\" data-id=\"16a7db5\" data-element_type=\"container\" data-e-type=\"container\" data-settings=\"{&quot;animation&quot;:&quot;fadeInUp&quot;}\">\n\t\t\t\t<div class=\"elementor-element elementor-element-63736af elementor-widget elementor-widget-text-editor\" data-id=\"63736af\" data-element_type=\"widget\" data-e-type=\"widget\" data-widget_type=\"text-editor.default\">\n\t\t\t\t\t\t\t\t\t<p>DIH4Society lanseaz\u0103 un apel de selec\u021bie pentru Institu\u021biile Publice Locale din sectorul de s\u0103n\u0103tate din\u00a0 Rom\u00e2nia, oferind acces gratuit la servicii de digitalizare, finan\u021bate prin Programul Europa Digital\u0103 \u0219i POCIDIF. Scopul proiectului este de a sprijini transformarea digital\u0103 \u0219i securitatea cibernetic\u0103 a institu\u021biilor publice\u00a0din sectorul de s\u0103n\u0103tate, cu beneficii variate: de la evaluarea maturit\u0103\u021bii digitale \u0219i arhitectura digital\u0103, la testarea vulnerabilit\u0103\u021bilor de securitate \u0219i implementarea roboticii inteligente.<\/p>\t\t\t\t\t\t\t\t<\/div>\n\t\t\t\t<\/div>\n\t\t<div class=\"elementor-element elementor-element-dbf44d5 e-con-full e-flex elementor-invisible e-con e-child\" data-id=\"dbf44d5\" data-element_type=\"container\" data-e-type=\"container\" data-settings=\"{&quot;animation&quot;:&quot;fadeInUp&quot;}\">\n\t\t<div class=\"elementor-element elementor-element-90cb285 e-con-full e-flex e-con e-child\" data-id=\"90cb285\" data-element_type=\"container\" data-e-type=\"container\">\n\t\t\t\t<div class=\"elementor-element elementor-element-b9a25de elementor-align-center elementor-mobile-align-center elementor-widget elementor-widget-button\" data-id=\"b9a25de\" data-element_type=\"widget\" data-e-type=\"widget\" data-widget_type=\"button.default\">\n\t\t\t\t\t\t\t\t\t\t<a class=\"elementor-button elementor-button-link elementor-size-sm\" href=\"https:\/\/dih4society.ro\/wp-content\/uploads\/2025\/11\/Apel_1_Sanatate_V5.zip\">\n\t\t\t\t\t\t<span class=\"elementor-button-content-wrapper\">\n\t\t\t\t\t\t\t\t\t<span class=\"elementor-button-text\">Download the full guide<\/span>\n\t\t\t\t\t<\/span>\n\t\t\t\t\t<\/a>\n\t\t\t\t\t\t\t\t<\/div>\n\t\t\t\t<\/div>\n\t\t<div class=\"elementor-element elementor-element-e1e2af9 e-con-full e-flex e-con e-child\" data-id=\"e1e2af9\" data-element_type=\"container\" data-e-type=\"container\">\n\t\t\t\t<div class=\"elementor-element elementor-element-e605837 elementor-align-center elementor-mobile-align-center elementor-widget elementor-widget-button\" data-id=\"e605837\" data-element_type=\"widget\" data-e-type=\"widget\" data-widget_type=\"button.default\">\n\t\t\t\t\t\t\t\t\t\t<a class=\"elementor-button elementor-button-link elementor-size-sm\" href=\"https:\/\/dih4society.ro\/en\/descriere-servicii-apel-de-selectie-institutii-publice-din-sectorul-de-sanatate\/\">\n\t\t\t\t\t\t<span class=\"elementor-button-content-wrapper\">\n\t\t\t\t\t\t\t\t\t<span class=\"elementor-button-text\">Vezi descriere servicii<\/span>\n\t\t\t\t\t<\/span>\n\t\t\t\t\t<\/a>\n\t\t\t\t\t\t\t\t<\/div>\n\t\t\t\t<\/div>\n\t\t<div class=\"elementor-element elementor-element-85fe050 e-con-full e-flex e-con e-child\" data-id=\"85fe050\" data-element_type=\"container\" data-e-type=\"container\">\n\t\t\t\t<div class=\"elementor-element elementor-element-fba5e93 elementor-align-center elementor-mobile-align-center elementor-widget elementor-widget-button\" data-id=\"fba5e93\" data-element_type=\"widget\" data-e-type=\"widget\" data-widget_type=\"button.default\">\n\t\t\t\t\t\t\t\t\t\t<a class=\"elementor-button elementor-button-link elementor-size-sm\" href=\"https:\/\/dih4society.ro\/en\/formular-apel-de-selectie-institutii-publice-din-sectorul-de-sanatate\/\">\n\t\t\t\t\t\t<span class=\"elementor-button-content-wrapper\">\n\t\t\t\t\t\t\t\t\t<span class=\"elementor-button-text\">Formular de aplicare<\/span>\n\t\t\t\t\t<\/span>\n\t\t\t\t\t<\/a>\n\t\t\t\t\t\t\t\t<\/div>\n\t\t\t\t<\/div>\n\t\t\t\t<\/div>\n\t\t<div class=\"elementor-element elementor-element-d4dbd35 e-con-full e-flex elementor-invisible e-con e-child\" data-id=\"d4dbd35\" data-element_type=\"container\" data-e-type=\"container\" data-settings=\"{&quot;animation&quot;:&quot;fadeInUp&quot;}\">\n\t\t\t\t<div class=\"elementor-element elementor-element-965bd0a elementor-widget elementor-widget-text-editor\" data-id=\"965bd0a\" data-element_type=\"widget\" data-e-type=\"widget\" data-widget_type=\"text-editor.default\">\n\t\t\t\t\t\t\t\t\t<p><em>Apelul de selec\u021bie pentru Institu\u021bii publice din sectorul de s\u0103n\u0103tate a fost modificat \u00een data de 28.10.2025 prin Corrigendum 4<\/em><\/p><p><em>Apelul de selec\u021bie pentru Institu\u021bii publice din sectorul de s\u0103n\u0103tate a fost modificat \u00een data de 13.06.2025 prin Corrigendum 3<\/em><\/p><p><em>Apelul de selec\u021bie pentru Institu\u021bii publice din sectorul de s\u0103n\u0103tate a fost modificat \u00een data de 30.04.2025 prin Corrigendum 2\/30.04.2025<\/em><\/p><p><em>Apelul de selec\u021bie pentru Institu\u021bii publice din sectorul de s\u0103n\u0103tate a fost modificat \u00een data de 10.04.2025 prin Corrigendum 1\/10.04.2025<\/em><\/p>\t\t\t\t\t\t\t\t<\/div>\n\t\t\t\t<\/div>\n\t\t<div class=\"elementor-element elementor-element-85d9730 e-con-full e-flex e-con e-child\" data-id=\"85d9730\" data-element_type=\"container\" data-e-type=\"container\">\n\t\t\t\t<div class=\"elementor-element elementor-element-6d60b28 elementor-widget elementor-widget-heading\" data-id=\"6d60b28\" data-element_type=\"widget\" data-e-type=\"widget\" data-widget_type=\"heading.default\">\n\t\t\t\t\t<h4 class=\"elementor-heading-title elementor-size-default\">Detalii \u0219i Criterii de Eligibilitate<\/h4>\t\t\t\t<\/div>\n\t\t<div class=\"elementor-element elementor-element-177dc3f e-con-full e-flex elementor-invisible e-con e-child\" data-id=\"177dc3f\" data-element_type=\"container\" data-e-type=\"container\" data-settings=\"{&quot;animation&quot;:&quot;fadeInUp&quot;}\">\n\t\t\t\t<div class=\"elementor-element elementor-element-333a30f elementor-widget elementor-widget-text-editor\" data-id=\"333a30f\" data-element_type=\"widget\" data-e-type=\"widget\" data-widget_type=\"text-editor.default\">\n\t\t\t\t\t\t\t\t\t<p>Pentru a beneficia de aceste servicii, institu\u021biile trebuie s\u0103 aib\u0103 sediul \u00een Rom\u00e2nia \u0219i s\u0103\u00a0se \u00eencadreze \u00een defini\u021bia\u00a0unei autorit\u0103\u021bi publice, adic\u0103 orice organ de stat sau al unit\u0103\u0163ilor administrativ-teritoriale care ac\u0163ioneaz\u0103 \u00een regim de putere public\u0103 pentru satisfacerea unui interes public \u0219i este o unitate sanitar\u0103 cu personalitate juridic\u0103, care furnizeaz\u0103 servicii medicale specializate pentru prevenirea, diagnosticarea, tratamentul \u0219i recuperarea pacien\u021bilor, func\u021bion\u00e2nd sub autoritatea statului sau a administra\u021biei locale, fiind finan\u021bat\u0103 din fonduri publice \u0219i\/sau din venituri proprii, av\u00e2nd ca obiectiv principal asigurarea accesului echitabil la \u00eengrijiri medicale pentru to\u021bi cet\u0103\u021benii..\u00a0Valoarea serviciilor solicitate trebuie s\u0103 se \u00eencadreze \u00eentre 3.900 \u0219i 93.500 euro.<\/p>\t\t\t\t\t\t\t\t<\/div>\n\t\t\t\t<\/div>\n\t\t\t\t<\/div>\n\t\t\t\t\t<\/div>\n\t\t\t\t<\/div>\n\t\t<div class=\"elementor-element elementor-element-f9e162d e-flex e-con-boxed elementor-invisible e-con e-child\" data-id=\"f9e162d\" data-element_type=\"container\" data-e-type=\"container\" data-settings=\"{&quot;animation&quot;:&quot;fadeInUp&quot;}\">\n\t\t\t\t\t<div class=\"e-con-inner\">\n\t\t<div class=\"elementor-element elementor-element-4215fdb e-con-full e-flex e-con e-child\" data-id=\"4215fdb\" data-element_type=\"container\" data-e-type=\"container\">\n\t\t\t\t<div class=\"elementor-element elementor-element-0243575 elementor-widget elementor-widget-heading\" data-id=\"0243575\" data-element_type=\"widget\" data-e-type=\"widget\" data-widget_type=\"heading.default\">\n\t\t\t\t\t<h4 class=\"elementor-heading-title elementor-size-default\">Criterii de Selec\u021bie<\/h4>\t\t\t\t<\/div>\n\t\t<div class=\"elementor-element elementor-element-24e121a e-con-full e-flex elementor-invisible e-con e-child\" data-id=\"24e121a\" data-element_type=\"container\" data-e-type=\"container\" data-settings=\"{&quot;animation&quot;:&quot;fadeInUp&quot;}\">\n\t\t\t\t<div class=\"elementor-element elementor-element-0e5534d elementor-widget elementor-widget-text-editor\" data-id=\"0e5534d\" data-element_type=\"widget\" data-e-type=\"widget\" data-widget_type=\"text-editor.default\">\n\t\t\t\t\t\t\t\t\t<p>Selec\u021bia va fi bazat\u0103 pe impactul regional, num\u0103rul de beneficiari deservi\u021bi, angajamentul de investi\u021bie \u00een digitalizare \u0219i o discu\u021bie\/interviu de evaluare. Detalii privind criterii \u0219i punctaje se reg\u0103sesc \u00een\u00a0<b>Ghidul Solicitantului<\/b>.<\/p>\t\t\t\t\t\t\t\t<\/div>\n\t\t\t\t<\/div>\n\t\t\t\t<\/div>\n\t\t\t\t\t<\/div>\n\t\t\t\t<\/div>\n\t\t<div class=\"elementor-element elementor-element-27e3143 e-flex e-con-boxed e-con e-parent\" data-id=\"27e3143\" data-element_type=\"container\" data-e-type=\"container\">\n\t\t\t\t\t<div class=\"e-con-inner\">\n\t\t<div class=\"elementor-element elementor-element-417c5cf e-con-full e-flex e-con e-child\" data-id=\"417c5cf\" data-element_type=\"container\" data-e-type=\"container\">\n\t\t\t\t<div class=\"elementor-element elementor-element-a4aef7b elementor-widget elementor-widget-heading\" data-id=\"a4aef7b\" data-element_type=\"widget\" data-e-type=\"widget\" data-widget_type=\"heading.default\">\n\t\t\t\t\t<h4 class=\"elementor-heading-title elementor-size-default\">Pa\u0219ii pentru \u00censcriere<\/h4>\t\t\t\t<\/div>\n\t\t<div class=\"elementor-element elementor-element-80be03e e-con-full e-flex elementor-invisible e-con e-child\" data-id=\"80be03e\" data-element_type=\"container\" data-e-type=\"container\" data-settings=\"{&quot;animation&quot;:&quot;fadeInUp&quot;}\">\n\t\t\t\t<div class=\"elementor-element elementor-element-d5cc182 elementor-widget elementor-widget-text-editor\" data-id=\"d5cc182\" data-element_type=\"widget\" data-e-type=\"widget\" data-widget_type=\"text-editor.default\">\n\t\t\t\t\t\t\t\t\t<ul><li>Consulta\u021bi\u00a0<strong>Lista Serviciilor Disponibile<\/strong>\u00a0pentru a identifica solu\u021biile potrivite.<\/li><li>Completa\u021bi\u00a0<strong>Formularul de \u00censcriere<\/strong>.<\/li><li>Urma\u021bi procesul de evaluare \u0219i interviu.<\/li><li>Primi\u021bi un deviz personalizat al serviciilor.<\/li><li>Semna\u021bi contractul pentru a \u00eencepe colaborarea.<\/li><\/ul>\t\t\t\t\t\t\t\t<\/div>\n\t\t\t\t<\/div>\n\t\t\t\t<\/div>\n\t\t\t\t\t<\/div>\n\t\t\t\t<\/div>\n\t\t<div class=\"elementor-element elementor-element-9c4981c e-flex e-con-boxed elementor-invisible e-con e-child\" data-id=\"9c4981c\" data-element_type=\"container\" data-e-type=\"container\" data-settings=\"{&quot;animation&quot;:&quot;fadeInUp&quot;}\">\n\t\t\t\t\t<div class=\"e-con-inner\">\n\t\t<div class=\"elementor-element elementor-element-dc51837 e-con-full e-flex e-con e-child\" data-id=\"dc51837\" data-element_type=\"container\" data-e-type=\"container\">\n\t\t\t\t<div class=\"elementor-element elementor-element-dc3fbe0 elementor-widget elementor-widget-heading\" data-id=\"dc3fbe0\" data-element_type=\"widget\" data-e-type=\"widget\" data-widget_type=\"heading.default\">\n\t\t\t\t\t<h4 class=\"elementor-heading-title elementor-size-default\">Calendarul apelului<\/h4>\t\t\t\t<\/div>\n\t\t<div class=\"elementor-element elementor-element-0982c8c e-con-full e-flex elementor-invisible e-con e-child\" data-id=\"0982c8c\" data-element_type=\"container\" data-e-type=\"container\" data-settings=\"{&quot;animation&quot;:&quot;fadeInUp&quot;}\">\n\t\t\t\t<div class=\"elementor-element elementor-element-8232317 elementor-widget elementor-widget-text-editor\" data-id=\"8232317\" data-element_type=\"widget\" data-e-type=\"widget\" data-widget_type=\"text-editor.default\">\n\t\t\t\t\t\t\t\t\t<p>Data deschiderii apelului: <strong>17 martie 2024<\/strong><\/p>\n<p><strong>Perioada de \u00eenscriere<\/strong>: 17 martie 2024 \u2013 15 decembrie 2025. Consor\u021biul DIH4Society \u00ee\u0219i rezerv\u0103 dreptul de a \u00eenchide apelul \u00eenainte de termen \u00een cazul \u00een care bugetul este epuizat sau \u00een cazul modific\u0103rii serviciilor oferite.<\/p>\t\t\t\t\t\t\t\t<\/div>\n\t\t\t\t<\/div>\n\t\t\t\t<\/div>\n\t\t\t\t\t<\/div>\n\t\t\t\t<\/div>\n\t\t<div class=\"elementor-element elementor-element-f431edd e-flex e-con-boxed elementor-invisible e-con e-child\" data-id=\"f431edd\" data-element_type=\"container\" data-e-type=\"container\" data-settings=\"{&quot;animation&quot;:&quot;fadeInUp&quot;}\">\n\t\t\t\t\t<div class=\"e-con-inner\">\n\t\t\t\t<div class=\"elementor-element elementor-element-a61e07a elementor-widget elementor-widget-heading\" data-id=\"a61e07a\" data-element_type=\"widget\" data-e-type=\"widget\" data-widget_type=\"heading.default\">\n\t\t\t\t\t<h4 class=\"elementor-heading-title elementor-size-default\">Documente aferente apelului<\/h4>\t\t\t\t<\/div>\n\t\t\t\t<div class=\"elementor-element elementor-element-ca80973 elementor-widget elementor-widget-text-editor\" data-id=\"ca80973\" data-element_type=\"widget\" data-e-type=\"widget\" data-widget_type=\"text-editor.default\">\n\t\t\t\t\t\t\t\t\t<ul><li>Ghid Aplicant<\/li><li>Anexa 1 \u2013 Declara\u021bie<\/li><li>Anexa 2 \u2013 Informare GDPR<\/li><li>Anexa 3 \u2013 Model Deviz<\/li><li>Anexa 4 \u2013 Model de contract de acordare servicii gratuite<\/li><\/ul>\t\t\t\t\t\t\t\t<\/div>\n\t\t\t\t\t<\/div>\n\t\t\t\t<\/div>\n\t\t<div class=\"elementor-element elementor-element-aea2e98 e-flex e-con-boxed elementor-invisible e-con e-child\" data-id=\"aea2e98\" data-element_type=\"container\" data-e-type=\"container\" data-settings=\"{&quot;animation&quot;:&quot;fadeInUp&quot;}\">\n\t\t\t\t\t<div class=\"e-con-inner\">\n\t\t<div class=\"elementor-element elementor-element-63c39ed e-con-full e-flex e-con e-child\" data-id=\"63c39ed\" data-element_type=\"container\" data-e-type=\"container\">\n\t\t\t\t<div class=\"elementor-element elementor-element-783c676 elementor-align-center elementor-mobile-align-center elementor-widget elementor-widget-button\" data-id=\"783c676\" data-element_type=\"widget\" data-e-type=\"widget\" data-widget_type=\"button.default\">\n\t\t\t\t\t\t\t\t\t\t<a class=\"elementor-button elementor-button-link elementor-size-sm\" href=\"https:\/\/dih4society.ro\/wp-content\/uploads\/2025\/11\/Apel_1_Sanatate_V5.zip\" target=\"_blank\">\n\t\t\t\t\t\t<span class=\"elementor-button-content-wrapper\">\n\t\t\t\t\t\t\t\t\t<span class=\"elementor-button-text\">Download the full guide<\/span>\n\t\t\t\t\t<\/span>\n\t\t\t\t\t<\/a>\n\t\t\t\t\t\t\t\t<\/div>\n\t\t\t\t<div class=\"elementor-element elementor-element-e4a5a9f elementor-align-center elementor-mobile-align-center elementor-widget elementor-widget-button\" data-id=\"e4a5a9f\" data-element_type=\"widget\" data-e-type=\"widget\" data-widget_type=\"button.default\">\n\t\t\t\t\t\t\t\t\t\t<a class=\"elementor-button elementor-button-link elementor-size-sm\" href=\"https:\/\/dih4society.ro\/en\/formular-apel-de-selectie-institutii-publice-din-sectorul-de-sanatate\/\">\n\t\t\t\t\t\t<span class=\"elementor-button-content-wrapper\">\n\t\t\t\t\t\t\t\t\t<span class=\"elementor-button-text\">Formular de aplicare<\/span>\n\t\t\t\t\t<\/span>\n\t\t\t\t\t<\/a>\n\t\t\t\t\t\t\t\t<\/div>\n\t\t\t\t<div class=\"elementor-element elementor-element-d61ce69 elementor-align-center elementor-mobile-align-center elementor-widget elementor-widget-button\" data-id=\"d61ce69\" data-element_type=\"widget\" data-e-type=\"widget\" data-widget_type=\"button.default\">\n\t\t\t\t\t\t\t\t\t\t<a class=\"elementor-button elementor-button-link elementor-size-sm\" href=\"https:\/\/dih4society.ro\/en\/descriere-servicii-apel-de-selectie-institutii-publice-din-sectorul-de-sanatate\/\">\n\t\t\t\t\t\t<span class=\"elementor-button-content-wrapper\">\n\t\t\t\t\t\t\t\t\t<span class=\"elementor-button-text\">Descrierea detaliat\u0103 a serviciilor<\/span>\n\t\t\t\t\t<\/span>\n\t\t\t\t\t<\/a>\n\t\t\t\t\t\t\t\t<\/div>\n\t\t\t\t<\/div>\n\t\t\t\t\t<\/div>\n\t\t\t\t<\/div>\n\t\t\t\t<\/div>","protected":false},"excerpt":{"rendered":"<p>DIH4Society lanseaz\u0103 un apel de selec\u021bie pentru Institu\u021biile Publice Locale din sectorul de s\u0103n\u0103tate din\u00a0 Rom\u00e2nia, oferind acces gratuit la servicii de digitalizare, finan\u021bate prin Programul Europa Digital\u0103 \u0219i POCIDIF. Scopul proiectului este de a sprijini transformarea digital\u0103 \u0219i securitatea cibernetic\u0103 a institu\u021biilor publice\u00a0din sectorul de s\u0103n\u0103tate, cu beneficii variate: de la evaluarea maturit\u0103\u021bii digitale [&hellip;]<\/p>\n","protected":false},"author":1,"featured_media":0,"parent":0,"menu_order":0,"comment_status":"closed","ping_status":"closed","template":"","meta":{"footnotes":""},"class_list":["post-822","page","type-page","status-publish","hentry"],"_links":{"self":[{"href":"https:\/\/dih4society.ro\/en\/wp-json\/wp\/v2\/pages\/822","targetHints":{"allow":["GET"]}}],"collection":[{"href":"https:\/\/dih4society.ro\/en\/wp-json\/wp\/v2\/pages"}],"about":[{"href":"https:\/\/dih4society.ro\/en\/wp-json\/wp\/v2\/types\/page"}],"author":[{"embeddable":true,"href":"https:\/\/dih4society.ro\/en\/wp-json\/wp\/v2\/users\/1"}],"replies":[{"embeddable":true,"href":"https:\/\/dih4society.ro\/en\/wp-json\/wp\/v2\/comments?post=822"}],"version-history":[{"count":25,"href":"https:\/\/dih4society.ro\/en\/wp-json\/wp\/v2\/pages\/822\/revisions"}],"predecessor-version":[{"id":2112,"href":"https:\/\/dih4society.ro\/en\/wp-json\/wp\/v2\/pages\/822\/revisions\/2112"}],"wp:attachment":[{"href":"https:\/\/dih4society.ro\/en\/wp-json\/wp\/v2\/media?parent=822"}],"curies":[{"name":"wp","href":"https:\/\/api.w.org\/{rel}","templated":true}]}}