{"id":838,"date":"2025-09-22T12:32:59","date_gmt":"2025-09-22T12:32:59","guid":{"rendered":"https:\/\/dih4society.ro\/?page_id=838"},"modified":"2025-09-22T12:33:14","modified_gmt":"2025-09-22T12:33:14","slug":"descriere-servicii-apel-de-selectie-institutii-publice-din-sectorul-de-sanatate","status":"publish","type":"page","link":"https:\/\/dih4society.ro\/en\/descriere-servicii-apel-de-selectie-institutii-publice-din-sectorul-de-sanatate\/","title":{"rendered":"Descriere servicii &#8211; Apel de selec\u021bie Institu\u021bii Publice din sectorul de s\u0103n\u0103tate"},"content":{"rendered":"<div data-elementor-type=\"wp-page\" data-elementor-id=\"838\" class=\"elementor elementor-838\" data-elementor-post-type=\"page\">\n\t\t\t\t<div class=\"elementor-element elementor-element-1952a3a e-flex e-con-boxed e-con e-parent\" data-id=\"1952a3a\" data-element_type=\"container\" data-e-type=\"container\" data-settings=\"{&quot;background_background&quot;:&quot;classic&quot;}\">\n\t\t\t\t\t<div class=\"e-con-inner\">\n\t\t<div class=\"elementor-element elementor-element-439cb34 e-con-full e-flex e-con e-child\" data-id=\"439cb34\" data-element_type=\"container\" data-e-type=\"container\">\n\t\t<div class=\"elementor-element elementor-element-11aa809 e-con-full e-flex e-con e-child\" data-id=\"11aa809\" data-element_type=\"container\" data-e-type=\"container\">\n\t\t\t\t<\/div>\n\t\t\t\t<\/div>\n\t\t\t\t\t<\/div>\n\t\t\t\t<\/div>\n\t\t<div class=\"elementor-element elementor-element-fa20d29 e-flex e-con-boxed e-con e-parent\" data-id=\"fa20d29\" data-element_type=\"container\" data-e-type=\"container\">\n\t\t\t\t\t<div class=\"e-con-inner\">\n\t\t\t\t<div class=\"elementor-element elementor-element-3d4fef6 elementor-widget elementor-widget-image\" data-id=\"3d4fef6\" data-element_type=\"widget\" data-e-type=\"widget\" data-widget_type=\"image.default\">\n\t\t\t\t\t\t\t\t\t\t\t\t\t\t\t<img fetchpriority=\"high\" decoding=\"async\" width=\"2560\" height=\"171\" src=\"https:\/\/dih4society.ro\/wp-content\/uploads\/2025\/09\/eDIH4Society_funding_H-1000-px-scaled-1.webp\" class=\"attachment-full size-full wp-image-659\" alt=\"\" srcset=\"https:\/\/dih4society.ro\/wp-content\/uploads\/2025\/09\/eDIH4Society_funding_H-1000-px-scaled-1.webp 2560w, https:\/\/dih4society.ro\/wp-content\/uploads\/2025\/09\/eDIH4Society_funding_H-1000-px-scaled-1-300x20.webp 300w, https:\/\/dih4society.ro\/wp-content\/uploads\/2025\/09\/eDIH4Society_funding_H-1000-px-scaled-1-1024x68.webp 1024w, https:\/\/dih4society.ro\/wp-content\/uploads\/2025\/09\/eDIH4Society_funding_H-1000-px-scaled-1-768x51.webp 768w, https:\/\/dih4society.ro\/wp-content\/uploads\/2025\/09\/eDIH4Society_funding_H-1000-px-scaled-1-1536x103.webp 1536w, https:\/\/dih4society.ro\/wp-content\/uploads\/2025\/09\/eDIH4Society_funding_H-1000-px-scaled-1-2048x137.webp 2048w, https:\/\/dih4society.ro\/wp-content\/uploads\/2025\/09\/eDIH4Society_funding_H-1000-px-scaled-1-18x1.webp 18w\" sizes=\"(max-width: 2560px) 100vw, 2560px\" \/>\t\t\t\t\t\t\t\t\t\t\t\t\t\t\t<\/div>\n\t\t<div class=\"elementor-element elementor-element-e240544 e-con-full e-flex elementor-invisible e-con e-child\" data-id=\"e240544\" data-element_type=\"container\" data-e-type=\"container\" data-settings=\"{&quot;animation&quot;:&quot;fadeInUp&quot;}\">\n\t\t\t\t<div class=\"elementor-element elementor-element-65d6237 elementor-widget elementor-widget-text-editor\" data-id=\"65d6237\" data-element_type=\"widget\" data-e-type=\"widget\" data-widget_type=\"text-editor.default\">\n\t\t\t\t\t\t\t\t\t<table width=\"1307\"><tbody><tr><td width=\"79\">Nr.<\/td><td width=\"425\">Services<\/td><td width=\"666\">Beneficii<\/td><td width=\"137\">Valoare servicii (euro)<\/td><\/tr><tr><td width=\"79\">1<\/td><td width=\"425\">Demararea \u0219i evaluarea parcursului transform\u0103rii digitale<\/td><td width=\"666\">Cre\u0219terea competitivit\u0103\u021bii afacerii, sporirea veniturilor, \u00eembun\u0103t\u0103\u021birea eficien\u021bei pornind de la valuarea maturit\u0103\u021bii digitale utilizand instrumente si metodologii furnizate de catre Comisia Europeana urmat\u0103 de elaborarea unui plan care va con\u021bine activit\u0103\u021bi de ghidare privind transformarea digital\u0103;<\/td><td width=\"137\">509,11<\/td><\/tr><tr><td width=\"79\">2<\/td><td width=\"425\">Monitorizarea vulnerabilit\u0103\u021bilor de securitate cibernetic\u0103<\/td><td width=\"666\">Vizualizarea tipurilor \u0219i intensit\u0103\u021bilor atacurilor cibernetice \u0219i furnizarea de informa\u021bii pentru planurile viitoare de reducere a vulnerabilit\u0103\u021bilor;<\/td><td width=\"137\">1789,26<\/td><\/tr><tr><td width=\"79\">3<\/td><td width=\"425\">Optimization of the application portfolio<\/td><td width=\"666\">Cunoa\u0219terea aplica\u021biilor necesare \u00een diverse procese, precum \u0219i clarificarea investi\u021biilor \u00een proiecte de digitalizare<\/td><td width=\"137\">3752,54<\/td><\/tr><tr><td width=\"79\">4<\/td><td width=\"425\">Consultan\u021b\u0103 pentru Strategia de Transformare Digital\u0103<\/td><td width=\"666\">Clarificarea investi\u021biilor \u00een proiecte de digitalizare, precum \u0219i pozi\u021bionarea strategic\u0103 \u00een economia digital\u0103.<\/td><td width=\"137\">69914,37<\/td><\/tr><tr><td width=\"79\">5<\/td><td width=\"425\">Servicii de consultan\u021b\u0103 Pentest<\/td><td width=\"666\">Identificarea \u0219i eliminarea lacunele de securitate \u00een infrastructura IT;<\/td><td width=\"137\">2523,25<\/td><\/tr><tr><td width=\"79\">6<\/td><td width=\"425\">Curs: Cyber Security Defender<\/td><td width=\"666\">\u00censu\u0219irea capacit\u0103\u021bii de a ac\u021biona ca \u0219i consultant sau angajat privind ap\u0103rarea organiza\u021biei \u00eempotriva amenin\u021b\u0103rilor cibernetice<\/td><td width=\"137\">1362,06<\/td><\/tr><tr><td width=\"79\">7<\/td><td width=\"425\">Curs: Securitate Cibernetic\u0103 pentru to\u021bi (nivel 1)<\/td><td width=\"666\">\u00cen\u021belegerea ecosistemului infrac\u021bional cibernetic \u0219i abordarea unor politici organiza\u021bionale adecvate;<\/td><td width=\"137\">490,18<\/td><\/tr><tr><td width=\"79\">8<\/td><td width=\"425\">Curs: Securitate Cibernetic\u0103 pentru to\u021bi (nivel 2)<\/td><td width=\"666\">\u00cen\u021belegerea ecosistemului infrac\u021bional cibernetic \u0219i abordarea unor politici organiza\u021bionale adecvate;<\/td><td width=\"137\">825,68<\/td><\/tr><tr><td width=\"79\">9<\/td><td width=\"425\">Curs: Arhitect \u00centreprindere Digital\u0103<\/td><td width=\"666\">Capacitatea de a folosi standardele deschise TOGAF \u0219i ArchiMate pentru a proiecta arhitectura \u00eentreprinderii (EA) \u0219i de a o pune \u00een practic\u0103<\/td><td width=\"137\">2863,2<\/td><\/tr><tr><td width=\"79\">10<\/td><td width=\"425\">Curs: Manager Transformare Digital\u0103<\/td><td width=\"666\">Cunoa\u0219terea modului de proiectare a unui plan de transformare digital\u0103 \u0219i implementarea acestuia \u00een practic\u0103<\/td><td width=\"137\">2627,75<\/td><\/tr><tr><td width=\"79\">11<\/td><td width=\"425\">Curs: Securitate cl\u0103diri inteligente<\/td><td width=\"666\">Proiectarea instala\u021biilor pentru sisteme de control \u0219i monitorizare pentru Cl\u0103diri Inteligente \u0219i IoT \u00eentr-un mediu sigur \u0219i securizat;<\/td><td width=\"137\">1043,83<\/td><\/tr><tr><td width=\"79\">12<\/td><td width=\"425\">Curs: Robotic\u0103 Inteligent\u0103 pentru S\u0103n\u0103tate<\/td><td width=\"666\">Cunoa\u0219terea modului de integrare a robo\u021bilor \u00een aplica\u021bii de s\u0103n\u0103tate<\/td><td width=\"137\">12073,32<\/td><\/tr><tr><td width=\"79\">13<\/td><td width=\"425\">Curs: Specializare \u00een Digitalizare \u0219i Securitate Cibernetic\u0103 pentru S\u0103n\u0103tate<\/td><td width=\"666\">\u00cen\u021belegerea moderniz\u0103rii serviciilor medicale prin digitalizare \u0219i implementarea un plan de adoptare<\/td><td width=\"137\">3463,64<\/td><\/tr><\/tbody><\/table>\t\t\t\t\t\t\t\t<\/div>\n\t\t\t\t<\/div>\n\t\t\t\t\t<\/div>\n\t\t\t\t<\/div>\n\t\t\t\t<\/div>","protected":false},"excerpt":{"rendered":"<p>Nr. Servicii Beneficii Valoare servicii (euro) 1 Demararea \u0219i evaluarea parcursului transform\u0103rii digitale Cre\u0219terea competitivit\u0103\u021bii afacerii, sporirea veniturilor, \u00eembun\u0103t\u0103\u021birea eficien\u021bei pornind de la valuarea maturit\u0103\u021bii digitale utilizand instrumente si metodologii furnizate de catre Comisia Europeana urmat\u0103 de elaborarea unui plan care va con\u021bine activit\u0103\u021bi de ghidare privind transformarea digital\u0103; 509,11 2 Monitorizarea vulnerabilit\u0103\u021bilor de securitate [&hellip;]<\/p>\n","protected":false},"author":1,"featured_media":0,"parent":0,"menu_order":0,"comment_status":"closed","ping_status":"closed","template":"","meta":{"footnotes":""},"class_list":["post-838","page","type-page","status-publish","hentry"],"_links":{"self":[{"href":"https:\/\/dih4society.ro\/en\/wp-json\/wp\/v2\/pages\/838","targetHints":{"allow":["GET"]}}],"collection":[{"href":"https:\/\/dih4society.ro\/en\/wp-json\/wp\/v2\/pages"}],"about":[{"href":"https:\/\/dih4society.ro\/en\/wp-json\/wp\/v2\/types\/page"}],"author":[{"embeddable":true,"href":"https:\/\/dih4society.ro\/en\/wp-json\/wp\/v2\/users\/1"}],"replies":[{"embeddable":true,"href":"https:\/\/dih4society.ro\/en\/wp-json\/wp\/v2\/comments?post=838"}],"version-history":[{"count":4,"href":"https:\/\/dih4society.ro\/en\/wp-json\/wp\/v2\/pages\/838\/revisions"}],"predecessor-version":[{"id":842,"href":"https:\/\/dih4society.ro\/en\/wp-json\/wp\/v2\/pages\/838\/revisions\/842"}],"wp:attachment":[{"href":"https:\/\/dih4society.ro\/en\/wp-json\/wp\/v2\/media?parent=838"}],"curies":[{"name":"wp","href":"https:\/\/api.w.org\/{rel}","templated":true}]}}