{"id":874,"date":"2025-09-22T13:02:51","date_gmt":"2025-09-22T13:02:51","guid":{"rendered":"https:\/\/dih4society.ro\/?page_id=874"},"modified":"2025-11-05T09:23:26","modified_gmt":"2025-11-05T06:23:26","slug":"lista-institutiilor-publice-din-domeniul-sanatatii-admise","status":"publish","type":"page","link":"https:\/\/dih4society.ro\/en\/lista-institutiilor-publice-din-domeniul-sanatatii-admise\/","title":{"rendered":"Lista Institu\u021biilor Publice din domeniul S\u0103n\u0103t\u0103\u021bii Admise"},"content":{"rendered":"<div data-elementor-type=\"wp-page\" data-elementor-id=\"874\" class=\"elementor elementor-874\" data-elementor-post-type=\"page\">\n\t\t\t\t<div class=\"elementor-element elementor-element-35edc1d e-flex e-con-boxed e-con e-parent\" data-id=\"35edc1d\" data-element_type=\"container\" data-e-type=\"container\" data-settings=\"{&quot;background_background&quot;:&quot;classic&quot;}\">\n\t\t\t\t\t<div class=\"e-con-inner\">\n\t\t<div class=\"elementor-element elementor-element-5970712 e-con-full e-flex e-con e-child\" data-id=\"5970712\" data-element_type=\"container\" data-e-type=\"container\">\n\t\t<div class=\"elementor-element elementor-element-95257bf e-con-full e-flex e-con e-child\" data-id=\"95257bf\" data-element_type=\"container\" data-e-type=\"container\">\n\t\t\t\t<\/div>\n\t\t\t\t<\/div>\n\t\t\t\t\t<\/div>\n\t\t\t\t<\/div>\n\t\t<div class=\"elementor-element elementor-element-cf47f46 e-flex e-con-boxed e-con e-parent\" data-id=\"cf47f46\" data-element_type=\"container\" data-e-type=\"container\">\n\t\t\t\t\t<div class=\"e-con-inner\">\n\t\t\t\t<div class=\"elementor-element elementor-element-ee717d1 elementor-widget elementor-widget-text-editor\" data-id=\"ee717d1\" data-element_type=\"widget\" data-e-type=\"widget\" data-widget_type=\"text-editor.default\">\n\t\t\t\t\t\t\t\t\t<p style=\"text-align: center;\">List\u0103 Institu\u021biilor Publice admise la finan\u021bare \u00een cadrul proiectului \u201dDIH4Society \u2013 Centrul de inovare digitala pentru o societate mai inteligenta, mai sigura si mai durabila\u201e<\/p>\t\t\t\t\t\t\t\t<\/div>\n\t\t<div class=\"elementor-element elementor-element-5c93636 e-con-full e-flex elementor-invisible e-con e-child\" data-id=\"5c93636\" data-element_type=\"container\" data-e-type=\"container\" data-settings=\"{&quot;animation&quot;:&quot;fadeInUp&quot;}\">\n\t\t\t\t<div class=\"elementor-element elementor-element-78789c0 elementor-widget elementor-widget-text-editor\" data-id=\"78789c0\" data-element_type=\"widget\" data-e-type=\"widget\" data-widget_type=\"text-editor.default\">\n\t\t\t\t\t\t\t\t\t<table dir=\"ltr\" border=\"1\" cellspacing=\"0\" cellpadding=\"0\" data-sheets-root=\"1\" data-sheets-baot=\"1\"><colgroup><col width=\"312\" \/><col width=\"92\" \/><col width=\"90\" \/><\/colgroup><tbody><tr><td><strong>Denumire<\/strong><\/td><td><strong>CUI<\/strong><\/td><td><strong>Apel<\/strong><\/td><\/tr><tr><td>Spitalul Clinic Municipal Cluj-Napoca<\/td><td>4547117<\/td><td>1\/17.03.2025<\/td><\/tr><tr><td>Spitalul Clinic de Pneumoftiziologie &#8222;Leon Daniello&#8221; Cluj-Napoca<\/td><td>4354540<\/td><td>1\/17.03.2025<\/td><\/tr><tr><td>Spitalul Clinic de Recuperare Cluj-Napoca<\/td><td>4288063<\/td><td>1\/17.03.2025<\/td><\/tr><tr><td>SPITALUL CLINIC JUDETEAN DE URGENTA BISTRITA<\/td><td>4347593<\/td><td>1\/17.03.2025<\/td><\/tr><tr><td>SPITALUL DE PNEUMOFTIZIOLOGIE DR NICOLAE RUSDEA BAIA MARE<\/td><td>3627145<\/td><td>1\/17.03.2025<\/td><\/tr><tr><td>Spitalul Orasenesc prof dr Ioan Puscas Simleul Silvaniei<\/td><td>4291530<\/td><td>1\/17.03.2025<\/td><\/tr><tr><td>SPITALUL ORASENESC TARGU LAPUS<\/td><td>3695247<\/td><td>1\/17.03.2025<\/td><\/tr><tr><td>Spitalul de Urgenta Alba Iulia<\/td><td>20410552<\/td><td>1\/17.03.2025<\/td><\/tr><tr><td>Institutul Oncologic<\/td><td>4547125<\/td><td>1\/17.03.2025<\/td><\/tr><tr><td>Spitalul Municipal Dej<\/td><td>4305997<\/td><td>1\/17.03.2025<\/td><\/tr><tr><td>Spitalul Clinic de Boli Infectioase Cluj-Napoca <\/td><td>4485715<\/td><td>1\/17.03.2025<\/td><\/tr><\/tbody><\/table><p>\u00a0<\/p>\t\t\t\t\t\t\t\t<\/div>\n\t\t\t\t<\/div>\n\t\t\t\t\t<\/div>\n\t\t\t\t<\/div>\n\t\t\t\t<\/div>","protected":false},"excerpt":{"rendered":"<p>List\u0103 Institu\u021biilor Publice admise la finan\u021bare \u00een cadrul proiectului \u201dDIH4Society \u2013 Centrul de inovare digitala pentru o societate mai inteligenta, mai sigura si mai durabila\u201e Denumire CUI Apel Spitalul Clinic Municipal Cluj-Napoca 4547117 1\/17.03.2025 Spitalul Clinic de Pneumoftiziologie &#8222;Leon Daniello&#8221; Cluj-Napoca 4354540 1\/17.03.2025 Spitalul Clinic de Recuperare Cluj-Napoca 4288063 1\/17.03.2025 SPITALUL CLINIC JUDETEAN DE URGENTA [&hellip;]<\/p>\n","protected":false},"author":1,"featured_media":0,"parent":0,"menu_order":0,"comment_status":"closed","ping_status":"closed","template":"","meta":{"footnotes":""},"class_list":["post-874","page","type-page","status-publish","hentry"],"_links":{"self":[{"href":"https:\/\/dih4society.ro\/en\/wp-json\/wp\/v2\/pages\/874","targetHints":{"allow":["GET"]}}],"collection":[{"href":"https:\/\/dih4society.ro\/en\/wp-json\/wp\/v2\/pages"}],"about":[{"href":"https:\/\/dih4society.ro\/en\/wp-json\/wp\/v2\/types\/page"}],"author":[{"embeddable":true,"href":"https:\/\/dih4society.ro\/en\/wp-json\/wp\/v2\/users\/1"}],"replies":[{"embeddable":true,"href":"https:\/\/dih4society.ro\/en\/wp-json\/wp\/v2\/comments?post=874"}],"version-history":[{"count":16,"href":"https:\/\/dih4society.ro\/en\/wp-json\/wp\/v2\/pages\/874\/revisions"}],"predecessor-version":[{"id":2078,"href":"https:\/\/dih4society.ro\/en\/wp-json\/wp\/v2\/pages\/874\/revisions\/2078"}],"wp:attachment":[{"href":"https:\/\/dih4society.ro\/en\/wp-json\/wp\/v2\/media?parent=874"}],"curies":[{"name":"wp","href":"https:\/\/api.w.org\/{rel}","templated":true}]}}