{"id":882,"date":"2025-09-22T13:15:48","date_gmt":"2025-09-22T13:15:48","guid":{"rendered":"https:\/\/dih4society.ro\/?page_id=882"},"modified":"2025-09-25T10:10:57","modified_gmt":"2025-09-25T10:10:57","slug":"apel-ipl","status":"publish","type":"page","link":"https:\/\/dih4society.ro\/en\/apel-ipl\/","title":{"rendered":"Call for Selection 1 - Public Institutions\u00a0"},"content":{"rendered":"<div data-elementor-type=\"wp-page\" data-elementor-id=\"882\" class=\"elementor elementor-882\" data-elementor-post-type=\"page\">\n\t\t\t\t<div class=\"elementor-element elementor-element-a9178c2 e-flex e-con-boxed e-con e-parent\" data-id=\"a9178c2\" data-element_type=\"container\" data-e-type=\"container\" data-settings=\"{&quot;background_background&quot;:&quot;classic&quot;}\">\n\t\t\t\t\t<div class=\"e-con-inner\">\n\t\t<div class=\"elementor-element elementor-element-a5cefba e-con-full e-flex e-con e-child\" data-id=\"a5cefba\" data-element_type=\"container\" data-e-type=\"container\">\n\t\t<div class=\"elementor-element elementor-element-655bead e-con-full e-flex e-con e-child\" data-id=\"655bead\" data-element_type=\"container\" data-e-type=\"container\">\n\t\t\t\t<\/div>\n\t\t\t\t<\/div>\n\t\t\t\t\t<\/div>\n\t\t\t\t<\/div>\n\t\t<div class=\"elementor-element elementor-element-fc17b0d e-flex e-con-boxed e-con e-parent\" data-id=\"fc17b0d\" data-element_type=\"container\" data-e-type=\"container\">\n\t\t\t\t\t<div class=\"e-con-inner\">\n\t\t<div class=\"elementor-element elementor-element-e466be7 e-con-full e-flex elementor-invisible e-con e-child\" data-id=\"e466be7\" data-element_type=\"container\" data-e-type=\"container\" data-settings=\"{&quot;animation&quot;:&quot;fadeInUp&quot;}\">\n\t\t\t\t<div class=\"elementor-element elementor-element-1d77ffb elementor-widget elementor-widget-text-editor\" data-id=\"1d77ffb\" data-element_type=\"widget\" data-e-type=\"widget\" data-widget_type=\"text-editor.default\">\n\t\t\t\t\t\t\t\t\t<p>DIH4Society lanseaz\u0103 un apel de selec\u021bie pentru Institu\u021biile Publice Locale (IPL) din Regiunea Nord-Vest a Rom\u00e2niei, oferind acces gratuit la servicii de digitalizare, finan\u021bate prin Programul Europa Digital\u0103 \u0219i POCIDIF. Scopul proiectului este de a sprijini transformarea digital\u0103 \u0219i securitatea cibernetic\u0103 a institu\u021biilor publice, cu beneficii variate: de la evaluarea maturit\u0103\u021bii digitale \u0219i arhitectura digital\u0103, la testarea vulnerabilit\u0103\u021bilor de securitate \u0219i implementarea roboticii inteligente.<\/p>\t\t\t\t\t\t\t\t<\/div>\n\t\t\t\t<\/div>\n\t\t<div class=\"elementor-element elementor-element-b546529 e-con-full e-flex elementor-invisible e-con e-child\" data-id=\"b546529\" data-element_type=\"container\" data-e-type=\"container\" data-settings=\"{&quot;animation&quot;:&quot;fadeInUp&quot;}\">\n\t\t<div class=\"elementor-element elementor-element-8da7484 e-con-full e-flex e-con e-child\" data-id=\"8da7484\" data-element_type=\"container\" data-e-type=\"container\">\n\t\t\t\t<div class=\"elementor-element elementor-element-b56c911 elementor-align-center elementor-mobile-align-center elementor-widget elementor-widget-button\" data-id=\"b56c911\" data-element_type=\"widget\" data-e-type=\"widget\" data-widget_type=\"button.default\">\n\t\t\t\t\t\t\t\t\t\t<a class=\"elementor-button elementor-button-link elementor-size-sm\" href=\"https:\/\/dih4society.ro\/wp-content\/uploads\/2025\/09\/Ghid_Apel_1_Beneficiari_IP_DIH4Society.zip\">\n\t\t\t\t\t\t<span class=\"elementor-button-content-wrapper\">\n\t\t\t\t\t\t\t\t\t<span class=\"elementor-button-text\">Download the full guide<\/span>\n\t\t\t\t\t<\/span>\n\t\t\t\t\t<\/a>\n\t\t\t\t\t\t\t\t<\/div>\n\t\t\t\t<\/div>\n\t\t<div class=\"elementor-element elementor-element-d780b7d e-con-full e-flex e-con e-child\" data-id=\"d780b7d\" data-element_type=\"container\" data-e-type=\"container\">\n\t\t\t\t<div class=\"elementor-element elementor-element-be4745b elementor-align-center elementor-mobile-align-center elementor-widget elementor-widget-button\" data-id=\"be4745b\" data-element_type=\"widget\" data-e-type=\"widget\" data-widget_type=\"button.default\">\n\t\t\t\t\t\t\t\t\t\t<a class=\"elementor-button elementor-button-link elementor-size-sm\" href=\"https:\/\/dih4society.ro\/en\/descriere-servicii-apel-1-de-selectie-institutii-publice\/\">\n\t\t\t\t\t\t<span class=\"elementor-button-content-wrapper\">\n\t\t\t\t\t\t\t\t\t<span class=\"elementor-button-text\">Vezi descriere servicii<\/span>\n\t\t\t\t\t<\/span>\n\t\t\t\t\t<\/a>\n\t\t\t\t\t\t\t\t<\/div>\n\t\t\t\t<\/div>\n\t\t<div class=\"elementor-element elementor-element-6d47a40 e-con-full e-flex e-con e-child\" data-id=\"6d47a40\" data-element_type=\"container\" data-e-type=\"container\">\n\t\t\t\t<div class=\"elementor-element elementor-element-a08386e elementor-align-center elementor-mobile-align-center elementor-widget elementor-widget-button\" data-id=\"a08386e\" data-element_type=\"widget\" data-e-type=\"widget\" data-widget_type=\"button.default\">\n\t\t\t\t\t\t\t\t\t\t<a class=\"elementor-button elementor-button-link elementor-size-sm\" href=\"https:\/\/dih4society.ro\/en\/formular-apel-1-de-selectie-institutii-publice\/\">\n\t\t\t\t\t\t<span class=\"elementor-button-content-wrapper\">\n\t\t\t\t\t\t\t\t\t<span class=\"elementor-button-text\">Formular de aplicare<\/span>\n\t\t\t\t\t<\/span>\n\t\t\t\t\t<\/a>\n\t\t\t\t\t\t\t\t<\/div>\n\t\t\t\t<\/div>\n\t\t\t\t<\/div>\n\t\t<div class=\"elementor-element elementor-element-14e48b3 e-con-full e-flex e-con e-child\" data-id=\"14e48b3\" data-element_type=\"container\" data-e-type=\"container\">\n\t\t\t\t<div class=\"elementor-element elementor-element-aa75fc6 elementor-widget elementor-widget-heading\" data-id=\"aa75fc6\" data-element_type=\"widget\" data-e-type=\"widget\" data-widget_type=\"heading.default\">\n\t\t\t\t\t<h4 class=\"elementor-heading-title elementor-size-default\">Detalii \u0219i Criterii de Eligibilitate<\/h4>\t\t\t\t<\/div>\n\t\t<div class=\"elementor-element elementor-element-69783da e-con-full e-flex elementor-invisible e-con e-child\" data-id=\"69783da\" data-element_type=\"container\" data-e-type=\"container\" data-settings=\"{&quot;animation&quot;:&quot;fadeInUp&quot;}\">\n\t\t\t\t<div class=\"elementor-element elementor-element-8a8b549 elementor-widget elementor-widget-text-editor\" data-id=\"8a8b549\" data-element_type=\"widget\" data-e-type=\"widget\" data-widget_type=\"text-editor.default\">\n\t\t\t\t\t\t\t\t\t<p>Pentru a beneficia de aceste servicii, institu\u021biile trebuie s\u0103 aib\u0103 sediul \u00een jude\u021bele Bihor, Bistri\u021ba-N\u0103s\u0103ud, Cluj, Maramure\u0219, Satu-Mare sau S\u0103laj \u0219i s\u0103\u00a0se \u00eencadreze \u00een defini\u021bia unei autorit\u0103\u021bi publice, adic\u0103 orice organ de stat sau al unit\u0103\u0163ilor administrativ-teritoriale care ac\u0163ioneaz\u0103 \u00een regim de putere public\u0103 pentru satisfacerea unui interes public.\u00a0Valoarea serviciilor solicitate trebuie s\u0103 se \u00eencadreze \u00eentre 20.000 \u0219i 105.000 euro.<\/p>\t\t\t\t\t\t\t\t<\/div>\n\t\t\t\t<\/div>\n\t\t\t\t<\/div>\n\t\t\t\t\t<\/div>\n\t\t\t\t<\/div>\n\t\t<div class=\"elementor-element elementor-element-c1533d8 e-flex e-con-boxed elementor-invisible e-con e-child\" data-id=\"c1533d8\" data-element_type=\"container\" data-e-type=\"container\" data-settings=\"{&quot;animation&quot;:&quot;fadeInUp&quot;}\">\n\t\t\t\t\t<div class=\"e-con-inner\">\n\t\t<div class=\"elementor-element elementor-element-c0c1871 e-con-full e-flex e-con e-child\" data-id=\"c0c1871\" data-element_type=\"container\" data-e-type=\"container\">\n\t\t\t\t<div class=\"elementor-element elementor-element-c2ea278 elementor-widget elementor-widget-heading\" data-id=\"c2ea278\" data-element_type=\"widget\" data-e-type=\"widget\" data-widget_type=\"heading.default\">\n\t\t\t\t\t<h4 class=\"elementor-heading-title elementor-size-default\">Criterii de Selec\u021bie<\/h4>\t\t\t\t<\/div>\n\t\t<div class=\"elementor-element elementor-element-3dfe6d9 e-con-full e-flex elementor-invisible e-con e-child\" data-id=\"3dfe6d9\" data-element_type=\"container\" data-e-type=\"container\" data-settings=\"{&quot;animation&quot;:&quot;fadeInUp&quot;}\">\n\t\t\t\t<div class=\"elementor-element elementor-element-52f9c0e elementor-widget elementor-widget-text-editor\" data-id=\"52f9c0e\" data-element_type=\"widget\" data-e-type=\"widget\" data-widget_type=\"text-editor.default\">\n\t\t\t\t\t\t\t\t\t<p>Selec\u021bia va fi bazat\u0103 pe impactul regional, num\u0103rul de beneficiari deservi\u021bi, angajamentul de investi\u021bie \u00een digitalizare \u0219i o discu\u021bie\/interviu de evaluare. Detalii privind criterii \u0219i punctaje se reg\u0103sesc \u00een\u00a0<b>Ghidul Solicitantului<\/b>.<\/p>\t\t\t\t\t\t\t\t<\/div>\n\t\t\t\t<\/div>\n\t\t\t\t<\/div>\n\t\t\t\t\t<\/div>\n\t\t\t\t<\/div>\n\t\t<div class=\"elementor-element elementor-element-1df3b11 e-flex e-con-boxed e-con e-parent\" data-id=\"1df3b11\" data-element_type=\"container\" data-e-type=\"container\">\n\t\t\t\t\t<div class=\"e-con-inner\">\n\t\t<div class=\"elementor-element elementor-element-dcb03a0 e-con-full e-flex e-con e-child\" data-id=\"dcb03a0\" data-element_type=\"container\" data-e-type=\"container\">\n\t\t\t\t<div class=\"elementor-element elementor-element-469dd30 elementor-widget elementor-widget-heading\" data-id=\"469dd30\" data-element_type=\"widget\" data-e-type=\"widget\" data-widget_type=\"heading.default\">\n\t\t\t\t\t<h4 class=\"elementor-heading-title elementor-size-default\">Pa\u0219ii pentru \u00censcriere<\/h4>\t\t\t\t<\/div>\n\t\t<div class=\"elementor-element elementor-element-fad43ac e-con-full e-flex elementor-invisible e-con e-child\" data-id=\"fad43ac\" data-element_type=\"container\" data-e-type=\"container\" data-settings=\"{&quot;animation&quot;:&quot;fadeInUp&quot;}\">\n\t\t\t\t<div class=\"elementor-element elementor-element-5c7da3c elementor-widget elementor-widget-text-editor\" data-id=\"5c7da3c\" data-element_type=\"widget\" data-e-type=\"widget\" data-widget_type=\"text-editor.default\">\n\t\t\t\t\t\t\t\t\t<ul><li>Consulta\u021bi\u00a0<strong>Lista Serviciilor Disponibile<\/strong>\u00a0pentru a identifica solu\u021biile potrivite.<\/li><li>Completa\u021bi\u00a0<strong>Formularul de \u00censcriere<\/strong>.<\/li><li>Urma\u021bi procesul de evaluare \u0219i interviu.<\/li><li>Primi\u021bi un deviz personalizat al serviciilor.<\/li><li>Semna\u021bi contractul pentru a \u00eencepe colaborarea.<\/li><\/ul>\t\t\t\t\t\t\t\t<\/div>\n\t\t\t\t<\/div>\n\t\t\t\t<\/div>\n\t\t\t\t\t<\/div>\n\t\t\t\t<\/div>\n\t\t<div class=\"elementor-element elementor-element-87b0768 e-flex e-con-boxed elementor-invisible e-con e-child\" data-id=\"87b0768\" data-element_type=\"container\" data-e-type=\"container\" data-settings=\"{&quot;animation&quot;:&quot;fadeInUp&quot;}\">\n\t\t\t\t\t<div class=\"e-con-inner\">\n\t\t<div class=\"elementor-element elementor-element-4d9bc2a e-con-full e-flex e-con e-child\" data-id=\"4d9bc2a\" data-element_type=\"container\" data-e-type=\"container\">\n\t\t\t\t<div class=\"elementor-element elementor-element-9d622ca elementor-widget elementor-widget-heading\" data-id=\"9d622ca\" data-element_type=\"widget\" data-e-type=\"widget\" data-widget_type=\"heading.default\">\n\t\t\t\t\t<h4 class=\"elementor-heading-title elementor-size-default\">Calendarul apelului<\/h4>\t\t\t\t<\/div>\n\t\t<div class=\"elementor-element elementor-element-0f1535b e-con-full e-flex elementor-invisible e-con e-child\" data-id=\"0f1535b\" data-element_type=\"container\" data-e-type=\"container\" data-settings=\"{&quot;animation&quot;:&quot;fadeInUp&quot;}\">\n\t\t\t\t<div class=\"elementor-element elementor-element-ce2f32b elementor-widget elementor-widget-text-editor\" data-id=\"ce2f32b\" data-element_type=\"widget\" data-e-type=\"widget\" data-widget_type=\"text-editor.default\">\n\t\t\t\t\t\t\t\t\t<p>Data deschiderii apelului:\u00a0<b>14<\/b><strong>\u00a0noiembrie 2024<\/strong><\/p><p><strong>Perioada de \u00eenscriere: 14 noiembrie 2024 \u2013 31 martie 2025<\/strong>. Consor\u021biul DIH4Society \u00ee\u0219i rezerv\u0103 dreptul de a \u00eenchide apelul \u00eenainte de termen \u00een cazul \u00een care bugetul este epuizat sau \u00een cazul modific\u0103rii serviciilor oferite.<\/p>\t\t\t\t\t\t\t\t<\/div>\n\t\t\t\t<\/div>\n\t\t\t\t<\/div>\n\t\t\t\t\t<\/div>\n\t\t\t\t<\/div>\n\t\t<div class=\"elementor-element elementor-element-eca9a73 e-flex e-con-boxed elementor-invisible e-con e-child\" data-id=\"eca9a73\" data-element_type=\"container\" data-e-type=\"container\" data-settings=\"{&quot;animation&quot;:&quot;fadeInUp&quot;}\">\n\t\t\t\t\t<div class=\"e-con-inner\">\n\t\t\t\t<div class=\"elementor-element elementor-element-5c76b01 elementor-widget elementor-widget-heading\" data-id=\"5c76b01\" data-element_type=\"widget\" data-e-type=\"widget\" data-widget_type=\"heading.default\">\n\t\t\t\t\t<h4 class=\"elementor-heading-title elementor-size-default\">Documente aferente apelului<\/h4>\t\t\t\t<\/div>\n\t\t\t\t<div class=\"elementor-element elementor-element-67d4dda elementor-widget elementor-widget-text-editor\" data-id=\"67d4dda\" data-element_type=\"widget\" data-e-type=\"widget\" data-widget_type=\"text-editor.default\">\n\t\t\t\t\t\t\t\t\t<ul><li>Ghid Aplicant<\/li><li>Anexa 1 \u2013\u00a0Declara\u021bie<\/li><li>Anexa 2 \u2013\u00a0Informare GDPR<\/li><li>Anexa 3 \u2013\u00a0Model Deviz<\/li><li>Anexa 4 \u2013\u00a0Model de contract de acordare servicii gratuite<\/li><\/ul>\t\t\t\t\t\t\t\t<\/div>\n\t\t\t\t\t<\/div>\n\t\t\t\t<\/div>\n\t\t<div class=\"elementor-element elementor-element-5860115 e-flex e-con-boxed elementor-invisible e-con e-child\" data-id=\"5860115\" data-element_type=\"container\" data-e-type=\"container\" data-settings=\"{&quot;animation&quot;:&quot;fadeInUp&quot;}\">\n\t\t\t\t\t<div class=\"e-con-inner\">\n\t\t<div class=\"elementor-element elementor-element-bbfa24e e-con-full e-flex e-con e-child\" data-id=\"bbfa24e\" data-element_type=\"container\" data-e-type=\"container\">\n\t\t\t\t<div class=\"elementor-element elementor-element-a34cb08 elementor-align-center elementor-mobile-align-center elementor-widget elementor-widget-button\" data-id=\"a34cb08\" data-element_type=\"widget\" data-e-type=\"widget\" data-widget_type=\"button.default\">\n\t\t\t\t\t\t\t\t\t\t<a class=\"elementor-button elementor-button-link elementor-size-sm\" href=\"https:\/\/dih4society.ro\/wp-content\/uploads\/2025\/09\/Ghid_Apel_1_Beneficiari_IP_DIH4Society.zip\" target=\"_blank\">\n\t\t\t\t\t\t<span class=\"elementor-button-content-wrapper\">\n\t\t\t\t\t\t\t\t\t<span class=\"elementor-button-text\">Download the full guide<\/span>\n\t\t\t\t\t<\/span>\n\t\t\t\t\t<\/a>\n\t\t\t\t\t\t\t\t<\/div>\n\t\t\t\t<div class=\"elementor-element elementor-element-b3690d5 elementor-align-center elementor-mobile-align-center elementor-widget elementor-widget-button\" data-id=\"b3690d5\" data-element_type=\"widget\" data-e-type=\"widget\" data-widget_type=\"button.default\">\n\t\t\t\t\t\t\t\t\t\t<a class=\"elementor-button elementor-button-link elementor-size-sm\" href=\"https:\/\/dih4society.ro\/en\/formular-apel-1-de-selectie-institutii-publice\/\">\n\t\t\t\t\t\t<span class=\"elementor-button-content-wrapper\">\n\t\t\t\t\t\t\t\t\t<span class=\"elementor-button-text\">Formular de aplicare<\/span>\n\t\t\t\t\t<\/span>\n\t\t\t\t\t<\/a>\n\t\t\t\t\t\t\t\t<\/div>\n\t\t\t\t<div class=\"elementor-element elementor-element-fcb20fd elementor-align-center elementor-mobile-align-center elementor-widget elementor-widget-button\" data-id=\"fcb20fd\" data-element_type=\"widget\" data-e-type=\"widget\" data-widget_type=\"button.default\">\n\t\t\t\t\t\t\t\t\t\t<a class=\"elementor-button elementor-button-link elementor-size-sm\" href=\"https:\/\/dih4society.ro\/en\/descriere-servicii-apel-1-de-selectie-institutii-publice\/\">\n\t\t\t\t\t\t<span class=\"elementor-button-content-wrapper\">\n\t\t\t\t\t\t\t\t\t<span class=\"elementor-button-text\">Descrierea detaliat\u0103 a serviciilor<\/span>\n\t\t\t\t\t<\/span>\n\t\t\t\t\t<\/a>\n\t\t\t\t\t\t\t\t<\/div>\n\t\t\t\t<\/div>\n\t\t\t\t\t<\/div>\n\t\t\t\t<\/div>\n\t\t\t\t<\/div>","protected":false},"excerpt":{"rendered":"<p>DIH4Society lanseaz\u0103 un apel de selec\u021bie pentru Institu\u021biile Publice Locale (IPL) din Regiunea Nord-Vest a Rom\u00e2niei, oferind acces gratuit la servicii de digitalizare, finan\u021bate prin Programul Europa Digital\u0103 \u0219i POCIDIF. Scopul proiectului este de a sprijini transformarea digital\u0103 \u0219i securitatea cibernetic\u0103 a institu\u021biilor publice, cu beneficii variate: de la evaluarea maturit\u0103\u021bii digitale \u0219i arhitectura digital\u0103, [&hellip;]<\/p>\n","protected":false},"author":1,"featured_media":0,"parent":0,"menu_order":0,"comment_status":"closed","ping_status":"closed","template":"","meta":{"footnotes":""},"class_list":["post-882","page","type-page","status-publish","hentry"],"_links":{"self":[{"href":"https:\/\/dih4society.ro\/en\/wp-json\/wp\/v2\/pages\/882","targetHints":{"allow":["GET"]}}],"collection":[{"href":"https:\/\/dih4society.ro\/en\/wp-json\/wp\/v2\/pages"}],"about":[{"href":"https:\/\/dih4society.ro\/en\/wp-json\/wp\/v2\/types\/page"}],"author":[{"embeddable":true,"href":"https:\/\/dih4society.ro\/en\/wp-json\/wp\/v2\/users\/1"}],"replies":[{"embeddable":true,"href":"https:\/\/dih4society.ro\/en\/wp-json\/wp\/v2\/comments?post=882"}],"version-history":[{"count":9,"href":"https:\/\/dih4society.ro\/en\/wp-json\/wp\/v2\/pages\/882\/revisions"}],"predecessor-version":[{"id":1810,"href":"https:\/\/dih4society.ro\/en\/wp-json\/wp\/v2\/pages\/882\/revisions\/1810"}],"wp:attachment":[{"href":"https:\/\/dih4society.ro\/en\/wp-json\/wp\/v2\/media?parent=882"}],"curies":[{"name":"wp","href":"https:\/\/api.w.org\/{rel}","templated":true}]}}